{"id":64239,"date":"2026-02-12T00:00:00","date_gmt":"2026-02-12T00:00:00","guid":{"rendered":"https:\/\/www.movingfitnesswear.com\/catalogo\/?post_type=product&#038;p=64239"},"modified":"2026-03-14T17:53:52","modified_gmt":"2026-03-14T20:53:52","slug":"short-gym-empina-bumbum-curve-exclusivo","status":"publish","type":"product","link":"https:\/\/www.movingfitnesswear.com\/catalogo\/catalog\/short-gym-empina-bumbum-curve-exclusivo\/","title":{"rendered":"SHORT GYM EMPINA BUMBUM CURVE EXCLUSIVO"},"content":{"rendered":"","protected":false},"excerpt":{"rendered":"<p>Gr\u00e1fico na medida, elegante no contraste, \u00e9 o tipo de estampa que n\u00e3o depende de tend\u00eancias para marcar presen\u00e7a. Um desenho que conduz, envolve e cria ritmo com naturalidade. Curve revela seguran\u00e7a, dom\u00ednio e uma est\u00e9tica que n\u00e3o pede permiss\u00e3o.<\/p>\n<p>Conquiste desafios com estilo com nosso Short Gym! Projetado para as amantes de atividades ao ar livre, \u00e9 a escolha perfeita para quem busca conforto sem abrir m\u00e3o do estilo. Seja uma caminhada no parque ou um passeio de bike, nosso short com modelagem \u00fanica \u00e9 seu parceiro confi\u00e1vel. Vista-se com liberdade e domine cada momento com energia e eleg\u00e2ncia.<\/p>\n<p>COMPOSI\u00c7\u00c3O:<br \/>\n83% POLIAMIDA<br \/>\n17% ELASTANO<\/p>\n","protected":false},"featured_media":64240,"template":"","meta":{"_uag_custom_page_level_css":""},"product_brand":[],"product_cat":[60],"product_tag":[2315],"class_list":{"0":"post-64239","1":"product","2":"type-product","3":"status-publish","4":"has-post-thumbnail","6":"product_cat-all-categories","7":"product_tag-short-gym-empina-bumbum-curve-exclusivo","8":"https:\/\/www.youtube.com\/watch?v=SCLklAH3JY8","9":"sales-flash-overlay","10":"woocommerce-text-align-center","11":"woocommerce-image-align-center","12":"do-quantity-buttons","13":"wc-has-gallery","14":"xt_wooqv-pos-before","16":"first","17":"instock","18":"sale","19":"shipping-taxable","20":"purchasable","21":"product-type-variable","22":"has-default-attributes"},"yoast_head":"<!-- This site is optimized with the Yoast SEO plugin v26.5 - https:\/\/yoast.com\/wordpress\/plugins\/seo\/ -->\n<title>SHORT GYM EMPINA BUMBUM CURVE EXCLUSIVO - Moving<\/title>\n<meta name=\"description\" content=\"Confira os \u00faltimos lan\u00e7amentos com o nosso Cat\u00e1logo. Conhec\u0327a a originalidade, identidade e exclusividade da MOVING!\" \/>\n<meta name=\"robots\" content=\"index, follow, max-snippet:-1, max-image-preview:large, max-video-preview:-1\" \/>\n<link rel=\"canonical\" href=\"https:\/\/www.movingfitnesswear.com\/catalogo\/catalog\/short-gym-empina-bumbum-curve-exclusivo\/\" \/>\n<meta property=\"og:locale\" content=\"pt_BR\" \/>\n<meta property=\"og:type\" content=\"article\" \/>\n<meta property=\"og:title\" content=\"SHORT GYM EMPINA BUMBUM CURVE EXCLUSIVO - Moving\" \/>\n<meta property=\"og:description\" content=\"Confira os \u00faltimos lan\u00e7amentos com o nosso Cat\u00e1logo. Conhec\u0327a a originalidade, identidade e exclusividade da MOVING!\" \/>\n<meta property=\"og:url\" content=\"https:\/\/www.movingfitnesswear.com\/catalogo\/catalog\/short-gym-empina-bumbum-curve-exclusivo\/\" \/>\n<meta property=\"og:site_name\" content=\"Moving\" \/>\n<meta property=\"article:modified_time\" content=\"2026-03-14T20:53:52+00:00\" \/>\n<meta property=\"og:image\" content=\"https:\/\/www.movingfitnesswear.com\/catalogo\/wp-content\/uploads\/2026\/02\/curve-short-gym-empina-bumbum-curve-exclusivo-2026-02-25-01-1.jpg\" \/>\n\t<meta property=\"og:image:width\" content=\"2500\" \/>\n\t<meta property=\"og:image:height\" content=\"2500\" \/>\n\t<meta property=\"og:image:type\" content=\"image\/jpeg\" \/>\n<meta name=\"twitter:card\" content=\"summary_large_image\" \/>\n<script type=\"application\/ld+json\" class=\"yoast-schema-graph\">{\"@context\":\"https:\/\/schema.org\",\"@graph\":[{\"@type\":\"WebPage\",\"@id\":\"https:\/\/www.movingfitnesswear.com\/catalogo\/catalog\/short-gym-empina-bumbum-curve-exclusivo\/\",\"url\":\"https:\/\/www.movingfitnesswear.com\/catalogo\/catalog\/short-gym-empina-bumbum-curve-exclusivo\/\",\"name\":\"SHORT GYM EMPINA BUMBUM CURVE EXCLUSIVO - Moving\",\"isPartOf\":{\"@id\":\"https:\/\/www.movingfitnesswear.com\/catalogo\/#website\"},\"primaryImageOfPage\":{\"@id\":\"https:\/\/www.movingfitnesswear.com\/catalogo\/catalog\/short-gym-empina-bumbum-curve-exclusivo\/#primaryimage\"},\"image\":{\"@id\":\"https:\/\/www.movingfitnesswear.com\/catalogo\/catalog\/short-gym-empina-bumbum-curve-exclusivo\/#primaryimage\"},\"thumbnailUrl\":\"https:\/\/www.movingfitnesswear.com\/catalogo\/wp-content\/uploads\/2026\/02\/curve-short-gym-empina-bumbum-curve-exclusivo-2026-02-25-01-1.jpg\",\"datePublished\":\"2026-02-12T00:00:00+00:00\",\"dateModified\":\"2026-03-14T20:53:52+00:00\",\"description\":\"Confira os \u00faltimos lan\u00e7amentos com o nosso Cat\u00e1logo. Conhec\u0327a a originalidade, identidade e exclusividade da MOVING!\",\"breadcrumb\":{\"@id\":\"https:\/\/www.movingfitnesswear.com\/catalogo\/catalog\/short-gym-empina-bumbum-curve-exclusivo\/#breadcrumb\"},\"inLanguage\":\"pt-BR\",\"potentialAction\":[{\"@type\":\"ReadAction\",\"target\":[\"https:\/\/www.movingfitnesswear.com\/catalogo\/catalog\/short-gym-empina-bumbum-curve-exclusivo\/\"]}]},{\"@type\":\"ImageObject\",\"inLanguage\":\"pt-BR\",\"@id\":\"https:\/\/www.movingfitnesswear.com\/catalogo\/catalog\/short-gym-empina-bumbum-curve-exclusivo\/#primaryimage\",\"url\":\"https:\/\/www.movingfitnesswear.com\/catalogo\/wp-content\/uploads\/2026\/02\/curve-short-gym-empina-bumbum-curve-exclusivo-2026-02-25-01-1.jpg\",\"contentUrl\":\"https:\/\/www.movingfitnesswear.com\/catalogo\/wp-content\/uploads\/2026\/02\/curve-short-gym-empina-bumbum-curve-exclusivo-2026-02-25-01-1.jpg\",\"width\":2500,\"height\":2500},{\"@type\":\"BreadcrumbList\",\"@id\":\"https:\/\/www.movingfitnesswear.com\/catalogo\/catalog\/short-gym-empina-bumbum-curve-exclusivo\/#breadcrumb\",\"itemListElement\":[{\"@type\":\"ListItem\",\"position\":1,\"name\":\"In\u00edcio\",\"item\":\"https:\/\/www.movingfitnesswear.com\/catalogo\/\"},{\"@type\":\"ListItem\",\"position\":2,\"name\":\"Cat\u00e1logo\",\"item\":\"https:\/\/www.movingfitnesswear.com\/catalogo\/catalog\/\"},{\"@type\":\"ListItem\",\"position\":3,\"name\":\"SHORT GYM EMPINA BUMBUM CURVE EXCLUSIVO\"}]},{\"@type\":\"WebSite\",\"@id\":\"https:\/\/www.movingfitnesswear.com\/catalogo\/#website\",\"url\":\"https:\/\/www.movingfitnesswear.com\/catalogo\/\",\"name\":\"Moving\",\"description\":\"\",\"publisher\":{\"@id\":\"https:\/\/www.movingfitnesswear.com\/catalogo\/#organization\"},\"potentialAction\":[{\"@type\":\"SearchAction\",\"target\":{\"@type\":\"EntryPoint\",\"urlTemplate\":\"https:\/\/www.movingfitnesswear.com\/catalogo\/?s={search_term_string}\"},\"query-input\":{\"@type\":\"PropertyValueSpecification\",\"valueRequired\":true,\"valueName\":\"search_term_string\"}}],\"inLanguage\":\"pt-BR\"},{\"@type\":\"Organization\",\"@id\":\"https:\/\/www.movingfitnesswear.com\/catalogo\/#organization\",\"name\":\"Moving Fitness Wear\",\"url\":\"https:\/\/www.movingfitnesswear.com\/catalogo\/\",\"logo\":{\"@type\":\"ImageObject\",\"inLanguage\":\"pt-BR\",\"@id\":\"https:\/\/www.movingfitnesswear.com\/catalogo\/#\/schema\/logo\/image\/\",\"url\":\"https:\/\/www.movingfitnesswear.com\/wp-content\/uploads\/2021\/07\/logo.jpg\",\"contentUrl\":\"https:\/\/www.movingfitnesswear.com\/wp-content\/uploads\/2021\/07\/logo.jpg\",\"width\":650,\"height\":650,\"caption\":\"Moving Fitness Wear\"},\"image\":{\"@id\":\"https:\/\/www.movingfitnesswear.com\/catalogo\/#\/schema\/logo\/image\/\"}}]}<\/script>\n<!-- \/ Yoast SEO plugin. -->","yoast_head_json":{"title":"SHORT GYM EMPINA BUMBUM CURVE EXCLUSIVO - Moving","description":"Confira os \u00faltimos lan\u00e7amentos com o nosso Cat\u00e1logo. Conhec\u0327a a originalidade, identidade e exclusividade da MOVING!","robots":{"index":"index","follow":"follow","max-snippet":"max-snippet:-1","max-image-preview":"max-image-preview:large","max-video-preview":"max-video-preview:-1"},"canonical":"https:\/\/www.movingfitnesswear.com\/catalogo\/catalog\/short-gym-empina-bumbum-curve-exclusivo\/","og_locale":"pt_BR","og_type":"article","og_title":"SHORT GYM EMPINA BUMBUM CURVE EXCLUSIVO - Moving","og_description":"Confira os \u00faltimos lan\u00e7amentos com o nosso Cat\u00e1logo. Conhec\u0327a a originalidade, identidade e exclusividade da MOVING!","og_url":"https:\/\/www.movingfitnesswear.com\/catalogo\/catalog\/short-gym-empina-bumbum-curve-exclusivo\/","og_site_name":"Moving","article_modified_time":"2026-03-14T20:53:52+00:00","og_image":[{"width":2500,"height":2500,"url":"https:\/\/www.movingfitnesswear.com\/catalogo\/wp-content\/uploads\/2026\/02\/curve-short-gym-empina-bumbum-curve-exclusivo-2026-02-25-01-1.jpg","type":"image\/jpeg"}],"twitter_card":"summary_large_image","schema":{"@context":"https:\/\/schema.org","@graph":[{"@type":"WebPage","@id":"https:\/\/www.movingfitnesswear.com\/catalogo\/catalog\/short-gym-empina-bumbum-curve-exclusivo\/","url":"https:\/\/www.movingfitnesswear.com\/catalogo\/catalog\/short-gym-empina-bumbum-curve-exclusivo\/","name":"SHORT GYM EMPINA BUMBUM CURVE EXCLUSIVO - Moving","isPartOf":{"@id":"https:\/\/www.movingfitnesswear.com\/catalogo\/#website"},"primaryImageOfPage":{"@id":"https:\/\/www.movingfitnesswear.com\/catalogo\/catalog\/short-gym-empina-bumbum-curve-exclusivo\/#primaryimage"},"image":{"@id":"https:\/\/www.movingfitnesswear.com\/catalogo\/catalog\/short-gym-empina-bumbum-curve-exclusivo\/#primaryimage"},"thumbnailUrl":"https:\/\/www.movingfitnesswear.com\/catalogo\/wp-content\/uploads\/2026\/02\/curve-short-gym-empina-bumbum-curve-exclusivo-2026-02-25-01-1.jpg","datePublished":"2026-02-12T00:00:00+00:00","dateModified":"2026-03-14T20:53:52+00:00","description":"Confira os \u00faltimos lan\u00e7amentos com o nosso Cat\u00e1logo. Conhec\u0327a a originalidade, identidade e exclusividade da MOVING!","breadcrumb":{"@id":"https:\/\/www.movingfitnesswear.com\/catalogo\/catalog\/short-gym-empina-bumbum-curve-exclusivo\/#breadcrumb"},"inLanguage":"pt-BR","potentialAction":[{"@type":"ReadAction","target":["https:\/\/www.movingfitnesswear.com\/catalogo\/catalog\/short-gym-empina-bumbum-curve-exclusivo\/"]}]},{"@type":"ImageObject","inLanguage":"pt-BR","@id":"https:\/\/www.movingfitnesswear.com\/catalogo\/catalog\/short-gym-empina-bumbum-curve-exclusivo\/#primaryimage","url":"https:\/\/www.movingfitnesswear.com\/catalogo\/wp-content\/uploads\/2026\/02\/curve-short-gym-empina-bumbum-curve-exclusivo-2026-02-25-01-1.jpg","contentUrl":"https:\/\/www.movingfitnesswear.com\/catalogo\/wp-content\/uploads\/2026\/02\/curve-short-gym-empina-bumbum-curve-exclusivo-2026-02-25-01-1.jpg","width":2500,"height":2500},{"@type":"BreadcrumbList","@id":"https:\/\/www.movingfitnesswear.com\/catalogo\/catalog\/short-gym-empina-bumbum-curve-exclusivo\/#breadcrumb","itemListElement":[{"@type":"ListItem","position":1,"name":"In\u00edcio","item":"https:\/\/www.movingfitnesswear.com\/catalogo\/"},{"@type":"ListItem","position":2,"name":"Cat\u00e1logo","item":"https:\/\/www.movingfitnesswear.com\/catalogo\/catalog\/"},{"@type":"ListItem","position":3,"name":"SHORT GYM EMPINA BUMBUM CURVE EXCLUSIVO"}]},{"@type":"WebSite","@id":"https:\/\/www.movingfitnesswear.com\/catalogo\/#website","url":"https:\/\/www.movingfitnesswear.com\/catalogo\/","name":"Moving","description":"","publisher":{"@id":"https:\/\/www.movingfitnesswear.com\/catalogo\/#organization"},"potentialAction":[{"@type":"SearchAction","target":{"@type":"EntryPoint","urlTemplate":"https:\/\/www.movingfitnesswear.com\/catalogo\/?s={search_term_string}"},"query-input":{"@type":"PropertyValueSpecification","valueRequired":true,"valueName":"search_term_string"}}],"inLanguage":"pt-BR"},{"@type":"Organization","@id":"https:\/\/www.movingfitnesswear.com\/catalogo\/#organization","name":"Moving Fitness Wear","url":"https:\/\/www.movingfitnesswear.com\/catalogo\/","logo":{"@type":"ImageObject","inLanguage":"pt-BR","@id":"https:\/\/www.movingfitnesswear.com\/catalogo\/#\/schema\/logo\/image\/","url":"https:\/\/www.movingfitnesswear.com\/wp-content\/uploads\/2021\/07\/logo.jpg","contentUrl":"https:\/\/www.movingfitnesswear.com\/wp-content\/uploads\/2021\/07\/logo.jpg","width":650,"height":650,"caption":"Moving Fitness Wear"},"image":{"@id":"https:\/\/www.movingfitnesswear.com\/catalogo\/#\/schema\/logo\/image\/"}}]}},"uagb_featured_image_src":{"full":["https:\/\/www.movingfitnesswear.com\/catalogo\/wp-content\/uploads\/2026\/02\/curve-short-gym-empina-bumbum-curve-exclusivo-2026-02-25-01-1.jpg",2500,2500,false],"thumbnail":["https:\/\/www.movingfitnesswear.com\/catalogo\/wp-content\/uploads\/2026\/02\/curve-short-gym-empina-bumbum-curve-exclusivo-2026-02-25-01-1.jpg",150,150,false],"medium":["https:\/\/www.movingfitnesswear.com\/catalogo\/wp-content\/uploads\/2026\/02\/curve-short-gym-empina-bumbum-curve-exclusivo-2026-02-25-01-1.jpg",300,300,false],"medium_large":["https:\/\/www.movingfitnesswear.com\/catalogo\/wp-content\/uploads\/2026\/02\/curve-short-gym-empina-bumbum-curve-exclusivo-2026-02-25-01-1.jpg",768,768,false],"large":["https:\/\/www.movingfitnesswear.com\/catalogo\/wp-content\/uploads\/2026\/02\/curve-short-gym-empina-bumbum-curve-exclusivo-2026-02-25-01-1.jpg",1900,1900,false],"1536x1536":["https:\/\/www.movingfitnesswear.com\/catalogo\/wp-content\/uploads\/2026\/02\/curve-short-gym-empina-bumbum-curve-exclusivo-2026-02-25-01-1.jpg",1536,1536,false],"2048x2048":["https:\/\/www.movingfitnesswear.com\/catalogo\/wp-content\/uploads\/2026\/02\/curve-short-gym-empina-bumbum-curve-exclusivo-2026-02-25-01-1.jpg",2048,2048,false],"woocommerce_thumbnail":["https:\/\/www.movingfitnesswear.com\/catalogo\/wp-content\/uploads\/2026\/02\/curve-short-gym-empina-bumbum-curve-exclusivo-2026-02-25-01-1-375x375.jpg",375,375,true],"woocommerce_single":["https:\/\/www.movingfitnesswear.com\/catalogo\/wp-content\/uploads\/2026\/02\/curve-short-gym-empina-bumbum-curve-exclusivo-2026-02-25-01-1-600x600.jpg",600,600,true],"woocommerce_gallery_thumbnail":["https:\/\/www.movingfitnesswear.com\/catalogo\/wp-content\/uploads\/2026\/02\/curve-short-gym-empina-bumbum-curve-exclusivo-2026-02-25-01-1-100x100.jpg",100,100,true],"dgwt-wcas-product-suggestion":["https:\/\/www.movingfitnesswear.com\/catalogo\/wp-content\/uploads\/2026\/02\/curve-short-gym-empina-bumbum-curve-exclusivo-2026-02-25-01-1-64x64.jpg",64,64,true]},"uagb_author_info":{"display_name":"Kelwin Pereira Mello","author_link":"https:\/\/www.movingfitnesswear.com\/catalogo\/author\/"},"uagb_comment_info":0,"uagb_excerpt":"Gr\u00e1fico na medida, elegante no contraste, \u00e9 o tipo de estampa que n\u00e3o depende de tend\u00eancias para marcar presen\u00e7a. Um desenho que conduz, envolve e cria ritmo com naturalidade. Curve revela seguran\u00e7a, dom\u00ednio e uma est\u00e9tica que n\u00e3o pede permiss\u00e3o. Conquiste desafios com estilo com nosso Short Gym! Projetado para as amantes de atividades ao&hellip;","_links":{"self":[{"href":"https:\/\/www.movingfitnesswear.com\/catalogo\/wp-json\/wp\/v2\/product\/64239","targetHints":{"allow":["GET"]}}],"collection":[{"href":"https:\/\/www.movingfitnesswear.com\/catalogo\/wp-json\/wp\/v2\/product"}],"about":[{"href":"https:\/\/www.movingfitnesswear.com\/catalogo\/wp-json\/wp\/v2\/types\/product"}],"wp:featuredmedia":[{"embeddable":true,"href":"https:\/\/www.movingfitnesswear.com\/catalogo\/wp-json\/wp\/v2\/media\/64240"}],"wp:attachment":[{"href":"https:\/\/www.movingfitnesswear.com\/catalogo\/wp-json\/wp\/v2\/media?parent=64239"}],"wp:term":[{"taxonomy":"product_brand","embeddable":true,"href":"https:\/\/www.movingfitnesswear.com\/catalogo\/wp-json\/wp\/v2\/product_brand?post=64239"},{"taxonomy":"product_cat","embeddable":true,"href":"https:\/\/www.movingfitnesswear.com\/catalogo\/wp-json\/wp\/v2\/product_cat?post=64239"},{"taxonomy":"product_tag","embeddable":true,"href":"https:\/\/www.movingfitnesswear.com\/catalogo\/wp-json\/wp\/v2\/product_tag?post=64239"}],"curies":[{"name":"wp","href":"https:\/\/api.w.org\/{rel}","templated":true}]}}