{"id":57999,"date":"2025-07-04T21:00:00","date_gmt":"2025-07-05T00:00:00","guid":{"rendered":"https:\/\/www.movingfitnesswear.com\/catalogo\/?post_type=product&#038;p=57999"},"modified":"2025-11-18T18:28:12","modified_gmt":"2025-11-18T21:28:12","slug":"cropped-carmel-jacquard-savoir-terra","status":"publish","type":"product","link":"https:\/\/www.movingfitnesswear.com\/catalogo\/catalog\/cropped-carmel-jacquard-savoir-terra\/","title":{"rendered":"CROPPED CARMEL JACQUARD SAVOIR TERRA"},"content":{"rendered":"","protected":false},"excerpt":{"rendered":"<p>Saber o que se veste \u00e9 come\u00e7ar pelo sentimento. O tom escuro, levemente terroso, revela um lado mais \u00edntimo e sofisticado. Com textura marcante e caimento que envolve, Jacquard Savoir Terra foi criada para quem conhece a for\u00e7a dos sil\u00eancios e entende que o poder tamb\u00e9m pode ser suave. \u00c9 sobre presen\u00e7a com inten\u00e7\u00e3o, revelada nos detalhes.<\/p>\n<p>Com mangas curtas e gola alta, o Cropped Carmel combina eleg\u00e2ncia e versatilidade em uma pe\u00e7a atemporal. Perfeito para quem busca um visual casual, mas refinado, ele transita facilmente entre ocasi\u00f5es, garantindo um toque sofisticado em qualquer produ\u00e7\u00e3o. Um essencial no guarda-roupa de quem valoriza design minimalista com presen\u00e7a marcante.<\/p>\n<p>COMPOSI\u00c7\u00c3O:<br \/>\n94% POLIAMIDA<br \/>\n6% ELASTANO<\/p>\n","protected":false},"featured_media":57792,"template":"","meta":{"_uag_custom_page_level_css":""},"product_brand":[],"product_cat":[128],"product_tag":[2146,2152,2213,2214],"class_list":{"0":"post-57999","1":"product","2":"type-product","3":"status-publish","4":"has-post-thumbnail","6":"product_cat-top_solid","7":"product_tag-colecao-instinto","8":"product_tag-jacquard-savoir-terra","9":"product_tag-outlet","10":"product_tag-outlet-blue","11":"","12":"sales-flash-overlay","13":"woocommerce-text-align-center","14":"woocommerce-image-align-center","15":"do-quantity-buttons","16":"wc-has-gallery","17":"xt_wooqv-pos-before","19":"first","20":"outofstock","21":"sale","22":"shipping-taxable","23":"purchasable","24":"product-type-simple"},"yoast_head":"<!-- This site is optimized with the Yoast SEO plugin v26.5 - https:\/\/yoast.com\/wordpress\/plugins\/seo\/ -->\n<title>CROPPED CARMEL JACQUARD SAVOIR TERRA - Moving<\/title>\n<meta name=\"description\" content=\"Confira os \u00faltimos lan\u00e7amentos com o nosso Cat\u00e1logo. Conhec\u0327a a originalidade, identidade e exclusividade da MOVING!\" \/>\n<meta name=\"robots\" content=\"index, follow, max-snippet:-1, max-image-preview:large, max-video-preview:-1\" \/>\n<link rel=\"canonical\" href=\"https:\/\/www.movingfitnesswear.com\/catalogo\/catalog\/cropped-carmel-jacquard-savoir-terra\/\" \/>\n<meta property=\"og:locale\" content=\"pt_BR\" \/>\n<meta property=\"og:type\" content=\"article\" \/>\n<meta property=\"og:title\" content=\"CROPPED CARMEL JACQUARD SAVOIR TERRA - Moving\" \/>\n<meta property=\"og:description\" content=\"Confira os \u00faltimos lan\u00e7amentos com o nosso Cat\u00e1logo. Conhec\u0327a a originalidade, identidade e exclusividade da MOVING!\" \/>\n<meta property=\"og:url\" content=\"https:\/\/www.movingfitnesswear.com\/catalogo\/catalog\/cropped-carmel-jacquard-savoir-terra\/\" \/>\n<meta property=\"og:site_name\" content=\"Moving\" \/>\n<meta property=\"article:modified_time\" content=\"2025-11-18T21:28:12+00:00\" \/>\n<meta property=\"og:image\" content=\"https:\/\/www.movingfitnesswear.com\/catalogo\/wp-content\/uploads\/2025\/07\/jacquard-savoir-terra-cropped-carmel-jacquard-savoir-terra-2025-07-07-01.jpg\" \/>\n\t<meta property=\"og:image:width\" content=\"1943\" \/>\n\t<meta property=\"og:image:height\" content=\"1943\" \/>\n\t<meta property=\"og:image:type\" content=\"image\/jpeg\" \/>\n<meta name=\"twitter:card\" content=\"summary_large_image\" \/>\n<script type=\"application\/ld+json\" class=\"yoast-schema-graph\">{\"@context\":\"https:\/\/schema.org\",\"@graph\":[{\"@type\":\"WebPage\",\"@id\":\"https:\/\/www.movingfitnesswear.com\/catalogo\/catalog\/cropped-carmel-jacquard-savoir-terra\/\",\"url\":\"https:\/\/www.movingfitnesswear.com\/catalogo\/catalog\/cropped-carmel-jacquard-savoir-terra\/\",\"name\":\"CROPPED CARMEL JACQUARD SAVOIR TERRA - Moving\",\"isPartOf\":{\"@id\":\"https:\/\/www.movingfitnesswear.com\/catalogo\/#website\"},\"primaryImageOfPage\":{\"@id\":\"https:\/\/www.movingfitnesswear.com\/catalogo\/catalog\/cropped-carmel-jacquard-savoir-terra\/#primaryimage\"},\"image\":{\"@id\":\"https:\/\/www.movingfitnesswear.com\/catalogo\/catalog\/cropped-carmel-jacquard-savoir-terra\/#primaryimage\"},\"thumbnailUrl\":\"https:\/\/www.movingfitnesswear.com\/catalogo\/wp-content\/uploads\/2025\/07\/jacquard-savoir-terra-cropped-carmel-jacquard-savoir-terra-2025-07-07-01.jpg\",\"datePublished\":\"2025-07-05T00:00:00+00:00\",\"dateModified\":\"2025-11-18T21:28:12+00:00\",\"description\":\"Confira os \u00faltimos lan\u00e7amentos com o nosso Cat\u00e1logo. Conhec\u0327a a originalidade, identidade e exclusividade da MOVING!\",\"breadcrumb\":{\"@id\":\"https:\/\/www.movingfitnesswear.com\/catalogo\/catalog\/cropped-carmel-jacquard-savoir-terra\/#breadcrumb\"},\"inLanguage\":\"pt-BR\",\"potentialAction\":[{\"@type\":\"ReadAction\",\"target\":[\"https:\/\/www.movingfitnesswear.com\/catalogo\/catalog\/cropped-carmel-jacquard-savoir-terra\/\"]}]},{\"@type\":\"ImageObject\",\"inLanguage\":\"pt-BR\",\"@id\":\"https:\/\/www.movingfitnesswear.com\/catalogo\/catalog\/cropped-carmel-jacquard-savoir-terra\/#primaryimage\",\"url\":\"https:\/\/www.movingfitnesswear.com\/catalogo\/wp-content\/uploads\/2025\/07\/jacquard-savoir-terra-cropped-carmel-jacquard-savoir-terra-2025-07-07-01.jpg\",\"contentUrl\":\"https:\/\/www.movingfitnesswear.com\/catalogo\/wp-content\/uploads\/2025\/07\/jacquard-savoir-terra-cropped-carmel-jacquard-savoir-terra-2025-07-07-01.jpg\",\"width\":1943,\"height\":1943},{\"@type\":\"BreadcrumbList\",\"@id\":\"https:\/\/www.movingfitnesswear.com\/catalogo\/catalog\/cropped-carmel-jacquard-savoir-terra\/#breadcrumb\",\"itemListElement\":[{\"@type\":\"ListItem\",\"position\":1,\"name\":\"In\u00edcio\",\"item\":\"https:\/\/www.movingfitnesswear.com\/catalogo\/\"},{\"@type\":\"ListItem\",\"position\":2,\"name\":\"Cat\u00e1logo\",\"item\":\"https:\/\/www.movingfitnesswear.com\/catalogo\/catalog\/\"},{\"@type\":\"ListItem\",\"position\":3,\"name\":\"CROPPED CARMEL JACQUARD SAVOIR TERRA\"}]},{\"@type\":\"WebSite\",\"@id\":\"https:\/\/www.movingfitnesswear.com\/catalogo\/#website\",\"url\":\"https:\/\/www.movingfitnesswear.com\/catalogo\/\",\"name\":\"Moving\",\"description\":\"\",\"publisher\":{\"@id\":\"https:\/\/www.movingfitnesswear.com\/catalogo\/#organization\"},\"potentialAction\":[{\"@type\":\"SearchAction\",\"target\":{\"@type\":\"EntryPoint\",\"urlTemplate\":\"https:\/\/www.movingfitnesswear.com\/catalogo\/?s={search_term_string}\"},\"query-input\":{\"@type\":\"PropertyValueSpecification\",\"valueRequired\":true,\"valueName\":\"search_term_string\"}}],\"inLanguage\":\"pt-BR\"},{\"@type\":\"Organization\",\"@id\":\"https:\/\/www.movingfitnesswear.com\/catalogo\/#organization\",\"name\":\"Moving Fitness Wear\",\"url\":\"https:\/\/www.movingfitnesswear.com\/catalogo\/\",\"logo\":{\"@type\":\"ImageObject\",\"inLanguage\":\"pt-BR\",\"@id\":\"https:\/\/www.movingfitnesswear.com\/catalogo\/#\/schema\/logo\/image\/\",\"url\":\"https:\/\/www.movingfitnesswear.com\/wp-content\/uploads\/2021\/07\/logo.jpg\",\"contentUrl\":\"https:\/\/www.movingfitnesswear.com\/wp-content\/uploads\/2021\/07\/logo.jpg\",\"width\":650,\"height\":650,\"caption\":\"Moving Fitness Wear\"},\"image\":{\"@id\":\"https:\/\/www.movingfitnesswear.com\/catalogo\/#\/schema\/logo\/image\/\"}}]}<\/script>\n<!-- \/ Yoast SEO plugin. -->","yoast_head_json":{"title":"CROPPED CARMEL JACQUARD SAVOIR TERRA - Moving","description":"Confira os \u00faltimos lan\u00e7amentos com o nosso Cat\u00e1logo. Conhec\u0327a a originalidade, identidade e exclusividade da MOVING!","robots":{"index":"index","follow":"follow","max-snippet":"max-snippet:-1","max-image-preview":"max-image-preview:large","max-video-preview":"max-video-preview:-1"},"canonical":"https:\/\/www.movingfitnesswear.com\/catalogo\/catalog\/cropped-carmel-jacquard-savoir-terra\/","og_locale":"pt_BR","og_type":"article","og_title":"CROPPED CARMEL JACQUARD SAVOIR TERRA - Moving","og_description":"Confira os \u00faltimos lan\u00e7amentos com o nosso Cat\u00e1logo. Conhec\u0327a a originalidade, identidade e exclusividade da MOVING!","og_url":"https:\/\/www.movingfitnesswear.com\/catalogo\/catalog\/cropped-carmel-jacquard-savoir-terra\/","og_site_name":"Moving","article_modified_time":"2025-11-18T21:28:12+00:00","og_image":[{"width":1943,"height":1943,"url":"https:\/\/www.movingfitnesswear.com\/catalogo\/wp-content\/uploads\/2025\/07\/jacquard-savoir-terra-cropped-carmel-jacquard-savoir-terra-2025-07-07-01.jpg","type":"image\/jpeg"}],"twitter_card":"summary_large_image","schema":{"@context":"https:\/\/schema.org","@graph":[{"@type":"WebPage","@id":"https:\/\/www.movingfitnesswear.com\/catalogo\/catalog\/cropped-carmel-jacquard-savoir-terra\/","url":"https:\/\/www.movingfitnesswear.com\/catalogo\/catalog\/cropped-carmel-jacquard-savoir-terra\/","name":"CROPPED CARMEL JACQUARD SAVOIR TERRA - Moving","isPartOf":{"@id":"https:\/\/www.movingfitnesswear.com\/catalogo\/#website"},"primaryImageOfPage":{"@id":"https:\/\/www.movingfitnesswear.com\/catalogo\/catalog\/cropped-carmel-jacquard-savoir-terra\/#primaryimage"},"image":{"@id":"https:\/\/www.movingfitnesswear.com\/catalogo\/catalog\/cropped-carmel-jacquard-savoir-terra\/#primaryimage"},"thumbnailUrl":"https:\/\/www.movingfitnesswear.com\/catalogo\/wp-content\/uploads\/2025\/07\/jacquard-savoir-terra-cropped-carmel-jacquard-savoir-terra-2025-07-07-01.jpg","datePublished":"2025-07-05T00:00:00+00:00","dateModified":"2025-11-18T21:28:12+00:00","description":"Confira os \u00faltimos lan\u00e7amentos com o nosso Cat\u00e1logo. Conhec\u0327a a originalidade, identidade e exclusividade da MOVING!","breadcrumb":{"@id":"https:\/\/www.movingfitnesswear.com\/catalogo\/catalog\/cropped-carmel-jacquard-savoir-terra\/#breadcrumb"},"inLanguage":"pt-BR","potentialAction":[{"@type":"ReadAction","target":["https:\/\/www.movingfitnesswear.com\/catalogo\/catalog\/cropped-carmel-jacquard-savoir-terra\/"]}]},{"@type":"ImageObject","inLanguage":"pt-BR","@id":"https:\/\/www.movingfitnesswear.com\/catalogo\/catalog\/cropped-carmel-jacquard-savoir-terra\/#primaryimage","url":"https:\/\/www.movingfitnesswear.com\/catalogo\/wp-content\/uploads\/2025\/07\/jacquard-savoir-terra-cropped-carmel-jacquard-savoir-terra-2025-07-07-01.jpg","contentUrl":"https:\/\/www.movingfitnesswear.com\/catalogo\/wp-content\/uploads\/2025\/07\/jacquard-savoir-terra-cropped-carmel-jacquard-savoir-terra-2025-07-07-01.jpg","width":1943,"height":1943},{"@type":"BreadcrumbList","@id":"https:\/\/www.movingfitnesswear.com\/catalogo\/catalog\/cropped-carmel-jacquard-savoir-terra\/#breadcrumb","itemListElement":[{"@type":"ListItem","position":1,"name":"In\u00edcio","item":"https:\/\/www.movingfitnesswear.com\/catalogo\/"},{"@type":"ListItem","position":2,"name":"Cat\u00e1logo","item":"https:\/\/www.movingfitnesswear.com\/catalogo\/catalog\/"},{"@type":"ListItem","position":3,"name":"CROPPED CARMEL JACQUARD SAVOIR TERRA"}]},{"@type":"WebSite","@id":"https:\/\/www.movingfitnesswear.com\/catalogo\/#website","url":"https:\/\/www.movingfitnesswear.com\/catalogo\/","name":"Moving","description":"","publisher":{"@id":"https:\/\/www.movingfitnesswear.com\/catalogo\/#organization"},"potentialAction":[{"@type":"SearchAction","target":{"@type":"EntryPoint","urlTemplate":"https:\/\/www.movingfitnesswear.com\/catalogo\/?s={search_term_string}"},"query-input":{"@type":"PropertyValueSpecification","valueRequired":true,"valueName":"search_term_string"}}],"inLanguage":"pt-BR"},{"@type":"Organization","@id":"https:\/\/www.movingfitnesswear.com\/catalogo\/#organization","name":"Moving Fitness Wear","url":"https:\/\/www.movingfitnesswear.com\/catalogo\/","logo":{"@type":"ImageObject","inLanguage":"pt-BR","@id":"https:\/\/www.movingfitnesswear.com\/catalogo\/#\/schema\/logo\/image\/","url":"https:\/\/www.movingfitnesswear.com\/wp-content\/uploads\/2021\/07\/logo.jpg","contentUrl":"https:\/\/www.movingfitnesswear.com\/wp-content\/uploads\/2021\/07\/logo.jpg","width":650,"height":650,"caption":"Moving Fitness Wear"},"image":{"@id":"https:\/\/www.movingfitnesswear.com\/catalogo\/#\/schema\/logo\/image\/"}}]}},"uagb_featured_image_src":{"full":["https:\/\/www.movingfitnesswear.com\/catalogo\/wp-content\/uploads\/2025\/07\/jacquard-savoir-terra-cropped-carmel-jacquard-savoir-terra-2025-07-07-01.jpg",1943,1943,false],"thumbnail":["https:\/\/www.movingfitnesswear.com\/catalogo\/wp-content\/uploads\/2025\/07\/jacquard-savoir-terra-cropped-carmel-jacquard-savoir-terra-2025-07-07-01-150x150.jpg",150,150,true],"medium":["https:\/\/www.movingfitnesswear.com\/catalogo\/wp-content\/uploads\/2025\/07\/jacquard-savoir-terra-cropped-carmel-jacquard-savoir-terra-2025-07-07-01-300x300.jpg",300,300,true],"medium_large":["https:\/\/www.movingfitnesswear.com\/catalogo\/wp-content\/uploads\/2025\/07\/jacquard-savoir-terra-cropped-carmel-jacquard-savoir-terra-2025-07-07-01-768x768.jpg",768,768,true],"large":["https:\/\/www.movingfitnesswear.com\/catalogo\/wp-content\/uploads\/2025\/07\/jacquard-savoir-terra-cropped-carmel-jacquard-savoir-terra-2025-07-07-01-1900x1900.jpg",1900,1900,true],"1536x1536":["https:\/\/www.movingfitnesswear.com\/catalogo\/wp-content\/uploads\/2025\/07\/jacquard-savoir-terra-cropped-carmel-jacquard-savoir-terra-2025-07-07-01-1536x1536.jpg",1536,1536,true],"2048x2048":["https:\/\/www.movingfitnesswear.com\/catalogo\/wp-content\/uploads\/2025\/07\/jacquard-savoir-terra-cropped-carmel-jacquard-savoir-terra-2025-07-07-01.jpg",1943,1943,false],"woocommerce_thumbnail":["https:\/\/www.movingfitnesswear.com\/catalogo\/wp-content\/uploads\/2025\/07\/jacquard-savoir-terra-cropped-carmel-jacquard-savoir-terra-2025-07-07-01-375x375.jpg",375,375,true],"woocommerce_single":["https:\/\/www.movingfitnesswear.com\/catalogo\/wp-content\/uploads\/2025\/07\/jacquard-savoir-terra-cropped-carmel-jacquard-savoir-terra-2025-07-07-01-600x600.jpg",600,600,true],"woocommerce_gallery_thumbnail":["https:\/\/www.movingfitnesswear.com\/catalogo\/wp-content\/uploads\/2025\/07\/jacquard-savoir-terra-cropped-carmel-jacquard-savoir-terra-2025-07-07-01-100x100.jpg",100,100,true],"dgwt-wcas-product-suggestion":["https:\/\/www.movingfitnesswear.com\/catalogo\/wp-content\/uploads\/2025\/07\/jacquard-savoir-terra-cropped-carmel-jacquard-savoir-terra-2025-07-07-01-64x64.jpg",64,64,true]},"uagb_author_info":{"display_name":"Kelwin Pereira Mello","author_link":"https:\/\/www.movingfitnesswear.com\/catalogo\/author\/"},"uagb_comment_info":0,"uagb_excerpt":"Saber o que se veste \u00e9 come\u00e7ar pelo sentimento. O tom escuro, levemente terroso, revela um lado mais \u00edntimo e sofisticado. Com textura marcante e caimento que envolve, Jacquard Savoir Terra foi criada para quem conhece a for\u00e7a dos sil\u00eancios e entende que o poder tamb\u00e9m pode ser suave. \u00c9 sobre presen\u00e7a com inten\u00e7\u00e3o, revelada&hellip;","_links":{"self":[{"href":"https:\/\/www.movingfitnesswear.com\/catalogo\/wp-json\/wp\/v2\/product\/57999","targetHints":{"allow":["GET"]}}],"collection":[{"href":"https:\/\/www.movingfitnesswear.com\/catalogo\/wp-json\/wp\/v2\/product"}],"about":[{"href":"https:\/\/www.movingfitnesswear.com\/catalogo\/wp-json\/wp\/v2\/types\/product"}],"wp:featuredmedia":[{"embeddable":true,"href":"https:\/\/www.movingfitnesswear.com\/catalogo\/wp-json\/wp\/v2\/media\/57792"}],"wp:attachment":[{"href":"https:\/\/www.movingfitnesswear.com\/catalogo\/wp-json\/wp\/v2\/media?parent=57999"}],"wp:term":[{"taxonomy":"product_brand","embeddable":true,"href":"https:\/\/www.movingfitnesswear.com\/catalogo\/wp-json\/wp\/v2\/product_brand?post=57999"},{"taxonomy":"product_cat","embeddable":true,"href":"https:\/\/www.movingfitnesswear.com\/catalogo\/wp-json\/wp\/v2\/product_cat?post=57999"},{"taxonomy":"product_tag","embeddable":true,"href":"https:\/\/www.movingfitnesswear.com\/catalogo\/wp-json\/wp\/v2\/product_tag?post=57999"}],"curies":[{"name":"wp","href":"https:\/\/api.w.org\/{rel}","templated":true}]}}