{"id":57314,"date":"2025-06-10T00:00:00","date_gmt":"2025-06-10T00:00:00","guid":{"rendered":"https:\/\/www.movingfitnesswear.com\/catalogo\/?post_type=product&#038;p=57314"},"modified":"2025-06-30T15:37:56","modified_gmt":"2025-06-30T18:37:56","slug":"short-gym-empina-bumbum-nyra-exclusivo","status":"publish","type":"product","link":"https:\/\/www.movingfitnesswear.com\/catalogo\/catalog\/short-gym-empina-bumbum-nyra-exclusivo\/","title":{"rendered":"SHORT GYM EMPINA BUMBUM NYRA EXCLUSIVO"},"content":{"rendered":"","protected":false},"excerpt":{"rendered":"<p>Intensa, enigm\u00e1tica, inconfund\u00edvel. \u00c9 a fus\u00e3o perfeita entre instinto e sofistica\u00e7\u00e3o, em que a for\u00e7a selvagem se encontra com a delicadeza em nuances de rosa. Carregando a ess\u00eancia africana de um nome que atravessa culturas e simboliza a beleza da noite, Nyra traduz autenticidade em cada detalhe. A verdadeira for\u00e7a n\u00e3o precisa escolher entre delicadeza e poder \u2014 ela une os dois em uma s\u00f3 ess\u00eancia.<\/p>\n<p>Conquiste desafios com estilo com nosso Short Gym! Projetado para as amantes de atividades ao ar livre, \u00e9 a escolha perfeita para quem busca conforto sem abrir m\u00e3o do estilo. Seja uma caminhada no parque ou um passeio de bike, nosso short com modelagem \u00fanica \u00e9 seu parceiro confi\u00e1vel. Vista-se com liberdade e domine cada momento com energia e eleg\u00e2ncia.<\/p>\n<p>Composi\u00e7\u00e3o:<br \/>\n83% POLIAMIDA<br \/>\n17% ELASTANO<\/p>\n","protected":false},"featured_media":57252,"template":"","meta":{"_uag_custom_page_level_css":""},"product_brand":[],"product_cat":[132],"product_tag":[2138,2135],"class_list":{"0":"post-57314","1":"product","2":"type-product","3":"status-publish","4":"has-post-thumbnail","6":"product_cat-short","7":"product_tag-colecao-aura","8":"product_tag-nyra","9":"https:\/\/www.youtube.com\/watch?v=6eKm1Ke789c","10":"sales-flash-overlay","11":"woocommerce-text-align-center","12":"woocommerce-image-align-center","13":"do-quantity-buttons","14":"wc-has-gallery","15":"xt_wooqv-pos-before","17":"first","18":"outofstock","19":"sale","20":"shipping-taxable","21":"purchasable","22":"product-type-simple"},"yoast_head":"<!-- This site is optimized with the Yoast SEO plugin v26.5 - https:\/\/yoast.com\/wordpress\/plugins\/seo\/ -->\n<title>SHORT GYM EMPINA BUMBUM NYRA EXCLUSIVO - Moving<\/title>\n<meta name=\"description\" content=\"Confira os \u00faltimos lan\u00e7amentos com o nosso Cat\u00e1logo. Conhec\u0327a a originalidade, identidade e exclusividade da MOVING!\" \/>\n<meta name=\"robots\" content=\"index, follow, max-snippet:-1, max-image-preview:large, max-video-preview:-1\" \/>\n<link rel=\"canonical\" href=\"https:\/\/www.movingfitnesswear.com\/catalogo\/catalog\/short-gym-empina-bumbum-nyra-exclusivo\/\" \/>\n<meta property=\"og:locale\" content=\"pt_BR\" \/>\n<meta property=\"og:type\" content=\"article\" \/>\n<meta property=\"og:title\" content=\"SHORT GYM EMPINA BUMBUM NYRA EXCLUSIVO - Moving\" \/>\n<meta property=\"og:description\" content=\"Confira os \u00faltimos lan\u00e7amentos com o nosso Cat\u00e1logo. Conhec\u0327a a originalidade, identidade e exclusividade da MOVING!\" \/>\n<meta property=\"og:url\" content=\"https:\/\/www.movingfitnesswear.com\/catalogo\/catalog\/short-gym-empina-bumbum-nyra-exclusivo\/\" \/>\n<meta property=\"og:site_name\" content=\"Moving\" \/>\n<meta property=\"article:modified_time\" content=\"2025-06-30T18:37:56+00:00\" \/>\n<meta property=\"og:image\" content=\"https:\/\/www.movingfitnesswear.com\/catalogo\/wp-content\/uploads\/2025\/06\/nyra-exclusivo-short-gym-empina-bumbum-nyra-exclusivo-2025-06-08-01.jpg\" \/>\n\t<meta property=\"og:image:width\" content=\"2500\" \/>\n\t<meta property=\"og:image:height\" content=\"2500\" \/>\n\t<meta property=\"og:image:type\" content=\"image\/jpeg\" \/>\n<meta name=\"twitter:card\" content=\"summary_large_image\" \/>\n<script type=\"application\/ld+json\" class=\"yoast-schema-graph\">{\"@context\":\"https:\/\/schema.org\",\"@graph\":[{\"@type\":\"WebPage\",\"@id\":\"https:\/\/www.movingfitnesswear.com\/catalogo\/catalog\/short-gym-empina-bumbum-nyra-exclusivo\/\",\"url\":\"https:\/\/www.movingfitnesswear.com\/catalogo\/catalog\/short-gym-empina-bumbum-nyra-exclusivo\/\",\"name\":\"SHORT GYM EMPINA BUMBUM NYRA EXCLUSIVO - Moving\",\"isPartOf\":{\"@id\":\"https:\/\/www.movingfitnesswear.com\/catalogo\/#website\"},\"primaryImageOfPage\":{\"@id\":\"https:\/\/www.movingfitnesswear.com\/catalogo\/catalog\/short-gym-empina-bumbum-nyra-exclusivo\/#primaryimage\"},\"image\":{\"@id\":\"https:\/\/www.movingfitnesswear.com\/catalogo\/catalog\/short-gym-empina-bumbum-nyra-exclusivo\/#primaryimage\"},\"thumbnailUrl\":\"https:\/\/www.movingfitnesswear.com\/catalogo\/wp-content\/uploads\/2025\/06\/nyra-exclusivo-short-gym-empina-bumbum-nyra-exclusivo-2025-06-08-01.jpg\",\"datePublished\":\"2025-06-10T00:00:00+00:00\",\"dateModified\":\"2025-06-30T18:37:56+00:00\",\"description\":\"Confira os \u00faltimos lan\u00e7amentos com o nosso Cat\u00e1logo. Conhec\u0327a a originalidade, identidade e exclusividade da MOVING!\",\"breadcrumb\":{\"@id\":\"https:\/\/www.movingfitnesswear.com\/catalogo\/catalog\/short-gym-empina-bumbum-nyra-exclusivo\/#breadcrumb\"},\"inLanguage\":\"pt-BR\",\"potentialAction\":[{\"@type\":\"ReadAction\",\"target\":[\"https:\/\/www.movingfitnesswear.com\/catalogo\/catalog\/short-gym-empina-bumbum-nyra-exclusivo\/\"]}]},{\"@type\":\"ImageObject\",\"inLanguage\":\"pt-BR\",\"@id\":\"https:\/\/www.movingfitnesswear.com\/catalogo\/catalog\/short-gym-empina-bumbum-nyra-exclusivo\/#primaryimage\",\"url\":\"https:\/\/www.movingfitnesswear.com\/catalogo\/wp-content\/uploads\/2025\/06\/nyra-exclusivo-short-gym-empina-bumbum-nyra-exclusivo-2025-06-08-01.jpg\",\"contentUrl\":\"https:\/\/www.movingfitnesswear.com\/catalogo\/wp-content\/uploads\/2025\/06\/nyra-exclusivo-short-gym-empina-bumbum-nyra-exclusivo-2025-06-08-01.jpg\",\"width\":2500,\"height\":2500},{\"@type\":\"BreadcrumbList\",\"@id\":\"https:\/\/www.movingfitnesswear.com\/catalogo\/catalog\/short-gym-empina-bumbum-nyra-exclusivo\/#breadcrumb\",\"itemListElement\":[{\"@type\":\"ListItem\",\"position\":1,\"name\":\"In\u00edcio\",\"item\":\"https:\/\/www.movingfitnesswear.com\/catalogo\/\"},{\"@type\":\"ListItem\",\"position\":2,\"name\":\"Cat\u00e1logo\",\"item\":\"https:\/\/www.movingfitnesswear.com\/catalogo\/catalog\/\"},{\"@type\":\"ListItem\",\"position\":3,\"name\":\"SHORT GYM EMPINA BUMBUM NYRA EXCLUSIVO\"}]},{\"@type\":\"WebSite\",\"@id\":\"https:\/\/www.movingfitnesswear.com\/catalogo\/#website\",\"url\":\"https:\/\/www.movingfitnesswear.com\/catalogo\/\",\"name\":\"Moving\",\"description\":\"\",\"publisher\":{\"@id\":\"https:\/\/www.movingfitnesswear.com\/catalogo\/#organization\"},\"potentialAction\":[{\"@type\":\"SearchAction\",\"target\":{\"@type\":\"EntryPoint\",\"urlTemplate\":\"https:\/\/www.movingfitnesswear.com\/catalogo\/?s={search_term_string}\"},\"query-input\":{\"@type\":\"PropertyValueSpecification\",\"valueRequired\":true,\"valueName\":\"search_term_string\"}}],\"inLanguage\":\"pt-BR\"},{\"@type\":\"Organization\",\"@id\":\"https:\/\/www.movingfitnesswear.com\/catalogo\/#organization\",\"name\":\"Moving Fitness Wear\",\"url\":\"https:\/\/www.movingfitnesswear.com\/catalogo\/\",\"logo\":{\"@type\":\"ImageObject\",\"inLanguage\":\"pt-BR\",\"@id\":\"https:\/\/www.movingfitnesswear.com\/catalogo\/#\/schema\/logo\/image\/\",\"url\":\"https:\/\/www.movingfitnesswear.com\/wp-content\/uploads\/2021\/07\/logo.jpg\",\"contentUrl\":\"https:\/\/www.movingfitnesswear.com\/wp-content\/uploads\/2021\/07\/logo.jpg\",\"width\":650,\"height\":650,\"caption\":\"Moving Fitness Wear\"},\"image\":{\"@id\":\"https:\/\/www.movingfitnesswear.com\/catalogo\/#\/schema\/logo\/image\/\"}}]}<\/script>\n<!-- \/ Yoast SEO plugin. -->","yoast_head_json":{"title":"SHORT GYM EMPINA BUMBUM NYRA EXCLUSIVO - Moving","description":"Confira os \u00faltimos lan\u00e7amentos com o nosso Cat\u00e1logo. Conhec\u0327a a originalidade, identidade e exclusividade da MOVING!","robots":{"index":"index","follow":"follow","max-snippet":"max-snippet:-1","max-image-preview":"max-image-preview:large","max-video-preview":"max-video-preview:-1"},"canonical":"https:\/\/www.movingfitnesswear.com\/catalogo\/catalog\/short-gym-empina-bumbum-nyra-exclusivo\/","og_locale":"pt_BR","og_type":"article","og_title":"SHORT GYM EMPINA BUMBUM NYRA EXCLUSIVO - Moving","og_description":"Confira os \u00faltimos lan\u00e7amentos com o nosso Cat\u00e1logo. Conhec\u0327a a originalidade, identidade e exclusividade da MOVING!","og_url":"https:\/\/www.movingfitnesswear.com\/catalogo\/catalog\/short-gym-empina-bumbum-nyra-exclusivo\/","og_site_name":"Moving","article_modified_time":"2025-06-30T18:37:56+00:00","og_image":[{"width":2500,"height":2500,"url":"https:\/\/www.movingfitnesswear.com\/catalogo\/wp-content\/uploads\/2025\/06\/nyra-exclusivo-short-gym-empina-bumbum-nyra-exclusivo-2025-06-08-01.jpg","type":"image\/jpeg"}],"twitter_card":"summary_large_image","schema":{"@context":"https:\/\/schema.org","@graph":[{"@type":"WebPage","@id":"https:\/\/www.movingfitnesswear.com\/catalogo\/catalog\/short-gym-empina-bumbum-nyra-exclusivo\/","url":"https:\/\/www.movingfitnesswear.com\/catalogo\/catalog\/short-gym-empina-bumbum-nyra-exclusivo\/","name":"SHORT GYM EMPINA BUMBUM NYRA EXCLUSIVO - Moving","isPartOf":{"@id":"https:\/\/www.movingfitnesswear.com\/catalogo\/#website"},"primaryImageOfPage":{"@id":"https:\/\/www.movingfitnesswear.com\/catalogo\/catalog\/short-gym-empina-bumbum-nyra-exclusivo\/#primaryimage"},"image":{"@id":"https:\/\/www.movingfitnesswear.com\/catalogo\/catalog\/short-gym-empina-bumbum-nyra-exclusivo\/#primaryimage"},"thumbnailUrl":"https:\/\/www.movingfitnesswear.com\/catalogo\/wp-content\/uploads\/2025\/06\/nyra-exclusivo-short-gym-empina-bumbum-nyra-exclusivo-2025-06-08-01.jpg","datePublished":"2025-06-10T00:00:00+00:00","dateModified":"2025-06-30T18:37:56+00:00","description":"Confira os \u00faltimos lan\u00e7amentos com o nosso Cat\u00e1logo. Conhec\u0327a a originalidade, identidade e exclusividade da MOVING!","breadcrumb":{"@id":"https:\/\/www.movingfitnesswear.com\/catalogo\/catalog\/short-gym-empina-bumbum-nyra-exclusivo\/#breadcrumb"},"inLanguage":"pt-BR","potentialAction":[{"@type":"ReadAction","target":["https:\/\/www.movingfitnesswear.com\/catalogo\/catalog\/short-gym-empina-bumbum-nyra-exclusivo\/"]}]},{"@type":"ImageObject","inLanguage":"pt-BR","@id":"https:\/\/www.movingfitnesswear.com\/catalogo\/catalog\/short-gym-empina-bumbum-nyra-exclusivo\/#primaryimage","url":"https:\/\/www.movingfitnesswear.com\/catalogo\/wp-content\/uploads\/2025\/06\/nyra-exclusivo-short-gym-empina-bumbum-nyra-exclusivo-2025-06-08-01.jpg","contentUrl":"https:\/\/www.movingfitnesswear.com\/catalogo\/wp-content\/uploads\/2025\/06\/nyra-exclusivo-short-gym-empina-bumbum-nyra-exclusivo-2025-06-08-01.jpg","width":2500,"height":2500},{"@type":"BreadcrumbList","@id":"https:\/\/www.movingfitnesswear.com\/catalogo\/catalog\/short-gym-empina-bumbum-nyra-exclusivo\/#breadcrumb","itemListElement":[{"@type":"ListItem","position":1,"name":"In\u00edcio","item":"https:\/\/www.movingfitnesswear.com\/catalogo\/"},{"@type":"ListItem","position":2,"name":"Cat\u00e1logo","item":"https:\/\/www.movingfitnesswear.com\/catalogo\/catalog\/"},{"@type":"ListItem","position":3,"name":"SHORT GYM EMPINA BUMBUM NYRA EXCLUSIVO"}]},{"@type":"WebSite","@id":"https:\/\/www.movingfitnesswear.com\/catalogo\/#website","url":"https:\/\/www.movingfitnesswear.com\/catalogo\/","name":"Moving","description":"","publisher":{"@id":"https:\/\/www.movingfitnesswear.com\/catalogo\/#organization"},"potentialAction":[{"@type":"SearchAction","target":{"@type":"EntryPoint","urlTemplate":"https:\/\/www.movingfitnesswear.com\/catalogo\/?s={search_term_string}"},"query-input":{"@type":"PropertyValueSpecification","valueRequired":true,"valueName":"search_term_string"}}],"inLanguage":"pt-BR"},{"@type":"Organization","@id":"https:\/\/www.movingfitnesswear.com\/catalogo\/#organization","name":"Moving Fitness Wear","url":"https:\/\/www.movingfitnesswear.com\/catalogo\/","logo":{"@type":"ImageObject","inLanguage":"pt-BR","@id":"https:\/\/www.movingfitnesswear.com\/catalogo\/#\/schema\/logo\/image\/","url":"https:\/\/www.movingfitnesswear.com\/wp-content\/uploads\/2021\/07\/logo.jpg","contentUrl":"https:\/\/www.movingfitnesswear.com\/wp-content\/uploads\/2021\/07\/logo.jpg","width":650,"height":650,"caption":"Moving Fitness Wear"},"image":{"@id":"https:\/\/www.movingfitnesswear.com\/catalogo\/#\/schema\/logo\/image\/"}}]}},"uagb_featured_image_src":{"full":["https:\/\/www.movingfitnesswear.com\/catalogo\/wp-content\/uploads\/2025\/06\/nyra-exclusivo-short-gym-empina-bumbum-nyra-exclusivo-2025-06-08-01.jpg",2500,2500,false],"thumbnail":["https:\/\/www.movingfitnesswear.com\/catalogo\/wp-content\/uploads\/2025\/06\/nyra-exclusivo-short-gym-empina-bumbum-nyra-exclusivo-2025-06-08-01-150x150.jpg",150,150,true],"medium":["https:\/\/www.movingfitnesswear.com\/catalogo\/wp-content\/uploads\/2025\/06\/nyra-exclusivo-short-gym-empina-bumbum-nyra-exclusivo-2025-06-08-01-300x300.jpg",300,300,true],"medium_large":["https:\/\/www.movingfitnesswear.com\/catalogo\/wp-content\/uploads\/2025\/06\/nyra-exclusivo-short-gym-empina-bumbum-nyra-exclusivo-2025-06-08-01-768x768.jpg",768,768,true],"large":["https:\/\/www.movingfitnesswear.com\/catalogo\/wp-content\/uploads\/2025\/06\/nyra-exclusivo-short-gym-empina-bumbum-nyra-exclusivo-2025-06-08-01-1900x1900.jpg",1900,1900,true],"1536x1536":["https:\/\/www.movingfitnesswear.com\/catalogo\/wp-content\/uploads\/2025\/06\/nyra-exclusivo-short-gym-empina-bumbum-nyra-exclusivo-2025-06-08-01-1536x1536.jpg",1536,1536,true],"2048x2048":["https:\/\/www.movingfitnesswear.com\/catalogo\/wp-content\/uploads\/2025\/06\/nyra-exclusivo-short-gym-empina-bumbum-nyra-exclusivo-2025-06-08-01-2048x2048.jpg",2048,2048,true],"woocommerce_thumbnail":["https:\/\/www.movingfitnesswear.com\/catalogo\/wp-content\/uploads\/2025\/06\/nyra-exclusivo-short-gym-empina-bumbum-nyra-exclusivo-2025-06-08-01-375x375.jpg",375,375,true],"woocommerce_single":["https:\/\/www.movingfitnesswear.com\/catalogo\/wp-content\/uploads\/2025\/06\/nyra-exclusivo-short-gym-empina-bumbum-nyra-exclusivo-2025-06-08-01-600x600.jpg",600,600,true],"woocommerce_gallery_thumbnail":["https:\/\/www.movingfitnesswear.com\/catalogo\/wp-content\/uploads\/2025\/06\/nyra-exclusivo-short-gym-empina-bumbum-nyra-exclusivo-2025-06-08-01-100x100.jpg",100,100,true],"dgwt-wcas-product-suggestion":["https:\/\/www.movingfitnesswear.com\/catalogo\/wp-content\/uploads\/2025\/06\/nyra-exclusivo-short-gym-empina-bumbum-nyra-exclusivo-2025-06-08-01-64x64.jpg",64,64,true]},"uagb_author_info":{"display_name":"Kelwin Pereira Mello","author_link":"https:\/\/www.movingfitnesswear.com\/catalogo\/author\/"},"uagb_comment_info":0,"uagb_excerpt":"Intensa, enigm\u00e1tica, inconfund\u00edvel. \u00c9 a fus\u00e3o perfeita entre instinto e sofistica\u00e7\u00e3o, em que a for\u00e7a selvagem se encontra com a delicadeza em nuances de rosa. Carregando a ess\u00eancia africana de um nome que atravessa culturas e simboliza a beleza da noite, Nyra traduz autenticidade em cada detalhe. A verdadeira for\u00e7a n\u00e3o precisa escolher entre delicadeza&hellip;","_links":{"self":[{"href":"https:\/\/www.movingfitnesswear.com\/catalogo\/wp-json\/wp\/v2\/product\/57314","targetHints":{"allow":["GET"]}}],"collection":[{"href":"https:\/\/www.movingfitnesswear.com\/catalogo\/wp-json\/wp\/v2\/product"}],"about":[{"href":"https:\/\/www.movingfitnesswear.com\/catalogo\/wp-json\/wp\/v2\/types\/product"}],"wp:featuredmedia":[{"embeddable":true,"href":"https:\/\/www.movingfitnesswear.com\/catalogo\/wp-json\/wp\/v2\/media\/57252"}],"wp:attachment":[{"href":"https:\/\/www.movingfitnesswear.com\/catalogo\/wp-json\/wp\/v2\/media?parent=57314"}],"wp:term":[{"taxonomy":"product_brand","embeddable":true,"href":"https:\/\/www.movingfitnesswear.com\/catalogo\/wp-json\/wp\/v2\/product_brand?post=57314"},{"taxonomy":"product_cat","embeddable":true,"href":"https:\/\/www.movingfitnesswear.com\/catalogo\/wp-json\/wp\/v2\/product_cat?post=57314"},{"taxonomy":"product_tag","embeddable":true,"href":"https:\/\/www.movingfitnesswear.com\/catalogo\/wp-json\/wp\/v2\/product_tag?post=57314"}],"curies":[{"name":"wp","href":"https:\/\/api.w.org\/{rel}","templated":true}]}}