{"id":56477,"date":"2025-05-06T21:00:00","date_gmt":"2025-05-07T00:00:00","guid":{"rendered":"https:\/\/www.movingfitnesswear.com\/catalogo\/?post_type=product&#038;p=56477"},"modified":"2025-05-29T14:13:12","modified_gmt":"2025-05-29T17:13:12","slug":"camiseta-caribe-fibra-de-bambu-branco","status":"publish","type":"product","link":"https:\/\/www.movingfitnesswear.com\/catalogo\/catalog\/camiseta-caribe-fibra-de-bambu-branco\/","title":{"rendered":"CAMISETA CARIBE FIBRA DE BAMBU BRANCO"},"content":{"rendered":"","protected":false},"excerpt":{"rendered":"<p>Altamente apreciado por sua versatilidade, o branco evoca pureza, simplicidade e serenidade. Experimente Moving na cor branco, com tecidos tecnol\u00f3gicos que a deixam livre de preocupa\u00e7\u00f5es com transpar\u00eancia. Adicione um toque de minimalismo \u00e0 sua rotina! <\/p>\n<p>Sol na pele, leveza no look. Essa camiseta foi feita pra quem valoriza liberdade de movimento sem abrir m\u00e3o de personalidade. O corte assim\u00e9trico garante conforto e confian\u00e7a em qualquer ocasi\u00e3o. Vers\u00e1til e atual, ela j\u00e1 virou destino certo nos looks de quem entende do assunto.<\/p>\n<p>COMPOSI\u00c7\u00c3O:<br \/>\n95% VISCOSE<br \/>\n5% ELASTANO<\/p>\n","protected":false},"featured_media":56188,"template":"","meta":{"_uag_custom_page_level_css":""},"product_brand":[],"product_cat":[130],"product_tag":[2124,165],"class_list":{"0":"post-56477","1":"product","2":"type-product","3":"status-publish","4":"has-post-thumbnail","6":"product_cat-t_shirt","7":"product_tag-colecao-origens","8":"product_tag-liso-branco","9":"https:\/\/www.youtube.com\/watch?v=EkUPbw-FxIg","10":"sales-flash-overlay","11":"woocommerce-text-align-center","12":"woocommerce-image-align-center","13":"do-quantity-buttons","14":"wc-has-gallery","15":"xt_wooqv-pos-before","17":"first","18":"instock","19":"sale","20":"shipping-taxable","21":"purchasable","22":"product-type-simple"},"yoast_head":"<!-- This site is optimized with the Yoast SEO plugin v26.5 - https:\/\/yoast.com\/wordpress\/plugins\/seo\/ -->\n<title>CAMISETA CARIBE FIBRA DE BAMBU BRANCO - Moving<\/title>\n<meta name=\"description\" content=\"Confira os \u00faltimos lan\u00e7amentos com o nosso Cat\u00e1logo. Conhec\u0327a a originalidade, identidade e exclusividade da MOVING!\" \/>\n<meta name=\"robots\" content=\"index, follow, max-snippet:-1, max-image-preview:large, max-video-preview:-1\" \/>\n<link rel=\"canonical\" href=\"https:\/\/www.movingfitnesswear.com\/catalogo\/catalog\/camiseta-caribe-fibra-de-bambu-branco\/\" \/>\n<meta property=\"og:locale\" content=\"pt_BR\" \/>\n<meta property=\"og:type\" content=\"article\" \/>\n<meta property=\"og:title\" content=\"CAMISETA CARIBE FIBRA DE BAMBU BRANCO - Moving\" \/>\n<meta property=\"og:description\" content=\"Confira os \u00faltimos lan\u00e7amentos com o nosso Cat\u00e1logo. Conhec\u0327a a originalidade, identidade e exclusividade da MOVING!\" \/>\n<meta property=\"og:url\" content=\"https:\/\/www.movingfitnesswear.com\/catalogo\/catalog\/camiseta-caribe-fibra-de-bambu-branco\/\" \/>\n<meta property=\"og:site_name\" content=\"Moving\" \/>\n<meta property=\"article:modified_time\" content=\"2025-05-29T17:13:12+00:00\" \/>\n<meta property=\"og:image\" content=\"https:\/\/www.movingfitnesswear.com\/catalogo\/wp-content\/uploads\/2025\/05\/fibra-de-bambu-branco-camiseta-caribe-fibra-de-bambu-branco-2025-05-10-01.jpg\" \/>\n\t<meta property=\"og:image:width\" content=\"2500\" \/>\n\t<meta property=\"og:image:height\" content=\"2500\" \/>\n\t<meta property=\"og:image:type\" content=\"image\/jpeg\" \/>\n<meta name=\"twitter:card\" content=\"summary_large_image\" \/>\n<script type=\"application\/ld+json\" class=\"yoast-schema-graph\">{\"@context\":\"https:\/\/schema.org\",\"@graph\":[{\"@type\":\"WebPage\",\"@id\":\"https:\/\/www.movingfitnesswear.com\/catalogo\/catalog\/camiseta-caribe-fibra-de-bambu-branco\/\",\"url\":\"https:\/\/www.movingfitnesswear.com\/catalogo\/catalog\/camiseta-caribe-fibra-de-bambu-branco\/\",\"name\":\"CAMISETA CARIBE FIBRA DE BAMBU BRANCO - Moving\",\"isPartOf\":{\"@id\":\"https:\/\/www.movingfitnesswear.com\/catalogo\/#website\"},\"primaryImageOfPage\":{\"@id\":\"https:\/\/www.movingfitnesswear.com\/catalogo\/catalog\/camiseta-caribe-fibra-de-bambu-branco\/#primaryimage\"},\"image\":{\"@id\":\"https:\/\/www.movingfitnesswear.com\/catalogo\/catalog\/camiseta-caribe-fibra-de-bambu-branco\/#primaryimage\"},\"thumbnailUrl\":\"https:\/\/www.movingfitnesswear.com\/catalogo\/wp-content\/uploads\/2025\/05\/fibra-de-bambu-branco-camiseta-caribe-fibra-de-bambu-branco-2025-05-10-01.jpg\",\"datePublished\":\"2025-05-07T00:00:00+00:00\",\"dateModified\":\"2025-05-29T17:13:12+00:00\",\"description\":\"Confira os \u00faltimos lan\u00e7amentos com o nosso Cat\u00e1logo. Conhec\u0327a a originalidade, identidade e exclusividade da MOVING!\",\"breadcrumb\":{\"@id\":\"https:\/\/www.movingfitnesswear.com\/catalogo\/catalog\/camiseta-caribe-fibra-de-bambu-branco\/#breadcrumb\"},\"inLanguage\":\"pt-BR\",\"potentialAction\":[{\"@type\":\"ReadAction\",\"target\":[\"https:\/\/www.movingfitnesswear.com\/catalogo\/catalog\/camiseta-caribe-fibra-de-bambu-branco\/\"]}]},{\"@type\":\"ImageObject\",\"inLanguage\":\"pt-BR\",\"@id\":\"https:\/\/www.movingfitnesswear.com\/catalogo\/catalog\/camiseta-caribe-fibra-de-bambu-branco\/#primaryimage\",\"url\":\"https:\/\/www.movingfitnesswear.com\/catalogo\/wp-content\/uploads\/2025\/05\/fibra-de-bambu-branco-camiseta-caribe-fibra-de-bambu-branco-2025-05-10-01.jpg\",\"contentUrl\":\"https:\/\/www.movingfitnesswear.com\/catalogo\/wp-content\/uploads\/2025\/05\/fibra-de-bambu-branco-camiseta-caribe-fibra-de-bambu-branco-2025-05-10-01.jpg\",\"width\":2500,\"height\":2500},{\"@type\":\"BreadcrumbList\",\"@id\":\"https:\/\/www.movingfitnesswear.com\/catalogo\/catalog\/camiseta-caribe-fibra-de-bambu-branco\/#breadcrumb\",\"itemListElement\":[{\"@type\":\"ListItem\",\"position\":1,\"name\":\"In\u00edcio\",\"item\":\"https:\/\/www.movingfitnesswear.com\/catalogo\/\"},{\"@type\":\"ListItem\",\"position\":2,\"name\":\"Cat\u00e1logo\",\"item\":\"https:\/\/www.movingfitnesswear.com\/catalogo\/catalog\/\"},{\"@type\":\"ListItem\",\"position\":3,\"name\":\"CAMISETA CARIBE FIBRA DE BAMBU BRANCO\"}]},{\"@type\":\"WebSite\",\"@id\":\"https:\/\/www.movingfitnesswear.com\/catalogo\/#website\",\"url\":\"https:\/\/www.movingfitnesswear.com\/catalogo\/\",\"name\":\"Moving\",\"description\":\"\",\"publisher\":{\"@id\":\"https:\/\/www.movingfitnesswear.com\/catalogo\/#organization\"},\"potentialAction\":[{\"@type\":\"SearchAction\",\"target\":{\"@type\":\"EntryPoint\",\"urlTemplate\":\"https:\/\/www.movingfitnesswear.com\/catalogo\/?s={search_term_string}\"},\"query-input\":{\"@type\":\"PropertyValueSpecification\",\"valueRequired\":true,\"valueName\":\"search_term_string\"}}],\"inLanguage\":\"pt-BR\"},{\"@type\":\"Organization\",\"@id\":\"https:\/\/www.movingfitnesswear.com\/catalogo\/#organization\",\"name\":\"Moving Fitness Wear\",\"url\":\"https:\/\/www.movingfitnesswear.com\/catalogo\/\",\"logo\":{\"@type\":\"ImageObject\",\"inLanguage\":\"pt-BR\",\"@id\":\"https:\/\/www.movingfitnesswear.com\/catalogo\/#\/schema\/logo\/image\/\",\"url\":\"https:\/\/www.movingfitnesswear.com\/wp-content\/uploads\/2021\/07\/logo.jpg\",\"contentUrl\":\"https:\/\/www.movingfitnesswear.com\/wp-content\/uploads\/2021\/07\/logo.jpg\",\"width\":650,\"height\":650,\"caption\":\"Moving Fitness Wear\"},\"image\":{\"@id\":\"https:\/\/www.movingfitnesswear.com\/catalogo\/#\/schema\/logo\/image\/\"}}]}<\/script>\n<!-- \/ Yoast SEO plugin. -->","yoast_head_json":{"title":"CAMISETA CARIBE FIBRA DE BAMBU BRANCO - Moving","description":"Confira os \u00faltimos lan\u00e7amentos com o nosso Cat\u00e1logo. Conhec\u0327a a originalidade, identidade e exclusividade da MOVING!","robots":{"index":"index","follow":"follow","max-snippet":"max-snippet:-1","max-image-preview":"max-image-preview:large","max-video-preview":"max-video-preview:-1"},"canonical":"https:\/\/www.movingfitnesswear.com\/catalogo\/catalog\/camiseta-caribe-fibra-de-bambu-branco\/","og_locale":"pt_BR","og_type":"article","og_title":"CAMISETA CARIBE FIBRA DE BAMBU BRANCO - Moving","og_description":"Confira os \u00faltimos lan\u00e7amentos com o nosso Cat\u00e1logo. Conhec\u0327a a originalidade, identidade e exclusividade da MOVING!","og_url":"https:\/\/www.movingfitnesswear.com\/catalogo\/catalog\/camiseta-caribe-fibra-de-bambu-branco\/","og_site_name":"Moving","article_modified_time":"2025-05-29T17:13:12+00:00","og_image":[{"width":2500,"height":2500,"url":"https:\/\/www.movingfitnesswear.com\/catalogo\/wp-content\/uploads\/2025\/05\/fibra-de-bambu-branco-camiseta-caribe-fibra-de-bambu-branco-2025-05-10-01.jpg","type":"image\/jpeg"}],"twitter_card":"summary_large_image","schema":{"@context":"https:\/\/schema.org","@graph":[{"@type":"WebPage","@id":"https:\/\/www.movingfitnesswear.com\/catalogo\/catalog\/camiseta-caribe-fibra-de-bambu-branco\/","url":"https:\/\/www.movingfitnesswear.com\/catalogo\/catalog\/camiseta-caribe-fibra-de-bambu-branco\/","name":"CAMISETA CARIBE FIBRA DE BAMBU BRANCO - Moving","isPartOf":{"@id":"https:\/\/www.movingfitnesswear.com\/catalogo\/#website"},"primaryImageOfPage":{"@id":"https:\/\/www.movingfitnesswear.com\/catalogo\/catalog\/camiseta-caribe-fibra-de-bambu-branco\/#primaryimage"},"image":{"@id":"https:\/\/www.movingfitnesswear.com\/catalogo\/catalog\/camiseta-caribe-fibra-de-bambu-branco\/#primaryimage"},"thumbnailUrl":"https:\/\/www.movingfitnesswear.com\/catalogo\/wp-content\/uploads\/2025\/05\/fibra-de-bambu-branco-camiseta-caribe-fibra-de-bambu-branco-2025-05-10-01.jpg","datePublished":"2025-05-07T00:00:00+00:00","dateModified":"2025-05-29T17:13:12+00:00","description":"Confira os \u00faltimos lan\u00e7amentos com o nosso Cat\u00e1logo. Conhec\u0327a a originalidade, identidade e exclusividade da MOVING!","breadcrumb":{"@id":"https:\/\/www.movingfitnesswear.com\/catalogo\/catalog\/camiseta-caribe-fibra-de-bambu-branco\/#breadcrumb"},"inLanguage":"pt-BR","potentialAction":[{"@type":"ReadAction","target":["https:\/\/www.movingfitnesswear.com\/catalogo\/catalog\/camiseta-caribe-fibra-de-bambu-branco\/"]}]},{"@type":"ImageObject","inLanguage":"pt-BR","@id":"https:\/\/www.movingfitnesswear.com\/catalogo\/catalog\/camiseta-caribe-fibra-de-bambu-branco\/#primaryimage","url":"https:\/\/www.movingfitnesswear.com\/catalogo\/wp-content\/uploads\/2025\/05\/fibra-de-bambu-branco-camiseta-caribe-fibra-de-bambu-branco-2025-05-10-01.jpg","contentUrl":"https:\/\/www.movingfitnesswear.com\/catalogo\/wp-content\/uploads\/2025\/05\/fibra-de-bambu-branco-camiseta-caribe-fibra-de-bambu-branco-2025-05-10-01.jpg","width":2500,"height":2500},{"@type":"BreadcrumbList","@id":"https:\/\/www.movingfitnesswear.com\/catalogo\/catalog\/camiseta-caribe-fibra-de-bambu-branco\/#breadcrumb","itemListElement":[{"@type":"ListItem","position":1,"name":"In\u00edcio","item":"https:\/\/www.movingfitnesswear.com\/catalogo\/"},{"@type":"ListItem","position":2,"name":"Cat\u00e1logo","item":"https:\/\/www.movingfitnesswear.com\/catalogo\/catalog\/"},{"@type":"ListItem","position":3,"name":"CAMISETA CARIBE FIBRA DE BAMBU BRANCO"}]},{"@type":"WebSite","@id":"https:\/\/www.movingfitnesswear.com\/catalogo\/#website","url":"https:\/\/www.movingfitnesswear.com\/catalogo\/","name":"Moving","description":"","publisher":{"@id":"https:\/\/www.movingfitnesswear.com\/catalogo\/#organization"},"potentialAction":[{"@type":"SearchAction","target":{"@type":"EntryPoint","urlTemplate":"https:\/\/www.movingfitnesswear.com\/catalogo\/?s={search_term_string}"},"query-input":{"@type":"PropertyValueSpecification","valueRequired":true,"valueName":"search_term_string"}}],"inLanguage":"pt-BR"},{"@type":"Organization","@id":"https:\/\/www.movingfitnesswear.com\/catalogo\/#organization","name":"Moving Fitness Wear","url":"https:\/\/www.movingfitnesswear.com\/catalogo\/","logo":{"@type":"ImageObject","inLanguage":"pt-BR","@id":"https:\/\/www.movingfitnesswear.com\/catalogo\/#\/schema\/logo\/image\/","url":"https:\/\/www.movingfitnesswear.com\/wp-content\/uploads\/2021\/07\/logo.jpg","contentUrl":"https:\/\/www.movingfitnesswear.com\/wp-content\/uploads\/2021\/07\/logo.jpg","width":650,"height":650,"caption":"Moving Fitness Wear"},"image":{"@id":"https:\/\/www.movingfitnesswear.com\/catalogo\/#\/schema\/logo\/image\/"}}]}},"uagb_featured_image_src":{"full":["https:\/\/www.movingfitnesswear.com\/catalogo\/wp-content\/uploads\/2025\/05\/fibra-de-bambu-branco-camiseta-caribe-fibra-de-bambu-branco-2025-05-10-01.jpg",2500,2500,false],"thumbnail":["https:\/\/www.movingfitnesswear.com\/catalogo\/wp-content\/uploads\/2025\/05\/fibra-de-bambu-branco-camiseta-caribe-fibra-de-bambu-branco-2025-05-10-01-150x150.jpg",150,150,true],"medium":["https:\/\/www.movingfitnesswear.com\/catalogo\/wp-content\/uploads\/2025\/05\/fibra-de-bambu-branco-camiseta-caribe-fibra-de-bambu-branco-2025-05-10-01-300x300.jpg",300,300,true],"medium_large":["https:\/\/www.movingfitnesswear.com\/catalogo\/wp-content\/uploads\/2025\/05\/fibra-de-bambu-branco-camiseta-caribe-fibra-de-bambu-branco-2025-05-10-01-768x768.jpg",768,768,true],"large":["https:\/\/www.movingfitnesswear.com\/catalogo\/wp-content\/uploads\/2025\/05\/fibra-de-bambu-branco-camiseta-caribe-fibra-de-bambu-branco-2025-05-10-01-1900x1900.jpg",1900,1900,true],"1536x1536":["https:\/\/www.movingfitnesswear.com\/catalogo\/wp-content\/uploads\/2025\/05\/fibra-de-bambu-branco-camiseta-caribe-fibra-de-bambu-branco-2025-05-10-01-1536x1536.jpg",1536,1536,true],"2048x2048":["https:\/\/www.movingfitnesswear.com\/catalogo\/wp-content\/uploads\/2025\/05\/fibra-de-bambu-branco-camiseta-caribe-fibra-de-bambu-branco-2025-05-10-01-2048x2048.jpg",2048,2048,true],"woocommerce_thumbnail":["https:\/\/www.movingfitnesswear.com\/catalogo\/wp-content\/uploads\/2025\/05\/fibra-de-bambu-branco-camiseta-caribe-fibra-de-bambu-branco-2025-05-10-01-375x375.jpg",375,375,true],"woocommerce_single":["https:\/\/www.movingfitnesswear.com\/catalogo\/wp-content\/uploads\/2025\/05\/fibra-de-bambu-branco-camiseta-caribe-fibra-de-bambu-branco-2025-05-10-01-600x600.jpg",600,600,true],"woocommerce_gallery_thumbnail":["https:\/\/www.movingfitnesswear.com\/catalogo\/wp-content\/uploads\/2025\/05\/fibra-de-bambu-branco-camiseta-caribe-fibra-de-bambu-branco-2025-05-10-01-100x100.jpg",100,100,true],"dgwt-wcas-product-suggestion":["https:\/\/www.movingfitnesswear.com\/catalogo\/wp-content\/uploads\/2025\/05\/fibra-de-bambu-branco-camiseta-caribe-fibra-de-bambu-branco-2025-05-10-01-64x64.jpg",64,64,true]},"uagb_author_info":{"display_name":"Kelwin Pereira Mello","author_link":"https:\/\/www.movingfitnesswear.com\/catalogo\/author\/"},"uagb_comment_info":0,"uagb_excerpt":"Altamente apreciado por sua versatilidade, o branco evoca pureza, simplicidade e serenidade. Experimente Moving na cor branco, com tecidos tecnol\u00f3gicos que a deixam livre de preocupa\u00e7\u00f5es com transpar\u00eancia. Adicione um toque de minimalismo \u00e0 sua rotina! Sol na pele, leveza no look. Essa camiseta foi feita pra quem valoriza liberdade de movimento sem abrir m\u00e3o&hellip;","_links":{"self":[{"href":"https:\/\/www.movingfitnesswear.com\/catalogo\/wp-json\/wp\/v2\/product\/56477","targetHints":{"allow":["GET"]}}],"collection":[{"href":"https:\/\/www.movingfitnesswear.com\/catalogo\/wp-json\/wp\/v2\/product"}],"about":[{"href":"https:\/\/www.movingfitnesswear.com\/catalogo\/wp-json\/wp\/v2\/types\/product"}],"wp:featuredmedia":[{"embeddable":true,"href":"https:\/\/www.movingfitnesswear.com\/catalogo\/wp-json\/wp\/v2\/media\/56188"}],"wp:attachment":[{"href":"https:\/\/www.movingfitnesswear.com\/catalogo\/wp-json\/wp\/v2\/media?parent=56477"}],"wp:term":[{"taxonomy":"product_brand","embeddable":true,"href":"https:\/\/www.movingfitnesswear.com\/catalogo\/wp-json\/wp\/v2\/product_brand?post=56477"},{"taxonomy":"product_cat","embeddable":true,"href":"https:\/\/www.movingfitnesswear.com\/catalogo\/wp-json\/wp\/v2\/product_cat?post=56477"},{"taxonomy":"product_tag","embeddable":true,"href":"https:\/\/www.movingfitnesswear.com\/catalogo\/wp-json\/wp\/v2\/product_tag?post=56477"}],"curies":[{"name":"wp","href":"https:\/\/api.w.org\/{rel}","templated":true}]}}