{"id":55626,"date":"2025-04-15T00:00:00","date_gmt":"2025-04-15T00:00:00","guid":{"rendered":"https:\/\/www.movingfitnesswear.com\/catalogo\/?post_type=product&#038;p=55626"},"modified":"2025-11-03T17:41:55","modified_gmt":"2025-11-03T20:41:55","slug":"macaquinho-confort-empina-bumbum-jacquard-canelado-lavanda","status":"publish","type":"product","link":"https:\/\/www.movingfitnesswear.com\/catalogo\/catalog\/macaquinho-confort-empina-bumbum-jacquard-canelado-lavanda\/","title":{"rendered":"MACAQUINHO CONFORT EMPINA BUMBUM JACQUARD CANELADO LAVANDA &#8211; U"},"content":{"rendered":"","protected":false},"excerpt":{"rendered":"<p>Um toque de cor com suavidade e eleg\u00e2ncia. A cole\u00e7\u00e3o Canelado Lavanda traz o lil\u00e1s em sua forma mais delicada, com textura canelada que adiciona charme sem esfor\u00e7o. Leve, sutil e cheio de personalidade \u2014 perfeito para quem busca equil\u00edbrio entre estilo e serenidade.<br \/>\nO Macaquinho Confort chegou para abra\u00e7ar suas curvas com leveza, praticidade e aquele toque especial que valoriza o seu bumbum com muito charme. Com tecido canelado que se ajusta perfeitamente ao corpo e modelagem empina bumbum, ele acompanha todos os seus movimentos \u2013 seja no treino, no passeio ou naquele encontro inesperado. Colocou, arrasou. Simples assim. Afinal, quem disse que praticidade n\u00e3o pode ser poderosa?<br \/>\nCOMPOSI\u00c7\u00c3O:<br \/>\n92% POLIAMIDA<br \/>\n8% ELASTANO<\/p>\n","protected":false},"featured_media":55399,"template":"","meta":{"_uag_custom_page_level_css":""},"product_brand":[],"product_cat":[135],"product_tag":[2114,197,2213,2214],"class_list":{"0":"post-55626","1":"product","2":"type-product","3":"status-publish","4":"has-post-thumbnail","6":"product_cat-jumpsuits","7":"product_tag-colecao-alure","8":"product_tag-jacquard-confort","9":"product_tag-outlet","10":"product_tag-outlet-blue","11":"https:\/\/www.youtube.com\/watch?v=SwKKd5J0Wbc","12":"sales-flash-overlay","13":"woocommerce-text-align-center","14":"woocommerce-image-align-center","15":"do-quantity-buttons","16":"wc-has-gallery","17":"xt_wooqv-pos-before","19":"first","20":"outofstock","21":"sale","22":"shipping-taxable","23":"purchasable","24":"product-type-simple"},"yoast_head":"<!-- This site is optimized with the Yoast SEO plugin v26.5 - https:\/\/yoast.com\/wordpress\/plugins\/seo\/ -->\n<title>MACAQUINHO CONFORT EMPINA BUMBUM JACQUARD CANELADO LAVANDA - U - Moving<\/title>\n<meta name=\"description\" content=\"Confira os \u00faltimos lan\u00e7amentos com o nosso Cat\u00e1logo. Conhec\u0327a a originalidade, identidade e exclusividade da MOVING!\" \/>\n<meta name=\"robots\" content=\"index, follow, max-snippet:-1, max-image-preview:large, max-video-preview:-1\" \/>\n<link rel=\"canonical\" href=\"https:\/\/www.movingfitnesswear.com\/catalogo\/catalog\/macaquinho-confort-empina-bumbum-jacquard-canelado-lavanda\/\" \/>\n<meta property=\"og:locale\" content=\"pt_BR\" \/>\n<meta property=\"og:type\" content=\"article\" \/>\n<meta property=\"og:title\" content=\"MACAQUINHO CONFORT EMPINA BUMBUM JACQUARD CANELADO LAVANDA - U - Moving\" \/>\n<meta property=\"og:description\" content=\"Confira os \u00faltimos lan\u00e7amentos com o nosso Cat\u00e1logo. Conhec\u0327a a originalidade, identidade e exclusividade da MOVING!\" \/>\n<meta property=\"og:url\" content=\"https:\/\/www.movingfitnesswear.com\/catalogo\/catalog\/macaquinho-confort-empina-bumbum-jacquard-canelado-lavanda\/\" \/>\n<meta property=\"og:site_name\" content=\"Moving\" \/>\n<meta property=\"article:modified_time\" content=\"2025-11-03T20:41:55+00:00\" \/>\n<meta property=\"og:image\" content=\"https:\/\/www.movingfitnesswear.com\/catalogo\/wp-content\/uploads\/2025\/04\/jacquard-canelado-lavanda-macaquinho-confort-empina-bumbum-jacquard-canelado-lavanda-2025-04-08-01.jpg\" \/>\n\t<meta property=\"og:image:width\" content=\"2500\" \/>\n\t<meta property=\"og:image:height\" content=\"2500\" \/>\n\t<meta property=\"og:image:type\" content=\"image\/jpeg\" \/>\n<meta name=\"twitter:card\" content=\"summary_large_image\" \/>\n<script type=\"application\/ld+json\" class=\"yoast-schema-graph\">{\"@context\":\"https:\/\/schema.org\",\"@graph\":[{\"@type\":\"WebPage\",\"@id\":\"https:\/\/www.movingfitnesswear.com\/catalogo\/catalog\/macaquinho-confort-empina-bumbum-jacquard-canelado-lavanda\/\",\"url\":\"https:\/\/www.movingfitnesswear.com\/catalogo\/catalog\/macaquinho-confort-empina-bumbum-jacquard-canelado-lavanda\/\",\"name\":\"MACAQUINHO CONFORT EMPINA BUMBUM JACQUARD CANELADO LAVANDA - U - Moving\",\"isPartOf\":{\"@id\":\"https:\/\/www.movingfitnesswear.com\/catalogo\/#website\"},\"primaryImageOfPage\":{\"@id\":\"https:\/\/www.movingfitnesswear.com\/catalogo\/catalog\/macaquinho-confort-empina-bumbum-jacquard-canelado-lavanda\/#primaryimage\"},\"image\":{\"@id\":\"https:\/\/www.movingfitnesswear.com\/catalogo\/catalog\/macaquinho-confort-empina-bumbum-jacquard-canelado-lavanda\/#primaryimage\"},\"thumbnailUrl\":\"https:\/\/www.movingfitnesswear.com\/catalogo\/wp-content\/uploads\/2025\/04\/jacquard-canelado-lavanda-macaquinho-confort-empina-bumbum-jacquard-canelado-lavanda-2025-04-08-01.jpg\",\"datePublished\":\"2025-04-15T00:00:00+00:00\",\"dateModified\":\"2025-11-03T20:41:55+00:00\",\"description\":\"Confira os \u00faltimos lan\u00e7amentos com o nosso Cat\u00e1logo. Conhec\u0327a a originalidade, identidade e exclusividade da MOVING!\",\"breadcrumb\":{\"@id\":\"https:\/\/www.movingfitnesswear.com\/catalogo\/catalog\/macaquinho-confort-empina-bumbum-jacquard-canelado-lavanda\/#breadcrumb\"},\"inLanguage\":\"pt-BR\",\"potentialAction\":[{\"@type\":\"ReadAction\",\"target\":[\"https:\/\/www.movingfitnesswear.com\/catalogo\/catalog\/macaquinho-confort-empina-bumbum-jacquard-canelado-lavanda\/\"]}]},{\"@type\":\"ImageObject\",\"inLanguage\":\"pt-BR\",\"@id\":\"https:\/\/www.movingfitnesswear.com\/catalogo\/catalog\/macaquinho-confort-empina-bumbum-jacquard-canelado-lavanda\/#primaryimage\",\"url\":\"https:\/\/www.movingfitnesswear.com\/catalogo\/wp-content\/uploads\/2025\/04\/jacquard-canelado-lavanda-macaquinho-confort-empina-bumbum-jacquard-canelado-lavanda-2025-04-08-01.jpg\",\"contentUrl\":\"https:\/\/www.movingfitnesswear.com\/catalogo\/wp-content\/uploads\/2025\/04\/jacquard-canelado-lavanda-macaquinho-confort-empina-bumbum-jacquard-canelado-lavanda-2025-04-08-01.jpg\",\"width\":2500,\"height\":2500},{\"@type\":\"BreadcrumbList\",\"@id\":\"https:\/\/www.movingfitnesswear.com\/catalogo\/catalog\/macaquinho-confort-empina-bumbum-jacquard-canelado-lavanda\/#breadcrumb\",\"itemListElement\":[{\"@type\":\"ListItem\",\"position\":1,\"name\":\"In\u00edcio\",\"item\":\"https:\/\/www.movingfitnesswear.com\/catalogo\/\"},{\"@type\":\"ListItem\",\"position\":2,\"name\":\"Cat\u00e1logo\",\"item\":\"https:\/\/www.movingfitnesswear.com\/catalogo\/catalog\/\"},{\"@type\":\"ListItem\",\"position\":3,\"name\":\"MACAQUINHO CONFORT EMPINA BUMBUM JACQUARD CANELADO LAVANDA\"}]},{\"@type\":\"WebSite\",\"@id\":\"https:\/\/www.movingfitnesswear.com\/catalogo\/#website\",\"url\":\"https:\/\/www.movingfitnesswear.com\/catalogo\/\",\"name\":\"Moving\",\"description\":\"\",\"publisher\":{\"@id\":\"https:\/\/www.movingfitnesswear.com\/catalogo\/#organization\"},\"potentialAction\":[{\"@type\":\"SearchAction\",\"target\":{\"@type\":\"EntryPoint\",\"urlTemplate\":\"https:\/\/www.movingfitnesswear.com\/catalogo\/?s={search_term_string}\"},\"query-input\":{\"@type\":\"PropertyValueSpecification\",\"valueRequired\":true,\"valueName\":\"search_term_string\"}}],\"inLanguage\":\"pt-BR\"},{\"@type\":\"Organization\",\"@id\":\"https:\/\/www.movingfitnesswear.com\/catalogo\/#organization\",\"name\":\"Moving Fitness Wear\",\"url\":\"https:\/\/www.movingfitnesswear.com\/catalogo\/\",\"logo\":{\"@type\":\"ImageObject\",\"inLanguage\":\"pt-BR\",\"@id\":\"https:\/\/www.movingfitnesswear.com\/catalogo\/#\/schema\/logo\/image\/\",\"url\":\"https:\/\/www.movingfitnesswear.com\/wp-content\/uploads\/2021\/07\/logo.jpg\",\"contentUrl\":\"https:\/\/www.movingfitnesswear.com\/wp-content\/uploads\/2021\/07\/logo.jpg\",\"width\":650,\"height\":650,\"caption\":\"Moving Fitness Wear\"},\"image\":{\"@id\":\"https:\/\/www.movingfitnesswear.com\/catalogo\/#\/schema\/logo\/image\/\"}}]}<\/script>\n<!-- \/ Yoast SEO plugin. -->","yoast_head_json":{"title":"MACAQUINHO CONFORT EMPINA BUMBUM JACQUARD CANELADO LAVANDA - U - Moving","description":"Confira os \u00faltimos lan\u00e7amentos com o nosso Cat\u00e1logo. Conhec\u0327a a originalidade, identidade e exclusividade da MOVING!","robots":{"index":"index","follow":"follow","max-snippet":"max-snippet:-1","max-image-preview":"max-image-preview:large","max-video-preview":"max-video-preview:-1"},"canonical":"https:\/\/www.movingfitnesswear.com\/catalogo\/catalog\/macaquinho-confort-empina-bumbum-jacquard-canelado-lavanda\/","og_locale":"pt_BR","og_type":"article","og_title":"MACAQUINHO CONFORT EMPINA BUMBUM JACQUARD CANELADO LAVANDA - U - Moving","og_description":"Confira os \u00faltimos lan\u00e7amentos com o nosso Cat\u00e1logo. Conhec\u0327a a originalidade, identidade e exclusividade da MOVING!","og_url":"https:\/\/www.movingfitnesswear.com\/catalogo\/catalog\/macaquinho-confort-empina-bumbum-jacquard-canelado-lavanda\/","og_site_name":"Moving","article_modified_time":"2025-11-03T20:41:55+00:00","og_image":[{"width":2500,"height":2500,"url":"https:\/\/www.movingfitnesswear.com\/catalogo\/wp-content\/uploads\/2025\/04\/jacquard-canelado-lavanda-macaquinho-confort-empina-bumbum-jacquard-canelado-lavanda-2025-04-08-01.jpg","type":"image\/jpeg"}],"twitter_card":"summary_large_image","schema":{"@context":"https:\/\/schema.org","@graph":[{"@type":"WebPage","@id":"https:\/\/www.movingfitnesswear.com\/catalogo\/catalog\/macaquinho-confort-empina-bumbum-jacquard-canelado-lavanda\/","url":"https:\/\/www.movingfitnesswear.com\/catalogo\/catalog\/macaquinho-confort-empina-bumbum-jacquard-canelado-lavanda\/","name":"MACAQUINHO CONFORT EMPINA BUMBUM JACQUARD CANELADO LAVANDA - U - Moving","isPartOf":{"@id":"https:\/\/www.movingfitnesswear.com\/catalogo\/#website"},"primaryImageOfPage":{"@id":"https:\/\/www.movingfitnesswear.com\/catalogo\/catalog\/macaquinho-confort-empina-bumbum-jacquard-canelado-lavanda\/#primaryimage"},"image":{"@id":"https:\/\/www.movingfitnesswear.com\/catalogo\/catalog\/macaquinho-confort-empina-bumbum-jacquard-canelado-lavanda\/#primaryimage"},"thumbnailUrl":"https:\/\/www.movingfitnesswear.com\/catalogo\/wp-content\/uploads\/2025\/04\/jacquard-canelado-lavanda-macaquinho-confort-empina-bumbum-jacquard-canelado-lavanda-2025-04-08-01.jpg","datePublished":"2025-04-15T00:00:00+00:00","dateModified":"2025-11-03T20:41:55+00:00","description":"Confira os \u00faltimos lan\u00e7amentos com o nosso Cat\u00e1logo. Conhec\u0327a a originalidade, identidade e exclusividade da MOVING!","breadcrumb":{"@id":"https:\/\/www.movingfitnesswear.com\/catalogo\/catalog\/macaquinho-confort-empina-bumbum-jacquard-canelado-lavanda\/#breadcrumb"},"inLanguage":"pt-BR","potentialAction":[{"@type":"ReadAction","target":["https:\/\/www.movingfitnesswear.com\/catalogo\/catalog\/macaquinho-confort-empina-bumbum-jacquard-canelado-lavanda\/"]}]},{"@type":"ImageObject","inLanguage":"pt-BR","@id":"https:\/\/www.movingfitnesswear.com\/catalogo\/catalog\/macaquinho-confort-empina-bumbum-jacquard-canelado-lavanda\/#primaryimage","url":"https:\/\/www.movingfitnesswear.com\/catalogo\/wp-content\/uploads\/2025\/04\/jacquard-canelado-lavanda-macaquinho-confort-empina-bumbum-jacquard-canelado-lavanda-2025-04-08-01.jpg","contentUrl":"https:\/\/www.movingfitnesswear.com\/catalogo\/wp-content\/uploads\/2025\/04\/jacquard-canelado-lavanda-macaquinho-confort-empina-bumbum-jacquard-canelado-lavanda-2025-04-08-01.jpg","width":2500,"height":2500},{"@type":"BreadcrumbList","@id":"https:\/\/www.movingfitnesswear.com\/catalogo\/catalog\/macaquinho-confort-empina-bumbum-jacquard-canelado-lavanda\/#breadcrumb","itemListElement":[{"@type":"ListItem","position":1,"name":"In\u00edcio","item":"https:\/\/www.movingfitnesswear.com\/catalogo\/"},{"@type":"ListItem","position":2,"name":"Cat\u00e1logo","item":"https:\/\/www.movingfitnesswear.com\/catalogo\/catalog\/"},{"@type":"ListItem","position":3,"name":"MACAQUINHO CONFORT EMPINA BUMBUM JACQUARD CANELADO LAVANDA"}]},{"@type":"WebSite","@id":"https:\/\/www.movingfitnesswear.com\/catalogo\/#website","url":"https:\/\/www.movingfitnesswear.com\/catalogo\/","name":"Moving","description":"","publisher":{"@id":"https:\/\/www.movingfitnesswear.com\/catalogo\/#organization"},"potentialAction":[{"@type":"SearchAction","target":{"@type":"EntryPoint","urlTemplate":"https:\/\/www.movingfitnesswear.com\/catalogo\/?s={search_term_string}"},"query-input":{"@type":"PropertyValueSpecification","valueRequired":true,"valueName":"search_term_string"}}],"inLanguage":"pt-BR"},{"@type":"Organization","@id":"https:\/\/www.movingfitnesswear.com\/catalogo\/#organization","name":"Moving Fitness Wear","url":"https:\/\/www.movingfitnesswear.com\/catalogo\/","logo":{"@type":"ImageObject","inLanguage":"pt-BR","@id":"https:\/\/www.movingfitnesswear.com\/catalogo\/#\/schema\/logo\/image\/","url":"https:\/\/www.movingfitnesswear.com\/wp-content\/uploads\/2021\/07\/logo.jpg","contentUrl":"https:\/\/www.movingfitnesswear.com\/wp-content\/uploads\/2021\/07\/logo.jpg","width":650,"height":650,"caption":"Moving Fitness Wear"},"image":{"@id":"https:\/\/www.movingfitnesswear.com\/catalogo\/#\/schema\/logo\/image\/"}}]}},"uagb_featured_image_src":{"full":["https:\/\/www.movingfitnesswear.com\/catalogo\/wp-content\/uploads\/2025\/04\/jacquard-canelado-lavanda-macaquinho-confort-empina-bumbum-jacquard-canelado-lavanda-2025-04-08-01.jpg",2500,2500,false],"thumbnail":["https:\/\/www.movingfitnesswear.com\/catalogo\/wp-content\/uploads\/2025\/04\/jacquard-canelado-lavanda-macaquinho-confort-empina-bumbum-jacquard-canelado-lavanda-2025-04-08-01-150x150.jpg",150,150,true],"medium":["https:\/\/www.movingfitnesswear.com\/catalogo\/wp-content\/uploads\/2025\/04\/jacquard-canelado-lavanda-macaquinho-confort-empina-bumbum-jacquard-canelado-lavanda-2025-04-08-01-300x300.jpg",300,300,true],"medium_large":["https:\/\/www.movingfitnesswear.com\/catalogo\/wp-content\/uploads\/2025\/04\/jacquard-canelado-lavanda-macaquinho-confort-empina-bumbum-jacquard-canelado-lavanda-2025-04-08-01-768x768.jpg",768,768,true],"large":["https:\/\/www.movingfitnesswear.com\/catalogo\/wp-content\/uploads\/2025\/04\/jacquard-canelado-lavanda-macaquinho-confort-empina-bumbum-jacquard-canelado-lavanda-2025-04-08-01-1900x1900.jpg",1900,1900,true],"1536x1536":["https:\/\/www.movingfitnesswear.com\/catalogo\/wp-content\/uploads\/2025\/04\/jacquard-canelado-lavanda-macaquinho-confort-empina-bumbum-jacquard-canelado-lavanda-2025-04-08-01-1536x1536.jpg",1536,1536,true],"2048x2048":["https:\/\/www.movingfitnesswear.com\/catalogo\/wp-content\/uploads\/2025\/04\/jacquard-canelado-lavanda-macaquinho-confort-empina-bumbum-jacquard-canelado-lavanda-2025-04-08-01-2048x2048.jpg",2048,2048,true],"woocommerce_thumbnail":["https:\/\/www.movingfitnesswear.com\/catalogo\/wp-content\/uploads\/2025\/04\/jacquard-canelado-lavanda-macaquinho-confort-empina-bumbum-jacquard-canelado-lavanda-2025-04-08-01-375x375.jpg",375,375,true],"woocommerce_single":["https:\/\/www.movingfitnesswear.com\/catalogo\/wp-content\/uploads\/2025\/04\/jacquard-canelado-lavanda-macaquinho-confort-empina-bumbum-jacquard-canelado-lavanda-2025-04-08-01-600x600.jpg",600,600,true],"woocommerce_gallery_thumbnail":["https:\/\/www.movingfitnesswear.com\/catalogo\/wp-content\/uploads\/2025\/04\/jacquard-canelado-lavanda-macaquinho-confort-empina-bumbum-jacquard-canelado-lavanda-2025-04-08-01-100x100.jpg",100,100,true],"dgwt-wcas-product-suggestion":["https:\/\/www.movingfitnesswear.com\/catalogo\/wp-content\/uploads\/2025\/04\/jacquard-canelado-lavanda-macaquinho-confort-empina-bumbum-jacquard-canelado-lavanda-2025-04-08-01-64x64.jpg",64,64,true]},"uagb_author_info":{"display_name":"Kelwin Pereira Mello","author_link":"https:\/\/www.movingfitnesswear.com\/catalogo\/author\/"},"uagb_comment_info":0,"uagb_excerpt":"Um toque de cor com suavidade e eleg\u00e2ncia. A cole\u00e7\u00e3o Canelado Lavanda traz o lil\u00e1s em sua forma mais delicada, com textura canelada que adiciona charme sem esfor\u00e7o. Leve, sutil e cheio de personalidade \u2014 perfeito para quem busca equil\u00edbrio entre estilo e serenidade. O Macaquinho Confort chegou para abra\u00e7ar suas curvas com leveza, praticidade&hellip;","_links":{"self":[{"href":"https:\/\/www.movingfitnesswear.com\/catalogo\/wp-json\/wp\/v2\/product\/55626","targetHints":{"allow":["GET"]}}],"collection":[{"href":"https:\/\/www.movingfitnesswear.com\/catalogo\/wp-json\/wp\/v2\/product"}],"about":[{"href":"https:\/\/www.movingfitnesswear.com\/catalogo\/wp-json\/wp\/v2\/types\/product"}],"wp:featuredmedia":[{"embeddable":true,"href":"https:\/\/www.movingfitnesswear.com\/catalogo\/wp-json\/wp\/v2\/media\/55399"}],"wp:attachment":[{"href":"https:\/\/www.movingfitnesswear.com\/catalogo\/wp-json\/wp\/v2\/media?parent=55626"}],"wp:term":[{"taxonomy":"product_brand","embeddable":true,"href":"https:\/\/www.movingfitnesswear.com\/catalogo\/wp-json\/wp\/v2\/product_brand?post=55626"},{"taxonomy":"product_cat","embeddable":true,"href":"https:\/\/www.movingfitnesswear.com\/catalogo\/wp-json\/wp\/v2\/product_cat?post=55626"},{"taxonomy":"product_tag","embeddable":true,"href":"https:\/\/www.movingfitnesswear.com\/catalogo\/wp-json\/wp\/v2\/product_tag?post=55626"}],"curies":[{"name":"wp","href":"https:\/\/api.w.org\/{rel}","templated":true}]}}