{"id":55260,"date":"2025-03-25T00:00:00","date_gmt":"2025-03-25T00:00:00","guid":{"rendered":"https:\/\/www.movingfitnesswear.com\/catalogo\/?post_type=product&#038;p=55260"},"modified":"2026-01-07T16:18:17","modified_gmt":"2026-01-07T19:18:17","slug":"biquini-cortininha-spectra-exclusivo","status":"publish","type":"product","link":"https:\/\/www.movingfitnesswear.com\/catalogo\/catalog\/biquini-cortininha-spectra-exclusivo\/","title":{"rendered":"BIQU\u00cdNI CORTININHA SPECTRA EXCLUSIVO"},"content":{"rendered":"","protected":false},"excerpt":{"rendered":"<p>A luz se transforma, as formas se moldam ao seu ritmo. Spectra \u00e9 a fus\u00e3o em um jogo de contrastes que reflete for\u00e7a, sofistica\u00e7\u00e3o e atitude. Com um visual monocrom\u00e1tico, inspirada na dispers\u00e3o da luz sob um prisma, essa cole\u00e7\u00e3o veste quem ilumina o pr\u00f3prio caminho. Os tra\u00e7os marcantes e o equil\u00edbrio do preto e branco criam uma est\u00e9tica sutil e ao mesmo tempo poderosa!<\/p>\n<p>Os biqu\u00ednis da Moving s\u00e3o puro encanto, e as suas estampas favoritas n\u00e3o poderiam ser mais deslumbrantes. Escolha o seu toque de estilo e mergulhe na beleza das nossas cria\u00e7\u00f5es! <\/p>\n<p>COMPOSI\u00c7AO:<br \/>\n83% POLIAMIDA<br \/>\n17% ELASTANO<\/p>\n","protected":false},"featured_media":62961,"template":"","meta":{"_uag_custom_page_level_css":""},"product_brand":[],"product_cat":[136],"product_tag":[2220,2224,2217],"class_list":{"0":"post-55260","1":"product","2":"type-product","3":"status-publish","4":"has-post-thumbnail","6":"product_cat-bikini","7":"product_tag-colecao-inspira","8":"product_tag-outlet-praia","9":"product_tag-outlet-green","10":"","11":"sales-flash-overlay","12":"woocommerce-text-align-center","13":"woocommerce-image-align-center","14":"do-quantity-buttons","15":"wc-has-gallery","16":"xt_wooqv-pos-before","18":"first","19":"outofstock","20":"sale","21":"shipping-taxable","22":"purchasable","23":"product-type-simple"},"yoast_head":"<!-- This site is optimized with the Yoast SEO plugin v26.5 - https:\/\/yoast.com\/wordpress\/plugins\/seo\/ -->\n<title>BIQU\u00cdNI CORTININHA SPECTRA EXCLUSIVO - Moving<\/title>\n<meta name=\"description\" content=\"Confira os \u00faltimos lan\u00e7amentos com o nosso Cat\u00e1logo. Conhec\u0327a a originalidade, identidade e exclusividade da MOVING!\" \/>\n<meta name=\"robots\" content=\"index, follow, max-snippet:-1, max-image-preview:large, max-video-preview:-1\" \/>\n<link rel=\"canonical\" href=\"https:\/\/www.movingfitnesswear.com\/catalogo\/catalog\/biquini-cortininha-spectra-exclusivo\/\" \/>\n<meta property=\"og:locale\" content=\"pt_BR\" \/>\n<meta property=\"og:type\" content=\"article\" \/>\n<meta property=\"og:title\" content=\"BIQU\u00cdNI CORTININHA SPECTRA EXCLUSIVO - Moving\" \/>\n<meta property=\"og:description\" content=\"Confira os \u00faltimos lan\u00e7amentos com o nosso Cat\u00e1logo. Conhec\u0327a a originalidade, identidade e exclusividade da MOVING!\" \/>\n<meta property=\"og:url\" content=\"https:\/\/www.movingfitnesswear.com\/catalogo\/catalog\/biquini-cortininha-spectra-exclusivo\/\" \/>\n<meta property=\"og:site_name\" content=\"Moving\" \/>\n<meta property=\"article:modified_time\" content=\"2026-01-07T19:18:17+00:00\" \/>\n<meta property=\"og:image\" content=\"https:\/\/www.movingfitnesswear.com\/catalogo\/wp-content\/uploads\/2025\/12\/spectra-exclusivo-biquini-cortininha-spectra-1.jpg\" \/>\n\t<meta property=\"og:image:width\" content=\"1484\" \/>\n\t<meta property=\"og:image:height\" content=\"1484\" \/>\n\t<meta property=\"og:image:type\" content=\"image\/jpeg\" \/>\n<meta name=\"twitter:card\" content=\"summary_large_image\" \/>\n<script type=\"application\/ld+json\" class=\"yoast-schema-graph\">{\"@context\":\"https:\/\/schema.org\",\"@graph\":[{\"@type\":\"WebPage\",\"@id\":\"https:\/\/www.movingfitnesswear.com\/catalogo\/catalog\/biquini-cortininha-spectra-exclusivo\/\",\"url\":\"https:\/\/www.movingfitnesswear.com\/catalogo\/catalog\/biquini-cortininha-spectra-exclusivo\/\",\"name\":\"BIQU\u00cdNI CORTININHA SPECTRA EXCLUSIVO - Moving\",\"isPartOf\":{\"@id\":\"https:\/\/www.movingfitnesswear.com\/catalogo\/#website\"},\"primaryImageOfPage\":{\"@id\":\"https:\/\/www.movingfitnesswear.com\/catalogo\/catalog\/biquini-cortininha-spectra-exclusivo\/#primaryimage\"},\"image\":{\"@id\":\"https:\/\/www.movingfitnesswear.com\/catalogo\/catalog\/biquini-cortininha-spectra-exclusivo\/#primaryimage\"},\"thumbnailUrl\":\"https:\/\/www.movingfitnesswear.com\/catalogo\/wp-content\/uploads\/2025\/12\/spectra-exclusivo-biquini-cortininha-spectra-1.jpg\",\"datePublished\":\"2025-03-25T00:00:00+00:00\",\"dateModified\":\"2026-01-07T19:18:17+00:00\",\"description\":\"Confira os \u00faltimos lan\u00e7amentos com o nosso Cat\u00e1logo. Conhec\u0327a a originalidade, identidade e exclusividade da MOVING!\",\"breadcrumb\":{\"@id\":\"https:\/\/www.movingfitnesswear.com\/catalogo\/catalog\/biquini-cortininha-spectra-exclusivo\/#breadcrumb\"},\"inLanguage\":\"pt-BR\",\"potentialAction\":[{\"@type\":\"ReadAction\",\"target\":[\"https:\/\/www.movingfitnesswear.com\/catalogo\/catalog\/biquini-cortininha-spectra-exclusivo\/\"]}]},{\"@type\":\"ImageObject\",\"inLanguage\":\"pt-BR\",\"@id\":\"https:\/\/www.movingfitnesswear.com\/catalogo\/catalog\/biquini-cortininha-spectra-exclusivo\/#primaryimage\",\"url\":\"https:\/\/www.movingfitnesswear.com\/catalogo\/wp-content\/uploads\/2025\/12\/spectra-exclusivo-biquini-cortininha-spectra-1.jpg\",\"contentUrl\":\"https:\/\/www.movingfitnesswear.com\/catalogo\/wp-content\/uploads\/2025\/12\/spectra-exclusivo-biquini-cortininha-spectra-1.jpg\",\"width\":1484,\"height\":1484},{\"@type\":\"BreadcrumbList\",\"@id\":\"https:\/\/www.movingfitnesswear.com\/catalogo\/catalog\/biquini-cortininha-spectra-exclusivo\/#breadcrumb\",\"itemListElement\":[{\"@type\":\"ListItem\",\"position\":1,\"name\":\"In\u00edcio\",\"item\":\"https:\/\/www.movingfitnesswear.com\/catalogo\/\"},{\"@type\":\"ListItem\",\"position\":2,\"name\":\"Cat\u00e1logo\",\"item\":\"https:\/\/www.movingfitnesswear.com\/catalogo\/catalog\/\"},{\"@type\":\"ListItem\",\"position\":3,\"name\":\"BIQU\u00cdNI CORTININHA SPECTRA EXCLUSIVO\"}]},{\"@type\":\"WebSite\",\"@id\":\"https:\/\/www.movingfitnesswear.com\/catalogo\/#website\",\"url\":\"https:\/\/www.movingfitnesswear.com\/catalogo\/\",\"name\":\"Moving\",\"description\":\"\",\"publisher\":{\"@id\":\"https:\/\/www.movingfitnesswear.com\/catalogo\/#organization\"},\"potentialAction\":[{\"@type\":\"SearchAction\",\"target\":{\"@type\":\"EntryPoint\",\"urlTemplate\":\"https:\/\/www.movingfitnesswear.com\/catalogo\/?s={search_term_string}\"},\"query-input\":{\"@type\":\"PropertyValueSpecification\",\"valueRequired\":true,\"valueName\":\"search_term_string\"}}],\"inLanguage\":\"pt-BR\"},{\"@type\":\"Organization\",\"@id\":\"https:\/\/www.movingfitnesswear.com\/catalogo\/#organization\",\"name\":\"Moving Fitness Wear\",\"url\":\"https:\/\/www.movingfitnesswear.com\/catalogo\/\",\"logo\":{\"@type\":\"ImageObject\",\"inLanguage\":\"pt-BR\",\"@id\":\"https:\/\/www.movingfitnesswear.com\/catalogo\/#\/schema\/logo\/image\/\",\"url\":\"https:\/\/www.movingfitnesswear.com\/wp-content\/uploads\/2021\/07\/logo.jpg\",\"contentUrl\":\"https:\/\/www.movingfitnesswear.com\/wp-content\/uploads\/2021\/07\/logo.jpg\",\"width\":650,\"height\":650,\"caption\":\"Moving Fitness Wear\"},\"image\":{\"@id\":\"https:\/\/www.movingfitnesswear.com\/catalogo\/#\/schema\/logo\/image\/\"}}]}<\/script>\n<!-- \/ Yoast SEO plugin. -->","yoast_head_json":{"title":"BIQU\u00cdNI CORTININHA SPECTRA EXCLUSIVO - Moving","description":"Confira os \u00faltimos lan\u00e7amentos com o nosso Cat\u00e1logo. Conhec\u0327a a originalidade, identidade e exclusividade da MOVING!","robots":{"index":"index","follow":"follow","max-snippet":"max-snippet:-1","max-image-preview":"max-image-preview:large","max-video-preview":"max-video-preview:-1"},"canonical":"https:\/\/www.movingfitnesswear.com\/catalogo\/catalog\/biquini-cortininha-spectra-exclusivo\/","og_locale":"pt_BR","og_type":"article","og_title":"BIQU\u00cdNI CORTININHA SPECTRA EXCLUSIVO - Moving","og_description":"Confira os \u00faltimos lan\u00e7amentos com o nosso Cat\u00e1logo. Conhec\u0327a a originalidade, identidade e exclusividade da MOVING!","og_url":"https:\/\/www.movingfitnesswear.com\/catalogo\/catalog\/biquini-cortininha-spectra-exclusivo\/","og_site_name":"Moving","article_modified_time":"2026-01-07T19:18:17+00:00","og_image":[{"width":1484,"height":1484,"url":"https:\/\/www.movingfitnesswear.com\/catalogo\/wp-content\/uploads\/2025\/12\/spectra-exclusivo-biquini-cortininha-spectra-1.jpg","type":"image\/jpeg"}],"twitter_card":"summary_large_image","schema":{"@context":"https:\/\/schema.org","@graph":[{"@type":"WebPage","@id":"https:\/\/www.movingfitnesswear.com\/catalogo\/catalog\/biquini-cortininha-spectra-exclusivo\/","url":"https:\/\/www.movingfitnesswear.com\/catalogo\/catalog\/biquini-cortininha-spectra-exclusivo\/","name":"BIQU\u00cdNI CORTININHA SPECTRA EXCLUSIVO - Moving","isPartOf":{"@id":"https:\/\/www.movingfitnesswear.com\/catalogo\/#website"},"primaryImageOfPage":{"@id":"https:\/\/www.movingfitnesswear.com\/catalogo\/catalog\/biquini-cortininha-spectra-exclusivo\/#primaryimage"},"image":{"@id":"https:\/\/www.movingfitnesswear.com\/catalogo\/catalog\/biquini-cortininha-spectra-exclusivo\/#primaryimage"},"thumbnailUrl":"https:\/\/www.movingfitnesswear.com\/catalogo\/wp-content\/uploads\/2025\/12\/spectra-exclusivo-biquini-cortininha-spectra-1.jpg","datePublished":"2025-03-25T00:00:00+00:00","dateModified":"2026-01-07T19:18:17+00:00","description":"Confira os \u00faltimos lan\u00e7amentos com o nosso Cat\u00e1logo. Conhec\u0327a a originalidade, identidade e exclusividade da MOVING!","breadcrumb":{"@id":"https:\/\/www.movingfitnesswear.com\/catalogo\/catalog\/biquini-cortininha-spectra-exclusivo\/#breadcrumb"},"inLanguage":"pt-BR","potentialAction":[{"@type":"ReadAction","target":["https:\/\/www.movingfitnesswear.com\/catalogo\/catalog\/biquini-cortininha-spectra-exclusivo\/"]}]},{"@type":"ImageObject","inLanguage":"pt-BR","@id":"https:\/\/www.movingfitnesswear.com\/catalogo\/catalog\/biquini-cortininha-spectra-exclusivo\/#primaryimage","url":"https:\/\/www.movingfitnesswear.com\/catalogo\/wp-content\/uploads\/2025\/12\/spectra-exclusivo-biquini-cortininha-spectra-1.jpg","contentUrl":"https:\/\/www.movingfitnesswear.com\/catalogo\/wp-content\/uploads\/2025\/12\/spectra-exclusivo-biquini-cortininha-spectra-1.jpg","width":1484,"height":1484},{"@type":"BreadcrumbList","@id":"https:\/\/www.movingfitnesswear.com\/catalogo\/catalog\/biquini-cortininha-spectra-exclusivo\/#breadcrumb","itemListElement":[{"@type":"ListItem","position":1,"name":"In\u00edcio","item":"https:\/\/www.movingfitnesswear.com\/catalogo\/"},{"@type":"ListItem","position":2,"name":"Cat\u00e1logo","item":"https:\/\/www.movingfitnesswear.com\/catalogo\/catalog\/"},{"@type":"ListItem","position":3,"name":"BIQU\u00cdNI CORTININHA SPECTRA EXCLUSIVO"}]},{"@type":"WebSite","@id":"https:\/\/www.movingfitnesswear.com\/catalogo\/#website","url":"https:\/\/www.movingfitnesswear.com\/catalogo\/","name":"Moving","description":"","publisher":{"@id":"https:\/\/www.movingfitnesswear.com\/catalogo\/#organization"},"potentialAction":[{"@type":"SearchAction","target":{"@type":"EntryPoint","urlTemplate":"https:\/\/www.movingfitnesswear.com\/catalogo\/?s={search_term_string}"},"query-input":{"@type":"PropertyValueSpecification","valueRequired":true,"valueName":"search_term_string"}}],"inLanguage":"pt-BR"},{"@type":"Organization","@id":"https:\/\/www.movingfitnesswear.com\/catalogo\/#organization","name":"Moving Fitness Wear","url":"https:\/\/www.movingfitnesswear.com\/catalogo\/","logo":{"@type":"ImageObject","inLanguage":"pt-BR","@id":"https:\/\/www.movingfitnesswear.com\/catalogo\/#\/schema\/logo\/image\/","url":"https:\/\/www.movingfitnesswear.com\/wp-content\/uploads\/2021\/07\/logo.jpg","contentUrl":"https:\/\/www.movingfitnesswear.com\/wp-content\/uploads\/2021\/07\/logo.jpg","width":650,"height":650,"caption":"Moving Fitness Wear"},"image":{"@id":"https:\/\/www.movingfitnesswear.com\/catalogo\/#\/schema\/logo\/image\/"}}]}},"uagb_featured_image_src":{"full":["https:\/\/www.movingfitnesswear.com\/catalogo\/wp-content\/uploads\/2025\/12\/spectra-exclusivo-biquini-cortininha-spectra-1.jpg",1484,1484,false],"thumbnail":["https:\/\/www.movingfitnesswear.com\/catalogo\/wp-content\/uploads\/2025\/12\/spectra-exclusivo-biquini-cortininha-spectra-1-150x150.jpg",150,150,true],"medium":["https:\/\/www.movingfitnesswear.com\/catalogo\/wp-content\/uploads\/2025\/12\/spectra-exclusivo-biquini-cortininha-spectra-1-300x300.jpg",300,300,true],"medium_large":["https:\/\/www.movingfitnesswear.com\/catalogo\/wp-content\/uploads\/2025\/12\/spectra-exclusivo-biquini-cortininha-spectra-1-768x768.jpg",768,768,true],"large":["https:\/\/www.movingfitnesswear.com\/catalogo\/wp-content\/uploads\/2025\/12\/spectra-exclusivo-biquini-cortininha-spectra-1.jpg",1484,1484,false],"1536x1536":["https:\/\/www.movingfitnesswear.com\/catalogo\/wp-content\/uploads\/2025\/12\/spectra-exclusivo-biquini-cortininha-spectra-1.jpg",1484,1484,false],"2048x2048":["https:\/\/www.movingfitnesswear.com\/catalogo\/wp-content\/uploads\/2025\/12\/spectra-exclusivo-biquini-cortininha-spectra-1.jpg",1484,1484,false],"woocommerce_thumbnail":["https:\/\/www.movingfitnesswear.com\/catalogo\/wp-content\/uploads\/2025\/12\/spectra-exclusivo-biquini-cortininha-spectra-1-375x375.jpg",375,375,true],"woocommerce_single":["https:\/\/www.movingfitnesswear.com\/catalogo\/wp-content\/uploads\/2025\/12\/spectra-exclusivo-biquini-cortininha-spectra-1-600x600.jpg",600,600,true],"woocommerce_gallery_thumbnail":["https:\/\/www.movingfitnesswear.com\/catalogo\/wp-content\/uploads\/2025\/12\/spectra-exclusivo-biquini-cortininha-spectra-1-100x100.jpg",100,100,true],"dgwt-wcas-product-suggestion":["https:\/\/www.movingfitnesswear.com\/catalogo\/wp-content\/uploads\/2025\/12\/spectra-exclusivo-biquini-cortininha-spectra-1-64x64.jpg",64,64,true]},"uagb_author_info":{"display_name":"Kelwin Pereira Mello","author_link":"https:\/\/www.movingfitnesswear.com\/catalogo\/author\/"},"uagb_comment_info":0,"uagb_excerpt":"A luz se transforma, as formas se moldam ao seu ritmo. Spectra \u00e9 a fus\u00e3o em um jogo de contrastes que reflete for\u00e7a, sofistica\u00e7\u00e3o e atitude. Com um visual monocrom\u00e1tico, inspirada na dispers\u00e3o da luz sob um prisma, essa cole\u00e7\u00e3o veste quem ilumina o pr\u00f3prio caminho. Os tra\u00e7os marcantes e o equil\u00edbrio do preto e&hellip;","_links":{"self":[{"href":"https:\/\/www.movingfitnesswear.com\/catalogo\/wp-json\/wp\/v2\/product\/55260","targetHints":{"allow":["GET"]}}],"collection":[{"href":"https:\/\/www.movingfitnesswear.com\/catalogo\/wp-json\/wp\/v2\/product"}],"about":[{"href":"https:\/\/www.movingfitnesswear.com\/catalogo\/wp-json\/wp\/v2\/types\/product"}],"wp:featuredmedia":[{"embeddable":true,"href":"https:\/\/www.movingfitnesswear.com\/catalogo\/wp-json\/wp\/v2\/media\/62961"}],"wp:attachment":[{"href":"https:\/\/www.movingfitnesswear.com\/catalogo\/wp-json\/wp\/v2\/media?parent=55260"}],"wp:term":[{"taxonomy":"product_brand","embeddable":true,"href":"https:\/\/www.movingfitnesswear.com\/catalogo\/wp-json\/wp\/v2\/product_brand?post=55260"},{"taxonomy":"product_cat","embeddable":true,"href":"https:\/\/www.movingfitnesswear.com\/catalogo\/wp-json\/wp\/v2\/product_cat?post=55260"},{"taxonomy":"product_tag","embeddable":true,"href":"https:\/\/www.movingfitnesswear.com\/catalogo\/wp-json\/wp\/v2\/product_tag?post=55260"}],"curies":[{"name":"wp","href":"https:\/\/api.w.org\/{rel}","templated":true}]}}