{"id":55252,"date":"2025-03-23T23:15:01","date_gmt":"2025-03-24T02:15:01","guid":{"rendered":"https:\/\/www.movingfitnesswear.com\/catalogo\/?post_type=product&#038;p=55252"},"modified":"2025-11-06T15:04:17","modified_gmt":"2025-11-06T18:04:17","slug":"legging-viena-empina-bumbum-jacquard-canelado-papaia","status":"publish","type":"product","link":"https:\/\/www.movingfitnesswear.com\/catalogo\/catalog\/legging-viena-empina-bumbum-jacquard-canelado-papaia\/","title":{"rendered":"LEGGING VIENA EMPINA BUMBUM JACQUARD CANELADO PAPAIA"},"content":{"rendered":"","protected":false},"excerpt":{"rendered":"<p>Nem vibrante demais, nem discreta de menos. Papaya traduz o equil\u00edbrio perfeito entre suavidade e intensidade, inspirada na tonalidade \u00fanica da fruta que d\u00e1 nome \u00e0 cole\u00e7\u00e3o. Um tom que aquece, envolve e imprime presen\u00e7a sem esfor\u00e7o. Assim como a papaya, essa cole\u00e7\u00e3o nutre \u2014 n\u00e3o o corpo, e sim sua confian\u00e7a. Descomplicada, vers\u00e1til e irresist\u00edvel, porque eleg\u00e2ncia de verdade n\u00e3o precisa de r\u00f3tulos, s\u00f3 de um encaixe perfeito. Papaya \u2013 Leveza que nutre, cor que irradia.<\/p>\n<p>A Legging Viena \u00e9 o equil\u00edbrio perfeito entre conforto e estilo. Seu c\u00f3s alto e a compress\u00e3o no abd\u00f4men garantem uma cintura afinada e o efeito empina bumbum valoriza as curvas com sofistica\u00e7\u00e3o. Uma pe\u00e7a moderna e funcional, projetada para acompanhar seu ritmo com eleg\u00e2ncia.<\/p>\n<p>COMPOSI\u00c7AO:<br \/>\n92% POLIAMIDA<br \/>\n8% ELASTANO<\/p>\n","protected":false},"featured_media":55115,"template":"","meta":{"_uag_custom_page_level_css":""},"product_brand":[],"product_cat":[124],"product_tag":[2220,2084,2213,2214],"class_list":{"0":"post-55252","1":"product","2":"type-product","3":"status-publish","4":"has-post-thumbnail","6":"product_cat-legging_3d_jacquard","7":"product_tag-colecao-inspira","8":"product_tag-jacquard-canelado-papaia","9":"product_tag-outlet","10":"product_tag-outlet-blue","11":"https:\/\/www.youtube.com\/watch?v=_0jwENOlE3A;https:\/\/www.youtube.com\/watch?v=9Tdx7Kxqg-M","12":"sales-flash-overlay","13":"woocommerce-text-align-center","14":"woocommerce-image-align-center","15":"do-quantity-buttons","16":"wc-has-gallery","17":"xt_wooqv-pos-before","19":"first","20":"outofstock","21":"sale","22":"shipping-taxable","23":"purchasable","24":"product-type-simple"},"yoast_head":"<!-- This site is optimized with the Yoast SEO plugin v26.5 - https:\/\/yoast.com\/wordpress\/plugins\/seo\/ -->\n<title>LEGGING VIENA EMPINA BUMBUM JACQUARD CANELADO PAPAIA - Moving<\/title>\n<meta name=\"description\" content=\"Confira os \u00faltimos lan\u00e7amentos com o nosso Cat\u00e1logo. Conhec\u0327a a originalidade, identidade e exclusividade da MOVING!\" \/>\n<meta name=\"robots\" content=\"index, follow, max-snippet:-1, max-image-preview:large, max-video-preview:-1\" \/>\n<link rel=\"canonical\" href=\"https:\/\/www.movingfitnesswear.com\/catalogo\/catalog\/legging-viena-empina-bumbum-jacquard-canelado-papaia\/\" \/>\n<meta property=\"og:locale\" content=\"pt_BR\" \/>\n<meta property=\"og:type\" content=\"article\" \/>\n<meta property=\"og:title\" content=\"LEGGING VIENA EMPINA BUMBUM JACQUARD CANELADO PAPAIA - Moving\" \/>\n<meta property=\"og:description\" content=\"Confira os \u00faltimos lan\u00e7amentos com o nosso Cat\u00e1logo. Conhec\u0327a a originalidade, identidade e exclusividade da MOVING!\" \/>\n<meta property=\"og:url\" content=\"https:\/\/www.movingfitnesswear.com\/catalogo\/catalog\/legging-viena-empina-bumbum-jacquard-canelado-papaia\/\" \/>\n<meta property=\"og:site_name\" content=\"Moving\" \/>\n<meta property=\"article:modified_time\" content=\"2025-11-06T18:04:17+00:00\" \/>\n<meta property=\"og:image\" content=\"https:\/\/www.movingfitnesswear.com\/catalogo\/wp-content\/uploads\/2025\/03\/jacquard-canelado-papaia-legging-viena-empina-bumbum-jacquard-canelado-papaia-2025-03-24-01.jpg\" \/>\n\t<meta property=\"og:image:width\" content=\"2500\" \/>\n\t<meta property=\"og:image:height\" content=\"2500\" \/>\n\t<meta property=\"og:image:type\" content=\"image\/jpeg\" \/>\n<meta name=\"twitter:card\" content=\"summary_large_image\" \/>\n<script type=\"application\/ld+json\" class=\"yoast-schema-graph\">{\"@context\":\"https:\/\/schema.org\",\"@graph\":[{\"@type\":\"WebPage\",\"@id\":\"https:\/\/www.movingfitnesswear.com\/catalogo\/catalog\/legging-viena-empina-bumbum-jacquard-canelado-papaia\/\",\"url\":\"https:\/\/www.movingfitnesswear.com\/catalogo\/catalog\/legging-viena-empina-bumbum-jacquard-canelado-papaia\/\",\"name\":\"LEGGING VIENA EMPINA BUMBUM JACQUARD CANELADO PAPAIA - Moving\",\"isPartOf\":{\"@id\":\"https:\/\/www.movingfitnesswear.com\/catalogo\/#website\"},\"primaryImageOfPage\":{\"@id\":\"https:\/\/www.movingfitnesswear.com\/catalogo\/catalog\/legging-viena-empina-bumbum-jacquard-canelado-papaia\/#primaryimage\"},\"image\":{\"@id\":\"https:\/\/www.movingfitnesswear.com\/catalogo\/catalog\/legging-viena-empina-bumbum-jacquard-canelado-papaia\/#primaryimage\"},\"thumbnailUrl\":\"https:\/\/www.movingfitnesswear.com\/catalogo\/wp-content\/uploads\/2025\/03\/jacquard-canelado-papaia-legging-viena-empina-bumbum-jacquard-canelado-papaia-2025-03-24-01.jpg\",\"datePublished\":\"2025-03-24T02:15:01+00:00\",\"dateModified\":\"2025-11-06T18:04:17+00:00\",\"description\":\"Confira os \u00faltimos lan\u00e7amentos com o nosso Cat\u00e1logo. Conhec\u0327a a originalidade, identidade e exclusividade da MOVING!\",\"breadcrumb\":{\"@id\":\"https:\/\/www.movingfitnesswear.com\/catalogo\/catalog\/legging-viena-empina-bumbum-jacquard-canelado-papaia\/#breadcrumb\"},\"inLanguage\":\"pt-BR\",\"potentialAction\":[{\"@type\":\"ReadAction\",\"target\":[\"https:\/\/www.movingfitnesswear.com\/catalogo\/catalog\/legging-viena-empina-bumbum-jacquard-canelado-papaia\/\"]}]},{\"@type\":\"ImageObject\",\"inLanguage\":\"pt-BR\",\"@id\":\"https:\/\/www.movingfitnesswear.com\/catalogo\/catalog\/legging-viena-empina-bumbum-jacquard-canelado-papaia\/#primaryimage\",\"url\":\"https:\/\/www.movingfitnesswear.com\/catalogo\/wp-content\/uploads\/2025\/03\/jacquard-canelado-papaia-legging-viena-empina-bumbum-jacquard-canelado-papaia-2025-03-24-01.jpg\",\"contentUrl\":\"https:\/\/www.movingfitnesswear.com\/catalogo\/wp-content\/uploads\/2025\/03\/jacquard-canelado-papaia-legging-viena-empina-bumbum-jacquard-canelado-papaia-2025-03-24-01.jpg\",\"width\":2500,\"height\":2500},{\"@type\":\"BreadcrumbList\",\"@id\":\"https:\/\/www.movingfitnesswear.com\/catalogo\/catalog\/legging-viena-empina-bumbum-jacquard-canelado-papaia\/#breadcrumb\",\"itemListElement\":[{\"@type\":\"ListItem\",\"position\":1,\"name\":\"In\u00edcio\",\"item\":\"https:\/\/www.movingfitnesswear.com\/catalogo\/\"},{\"@type\":\"ListItem\",\"position\":2,\"name\":\"Cat\u00e1logo\",\"item\":\"https:\/\/www.movingfitnesswear.com\/catalogo\/catalog\/\"},{\"@type\":\"ListItem\",\"position\":3,\"name\":\"LEGGING VIENA EMPINA BUMBUM JACQUARD CANELADO PAPAIA\"}]},{\"@type\":\"WebSite\",\"@id\":\"https:\/\/www.movingfitnesswear.com\/catalogo\/#website\",\"url\":\"https:\/\/www.movingfitnesswear.com\/catalogo\/\",\"name\":\"Moving\",\"description\":\"\",\"publisher\":{\"@id\":\"https:\/\/www.movingfitnesswear.com\/catalogo\/#organization\"},\"potentialAction\":[{\"@type\":\"SearchAction\",\"target\":{\"@type\":\"EntryPoint\",\"urlTemplate\":\"https:\/\/www.movingfitnesswear.com\/catalogo\/?s={search_term_string}\"},\"query-input\":{\"@type\":\"PropertyValueSpecification\",\"valueRequired\":true,\"valueName\":\"search_term_string\"}}],\"inLanguage\":\"pt-BR\"},{\"@type\":\"Organization\",\"@id\":\"https:\/\/www.movingfitnesswear.com\/catalogo\/#organization\",\"name\":\"Moving Fitness Wear\",\"url\":\"https:\/\/www.movingfitnesswear.com\/catalogo\/\",\"logo\":{\"@type\":\"ImageObject\",\"inLanguage\":\"pt-BR\",\"@id\":\"https:\/\/www.movingfitnesswear.com\/catalogo\/#\/schema\/logo\/image\/\",\"url\":\"https:\/\/www.movingfitnesswear.com\/wp-content\/uploads\/2021\/07\/logo.jpg\",\"contentUrl\":\"https:\/\/www.movingfitnesswear.com\/wp-content\/uploads\/2021\/07\/logo.jpg\",\"width\":650,\"height\":650,\"caption\":\"Moving Fitness Wear\"},\"image\":{\"@id\":\"https:\/\/www.movingfitnesswear.com\/catalogo\/#\/schema\/logo\/image\/\"}}]}<\/script>\n<!-- \/ Yoast SEO plugin. -->","yoast_head_json":{"title":"LEGGING VIENA EMPINA BUMBUM JACQUARD CANELADO PAPAIA - Moving","description":"Confira os \u00faltimos lan\u00e7amentos com o nosso Cat\u00e1logo. Conhec\u0327a a originalidade, identidade e exclusividade da MOVING!","robots":{"index":"index","follow":"follow","max-snippet":"max-snippet:-1","max-image-preview":"max-image-preview:large","max-video-preview":"max-video-preview:-1"},"canonical":"https:\/\/www.movingfitnesswear.com\/catalogo\/catalog\/legging-viena-empina-bumbum-jacquard-canelado-papaia\/","og_locale":"pt_BR","og_type":"article","og_title":"LEGGING VIENA EMPINA BUMBUM JACQUARD CANELADO PAPAIA - Moving","og_description":"Confira os \u00faltimos lan\u00e7amentos com o nosso Cat\u00e1logo. Conhec\u0327a a originalidade, identidade e exclusividade da MOVING!","og_url":"https:\/\/www.movingfitnesswear.com\/catalogo\/catalog\/legging-viena-empina-bumbum-jacquard-canelado-papaia\/","og_site_name":"Moving","article_modified_time":"2025-11-06T18:04:17+00:00","og_image":[{"width":2500,"height":2500,"url":"https:\/\/www.movingfitnesswear.com\/catalogo\/wp-content\/uploads\/2025\/03\/jacquard-canelado-papaia-legging-viena-empina-bumbum-jacquard-canelado-papaia-2025-03-24-01.jpg","type":"image\/jpeg"}],"twitter_card":"summary_large_image","schema":{"@context":"https:\/\/schema.org","@graph":[{"@type":"WebPage","@id":"https:\/\/www.movingfitnesswear.com\/catalogo\/catalog\/legging-viena-empina-bumbum-jacquard-canelado-papaia\/","url":"https:\/\/www.movingfitnesswear.com\/catalogo\/catalog\/legging-viena-empina-bumbum-jacquard-canelado-papaia\/","name":"LEGGING VIENA EMPINA BUMBUM JACQUARD CANELADO PAPAIA - Moving","isPartOf":{"@id":"https:\/\/www.movingfitnesswear.com\/catalogo\/#website"},"primaryImageOfPage":{"@id":"https:\/\/www.movingfitnesswear.com\/catalogo\/catalog\/legging-viena-empina-bumbum-jacquard-canelado-papaia\/#primaryimage"},"image":{"@id":"https:\/\/www.movingfitnesswear.com\/catalogo\/catalog\/legging-viena-empina-bumbum-jacquard-canelado-papaia\/#primaryimage"},"thumbnailUrl":"https:\/\/www.movingfitnesswear.com\/catalogo\/wp-content\/uploads\/2025\/03\/jacquard-canelado-papaia-legging-viena-empina-bumbum-jacquard-canelado-papaia-2025-03-24-01.jpg","datePublished":"2025-03-24T02:15:01+00:00","dateModified":"2025-11-06T18:04:17+00:00","description":"Confira os \u00faltimos lan\u00e7amentos com o nosso Cat\u00e1logo. Conhec\u0327a a originalidade, identidade e exclusividade da MOVING!","breadcrumb":{"@id":"https:\/\/www.movingfitnesswear.com\/catalogo\/catalog\/legging-viena-empina-bumbum-jacquard-canelado-papaia\/#breadcrumb"},"inLanguage":"pt-BR","potentialAction":[{"@type":"ReadAction","target":["https:\/\/www.movingfitnesswear.com\/catalogo\/catalog\/legging-viena-empina-bumbum-jacquard-canelado-papaia\/"]}]},{"@type":"ImageObject","inLanguage":"pt-BR","@id":"https:\/\/www.movingfitnesswear.com\/catalogo\/catalog\/legging-viena-empina-bumbum-jacquard-canelado-papaia\/#primaryimage","url":"https:\/\/www.movingfitnesswear.com\/catalogo\/wp-content\/uploads\/2025\/03\/jacquard-canelado-papaia-legging-viena-empina-bumbum-jacquard-canelado-papaia-2025-03-24-01.jpg","contentUrl":"https:\/\/www.movingfitnesswear.com\/catalogo\/wp-content\/uploads\/2025\/03\/jacquard-canelado-papaia-legging-viena-empina-bumbum-jacquard-canelado-papaia-2025-03-24-01.jpg","width":2500,"height":2500},{"@type":"BreadcrumbList","@id":"https:\/\/www.movingfitnesswear.com\/catalogo\/catalog\/legging-viena-empina-bumbum-jacquard-canelado-papaia\/#breadcrumb","itemListElement":[{"@type":"ListItem","position":1,"name":"In\u00edcio","item":"https:\/\/www.movingfitnesswear.com\/catalogo\/"},{"@type":"ListItem","position":2,"name":"Cat\u00e1logo","item":"https:\/\/www.movingfitnesswear.com\/catalogo\/catalog\/"},{"@type":"ListItem","position":3,"name":"LEGGING VIENA EMPINA BUMBUM JACQUARD CANELADO PAPAIA"}]},{"@type":"WebSite","@id":"https:\/\/www.movingfitnesswear.com\/catalogo\/#website","url":"https:\/\/www.movingfitnesswear.com\/catalogo\/","name":"Moving","description":"","publisher":{"@id":"https:\/\/www.movingfitnesswear.com\/catalogo\/#organization"},"potentialAction":[{"@type":"SearchAction","target":{"@type":"EntryPoint","urlTemplate":"https:\/\/www.movingfitnesswear.com\/catalogo\/?s={search_term_string}"},"query-input":{"@type":"PropertyValueSpecification","valueRequired":true,"valueName":"search_term_string"}}],"inLanguage":"pt-BR"},{"@type":"Organization","@id":"https:\/\/www.movingfitnesswear.com\/catalogo\/#organization","name":"Moving Fitness Wear","url":"https:\/\/www.movingfitnesswear.com\/catalogo\/","logo":{"@type":"ImageObject","inLanguage":"pt-BR","@id":"https:\/\/www.movingfitnesswear.com\/catalogo\/#\/schema\/logo\/image\/","url":"https:\/\/www.movingfitnesswear.com\/wp-content\/uploads\/2021\/07\/logo.jpg","contentUrl":"https:\/\/www.movingfitnesswear.com\/wp-content\/uploads\/2021\/07\/logo.jpg","width":650,"height":650,"caption":"Moving Fitness Wear"},"image":{"@id":"https:\/\/www.movingfitnesswear.com\/catalogo\/#\/schema\/logo\/image\/"}}]}},"uagb_featured_image_src":{"full":["https:\/\/www.movingfitnesswear.com\/catalogo\/wp-content\/uploads\/2025\/03\/jacquard-canelado-papaia-legging-viena-empina-bumbum-jacquard-canelado-papaia-2025-03-24-01.jpg",2500,2500,false],"thumbnail":["https:\/\/www.movingfitnesswear.com\/catalogo\/wp-content\/uploads\/2025\/03\/jacquard-canelado-papaia-legging-viena-empina-bumbum-jacquard-canelado-papaia-2025-03-24-01-150x150.jpg",150,150,true],"medium":["https:\/\/www.movingfitnesswear.com\/catalogo\/wp-content\/uploads\/2025\/03\/jacquard-canelado-papaia-legging-viena-empina-bumbum-jacquard-canelado-papaia-2025-03-24-01-300x300.jpg",300,300,true],"medium_large":["https:\/\/www.movingfitnesswear.com\/catalogo\/wp-content\/uploads\/2025\/03\/jacquard-canelado-papaia-legging-viena-empina-bumbum-jacquard-canelado-papaia-2025-03-24-01-768x768.jpg",768,768,true],"large":["https:\/\/www.movingfitnesswear.com\/catalogo\/wp-content\/uploads\/2025\/03\/jacquard-canelado-papaia-legging-viena-empina-bumbum-jacquard-canelado-papaia-2025-03-24-01-1900x1900.jpg",1900,1900,true],"1536x1536":["https:\/\/www.movingfitnesswear.com\/catalogo\/wp-content\/uploads\/2025\/03\/jacquard-canelado-papaia-legging-viena-empina-bumbum-jacquard-canelado-papaia-2025-03-24-01-1536x1536.jpg",1536,1536,true],"2048x2048":["https:\/\/www.movingfitnesswear.com\/catalogo\/wp-content\/uploads\/2025\/03\/jacquard-canelado-papaia-legging-viena-empina-bumbum-jacquard-canelado-papaia-2025-03-24-01-2048x2048.jpg",2048,2048,true],"woocommerce_thumbnail":["https:\/\/www.movingfitnesswear.com\/catalogo\/wp-content\/uploads\/2025\/03\/jacquard-canelado-papaia-legging-viena-empina-bumbum-jacquard-canelado-papaia-2025-03-24-01-375x375.jpg",375,375,true],"woocommerce_single":["https:\/\/www.movingfitnesswear.com\/catalogo\/wp-content\/uploads\/2025\/03\/jacquard-canelado-papaia-legging-viena-empina-bumbum-jacquard-canelado-papaia-2025-03-24-01-600x600.jpg",600,600,true],"woocommerce_gallery_thumbnail":["https:\/\/www.movingfitnesswear.com\/catalogo\/wp-content\/uploads\/2025\/03\/jacquard-canelado-papaia-legging-viena-empina-bumbum-jacquard-canelado-papaia-2025-03-24-01-100x100.jpg",100,100,true],"dgwt-wcas-product-suggestion":["https:\/\/www.movingfitnesswear.com\/catalogo\/wp-content\/uploads\/2025\/03\/jacquard-canelado-papaia-legging-viena-empina-bumbum-jacquard-canelado-papaia-2025-03-24-01-64x64.jpg",64,64,true]},"uagb_author_info":{"display_name":"Kelwin Pereira Mello","author_link":"https:\/\/www.movingfitnesswear.com\/catalogo\/author\/"},"uagb_comment_info":0,"uagb_excerpt":"Nem vibrante demais, nem discreta de menos. Papaya traduz o equil\u00edbrio perfeito entre suavidade e intensidade, inspirada na tonalidade \u00fanica da fruta que d\u00e1 nome \u00e0 cole\u00e7\u00e3o. Um tom que aquece, envolve e imprime presen\u00e7a sem esfor\u00e7o. Assim como a papaya, essa cole\u00e7\u00e3o nutre \u2014 n\u00e3o o corpo, e sim sua confian\u00e7a. Descomplicada, vers\u00e1til e&hellip;","_links":{"self":[{"href":"https:\/\/www.movingfitnesswear.com\/catalogo\/wp-json\/wp\/v2\/product\/55252","targetHints":{"allow":["GET"]}}],"collection":[{"href":"https:\/\/www.movingfitnesswear.com\/catalogo\/wp-json\/wp\/v2\/product"}],"about":[{"href":"https:\/\/www.movingfitnesswear.com\/catalogo\/wp-json\/wp\/v2\/types\/product"}],"wp:featuredmedia":[{"embeddable":true,"href":"https:\/\/www.movingfitnesswear.com\/catalogo\/wp-json\/wp\/v2\/media\/55115"}],"wp:attachment":[{"href":"https:\/\/www.movingfitnesswear.com\/catalogo\/wp-json\/wp\/v2\/media?parent=55252"}],"wp:term":[{"taxonomy":"product_brand","embeddable":true,"href":"https:\/\/www.movingfitnesswear.com\/catalogo\/wp-json\/wp\/v2\/product_brand?post=55252"},{"taxonomy":"product_cat","embeddable":true,"href":"https:\/\/www.movingfitnesswear.com\/catalogo\/wp-json\/wp\/v2\/product_cat?post=55252"},{"taxonomy":"product_tag","embeddable":true,"href":"https:\/\/www.movingfitnesswear.com\/catalogo\/wp-json\/wp\/v2\/product_tag?post=55252"}],"curies":[{"name":"wp","href":"https:\/\/api.w.org\/{rel}","templated":true}]}}