{"id":52582,"date":"2024-11-16T15:29:52","date_gmt":"2024-11-16T18:29:52","guid":{"rendered":"https:\/\/www.movingfitnesswear.com\/catalogo\/?post_type=product&#038;p=52582"},"modified":"2025-06-18T15:49:01","modified_gmt":"2025-06-18T18:49:01","slug":"macacao-eiffel-empina-bumbum-roar-exclusivo-2","status":"publish","type":"product","link":"https:\/\/www.movingfitnesswear.com\/catalogo\/catalog\/macacao-eiffel-empina-bumbum-roar-exclusivo-2\/","title":{"rendered":"MACAC\u00c3O EIFFEL EMPINA BUMBUM ROAR EXCLUSIVO"},"content":{"rendered":"","protected":false},"excerpt":{"rendered":"<p>A cl\u00e1ssica estampa de oncinha ganha vida em pe\u00e7as que combinam estilo e conforto. A cole\u00e7\u00e3o Roar \u00e9 para quem gosta de marcar presen\u00e7a com atitude, perfeita para acompanhar seu ritmo em qualquer ocasi\u00e3o. Inspirada na for\u00e7a feminina, essa cole\u00e7\u00e3o \u00e9 um lembrete de que voc\u00ea e merece se destacar do seu jeito, com confian\u00e7a e autenticidade.<\/p>\n<p>Inspirado na Torre Eiffel, o Macac\u00e3o Eiffel \u00e9 a combina\u00e7\u00e3o perfeita entre design sofisticado e funcionalidade. Seus recortes laterais, desenhados para alongar a silhueta, se conectam a um detalhe central que evoca as famosas formas da torre. Com um tecido que oferece modelagem impec\u00e1vel, ele proporciona um caimento que valoriza o corpo com o efeito push up no bumbum.<\/p>\n<p>COMPOSI\u00c7\u00c3O:<br \/>\n83% POLIAMIDA<br \/>\n17% ELASTANO<\/p>\n","protected":false},"featured_media":52537,"template":"","meta":{"_uag_custom_page_level_css":""},"product_brand":[],"product_cat":[135],"product_tag":[847],"class_list":{"0":"post-52582","1":"product","2":"type-product","3":"status-publish","4":"has-post-thumbnail","6":"product_cat-jumpsuits","7":"product_tag-roar","8":"https:\/\/youtube.com\/shorts\/4CwGyK4cwIM?feature=share","9":"sales-flash-overlay","10":"woocommerce-text-align-center","11":"woocommerce-image-align-center","12":"do-quantity-buttons","13":"wc-has-gallery","14":"xt_wooqv-pos-before","16":"first","17":"outofstock","18":"sale","19":"shipping-taxable","20":"purchasable","21":"product-type-simple"},"yoast_head":"<!-- This site is optimized with the Yoast SEO plugin v26.5 - https:\/\/yoast.com\/wordpress\/plugins\/seo\/ -->\n<title>MACAC\u00c3O EIFFEL EMPINA BUMBUM ROAR EXCLUSIVO - Moving<\/title>\n<meta name=\"description\" content=\"Confira os \u00faltimos lan\u00e7amentos com o nosso Cat\u00e1logo. Conhec\u0327a a originalidade, identidade e exclusividade da MOVING!\" \/>\n<meta name=\"robots\" content=\"index, follow, max-snippet:-1, max-image-preview:large, max-video-preview:-1\" \/>\n<link rel=\"canonical\" href=\"https:\/\/www.movingfitnesswear.com\/catalogo\/catalog\/macacao-eiffel-empina-bumbum-roar-exclusivo-2\/\" \/>\n<meta property=\"og:locale\" content=\"pt_BR\" \/>\n<meta property=\"og:type\" content=\"article\" \/>\n<meta property=\"og:title\" content=\"MACAC\u00c3O EIFFEL EMPINA BUMBUM ROAR EXCLUSIVO - Moving\" \/>\n<meta property=\"og:description\" content=\"Confira os \u00faltimos lan\u00e7amentos com o nosso Cat\u00e1logo. Conhec\u0327a a originalidade, identidade e exclusividade da MOVING!\" \/>\n<meta property=\"og:url\" content=\"https:\/\/www.movingfitnesswear.com\/catalogo\/catalog\/macacao-eiffel-empina-bumbum-roar-exclusivo-2\/\" \/>\n<meta property=\"og:site_name\" content=\"Moving\" \/>\n<meta property=\"article:modified_time\" content=\"2025-06-18T18:49:01+00:00\" \/>\n<meta property=\"og:image\" content=\"https:\/\/www.movingfitnesswear.com\/catalogo\/wp-content\/uploads\/2024\/11\/roar-macacao-eiffel-empina-bumbum-roar-exclusivo-2024-11-16-01.jpg\" \/>\n\t<meta property=\"og:image:width\" content=\"2500\" \/>\n\t<meta property=\"og:image:height\" content=\"2500\" \/>\n\t<meta property=\"og:image:type\" content=\"image\/jpeg\" \/>\n<meta name=\"twitter:card\" content=\"summary_large_image\" \/>\n<script type=\"application\/ld+json\" class=\"yoast-schema-graph\">{\"@context\":\"https:\/\/schema.org\",\"@graph\":[{\"@type\":\"WebPage\",\"@id\":\"https:\/\/www.movingfitnesswear.com\/catalogo\/catalog\/macacao-eiffel-empina-bumbum-roar-exclusivo-2\/\",\"url\":\"https:\/\/www.movingfitnesswear.com\/catalogo\/catalog\/macacao-eiffel-empina-bumbum-roar-exclusivo-2\/\",\"name\":\"MACAC\u00c3O EIFFEL EMPINA BUMBUM ROAR EXCLUSIVO - Moving\",\"isPartOf\":{\"@id\":\"https:\/\/www.movingfitnesswear.com\/catalogo\/#website\"},\"primaryImageOfPage\":{\"@id\":\"https:\/\/www.movingfitnesswear.com\/catalogo\/catalog\/macacao-eiffel-empina-bumbum-roar-exclusivo-2\/#primaryimage\"},\"image\":{\"@id\":\"https:\/\/www.movingfitnesswear.com\/catalogo\/catalog\/macacao-eiffel-empina-bumbum-roar-exclusivo-2\/#primaryimage\"},\"thumbnailUrl\":\"https:\/\/www.movingfitnesswear.com\/catalogo\/wp-content\/uploads\/2024\/11\/roar-macacao-eiffel-empina-bumbum-roar-exclusivo-2024-11-16-01.jpg\",\"datePublished\":\"2024-11-16T18:29:52+00:00\",\"dateModified\":\"2025-06-18T18:49:01+00:00\",\"description\":\"Confira os \u00faltimos lan\u00e7amentos com o nosso Cat\u00e1logo. Conhec\u0327a a originalidade, identidade e exclusividade da MOVING!\",\"breadcrumb\":{\"@id\":\"https:\/\/www.movingfitnesswear.com\/catalogo\/catalog\/macacao-eiffel-empina-bumbum-roar-exclusivo-2\/#breadcrumb\"},\"inLanguage\":\"pt-BR\",\"potentialAction\":[{\"@type\":\"ReadAction\",\"target\":[\"https:\/\/www.movingfitnesswear.com\/catalogo\/catalog\/macacao-eiffel-empina-bumbum-roar-exclusivo-2\/\"]}]},{\"@type\":\"ImageObject\",\"inLanguage\":\"pt-BR\",\"@id\":\"https:\/\/www.movingfitnesswear.com\/catalogo\/catalog\/macacao-eiffel-empina-bumbum-roar-exclusivo-2\/#primaryimage\",\"url\":\"https:\/\/www.movingfitnesswear.com\/catalogo\/wp-content\/uploads\/2024\/11\/roar-macacao-eiffel-empina-bumbum-roar-exclusivo-2024-11-16-01.jpg\",\"contentUrl\":\"https:\/\/www.movingfitnesswear.com\/catalogo\/wp-content\/uploads\/2024\/11\/roar-macacao-eiffel-empina-bumbum-roar-exclusivo-2024-11-16-01.jpg\",\"width\":2500,\"height\":2500},{\"@type\":\"BreadcrumbList\",\"@id\":\"https:\/\/www.movingfitnesswear.com\/catalogo\/catalog\/macacao-eiffel-empina-bumbum-roar-exclusivo-2\/#breadcrumb\",\"itemListElement\":[{\"@type\":\"ListItem\",\"position\":1,\"name\":\"In\u00edcio\",\"item\":\"https:\/\/www.movingfitnesswear.com\/catalogo\/\"},{\"@type\":\"ListItem\",\"position\":2,\"name\":\"Cat\u00e1logo\",\"item\":\"https:\/\/www.movingfitnesswear.com\/catalogo\/catalog\/\"},{\"@type\":\"ListItem\",\"position\":3,\"name\":\"MACAC\u00c3O EIFFEL EMPINA BUMBUM ROAR EXCLUSIVO\"}]},{\"@type\":\"WebSite\",\"@id\":\"https:\/\/www.movingfitnesswear.com\/catalogo\/#website\",\"url\":\"https:\/\/www.movingfitnesswear.com\/catalogo\/\",\"name\":\"Moving\",\"description\":\"\",\"publisher\":{\"@id\":\"https:\/\/www.movingfitnesswear.com\/catalogo\/#organization\"},\"potentialAction\":[{\"@type\":\"SearchAction\",\"target\":{\"@type\":\"EntryPoint\",\"urlTemplate\":\"https:\/\/www.movingfitnesswear.com\/catalogo\/?s={search_term_string}\"},\"query-input\":{\"@type\":\"PropertyValueSpecification\",\"valueRequired\":true,\"valueName\":\"search_term_string\"}}],\"inLanguage\":\"pt-BR\"},{\"@type\":\"Organization\",\"@id\":\"https:\/\/www.movingfitnesswear.com\/catalogo\/#organization\",\"name\":\"Moving Fitness Wear\",\"url\":\"https:\/\/www.movingfitnesswear.com\/catalogo\/\",\"logo\":{\"@type\":\"ImageObject\",\"inLanguage\":\"pt-BR\",\"@id\":\"https:\/\/www.movingfitnesswear.com\/catalogo\/#\/schema\/logo\/image\/\",\"url\":\"https:\/\/www.movingfitnesswear.com\/wp-content\/uploads\/2021\/07\/logo.jpg\",\"contentUrl\":\"https:\/\/www.movingfitnesswear.com\/wp-content\/uploads\/2021\/07\/logo.jpg\",\"width\":650,\"height\":650,\"caption\":\"Moving Fitness Wear\"},\"image\":{\"@id\":\"https:\/\/www.movingfitnesswear.com\/catalogo\/#\/schema\/logo\/image\/\"}}]}<\/script>\n<!-- \/ Yoast SEO plugin. -->","yoast_head_json":{"title":"MACAC\u00c3O EIFFEL EMPINA BUMBUM ROAR EXCLUSIVO - Moving","description":"Confira os \u00faltimos lan\u00e7amentos com o nosso Cat\u00e1logo. Conhec\u0327a a originalidade, identidade e exclusividade da MOVING!","robots":{"index":"index","follow":"follow","max-snippet":"max-snippet:-1","max-image-preview":"max-image-preview:large","max-video-preview":"max-video-preview:-1"},"canonical":"https:\/\/www.movingfitnesswear.com\/catalogo\/catalog\/macacao-eiffel-empina-bumbum-roar-exclusivo-2\/","og_locale":"pt_BR","og_type":"article","og_title":"MACAC\u00c3O EIFFEL EMPINA BUMBUM ROAR EXCLUSIVO - Moving","og_description":"Confira os \u00faltimos lan\u00e7amentos com o nosso Cat\u00e1logo. Conhec\u0327a a originalidade, identidade e exclusividade da MOVING!","og_url":"https:\/\/www.movingfitnesswear.com\/catalogo\/catalog\/macacao-eiffel-empina-bumbum-roar-exclusivo-2\/","og_site_name":"Moving","article_modified_time":"2025-06-18T18:49:01+00:00","og_image":[{"width":2500,"height":2500,"url":"https:\/\/www.movingfitnesswear.com\/catalogo\/wp-content\/uploads\/2024\/11\/roar-macacao-eiffel-empina-bumbum-roar-exclusivo-2024-11-16-01.jpg","type":"image\/jpeg"}],"twitter_card":"summary_large_image","schema":{"@context":"https:\/\/schema.org","@graph":[{"@type":"WebPage","@id":"https:\/\/www.movingfitnesswear.com\/catalogo\/catalog\/macacao-eiffel-empina-bumbum-roar-exclusivo-2\/","url":"https:\/\/www.movingfitnesswear.com\/catalogo\/catalog\/macacao-eiffel-empina-bumbum-roar-exclusivo-2\/","name":"MACAC\u00c3O EIFFEL EMPINA BUMBUM ROAR EXCLUSIVO - Moving","isPartOf":{"@id":"https:\/\/www.movingfitnesswear.com\/catalogo\/#website"},"primaryImageOfPage":{"@id":"https:\/\/www.movingfitnesswear.com\/catalogo\/catalog\/macacao-eiffel-empina-bumbum-roar-exclusivo-2\/#primaryimage"},"image":{"@id":"https:\/\/www.movingfitnesswear.com\/catalogo\/catalog\/macacao-eiffel-empina-bumbum-roar-exclusivo-2\/#primaryimage"},"thumbnailUrl":"https:\/\/www.movingfitnesswear.com\/catalogo\/wp-content\/uploads\/2024\/11\/roar-macacao-eiffel-empina-bumbum-roar-exclusivo-2024-11-16-01.jpg","datePublished":"2024-11-16T18:29:52+00:00","dateModified":"2025-06-18T18:49:01+00:00","description":"Confira os \u00faltimos lan\u00e7amentos com o nosso Cat\u00e1logo. Conhec\u0327a a originalidade, identidade e exclusividade da MOVING!","breadcrumb":{"@id":"https:\/\/www.movingfitnesswear.com\/catalogo\/catalog\/macacao-eiffel-empina-bumbum-roar-exclusivo-2\/#breadcrumb"},"inLanguage":"pt-BR","potentialAction":[{"@type":"ReadAction","target":["https:\/\/www.movingfitnesswear.com\/catalogo\/catalog\/macacao-eiffel-empina-bumbum-roar-exclusivo-2\/"]}]},{"@type":"ImageObject","inLanguage":"pt-BR","@id":"https:\/\/www.movingfitnesswear.com\/catalogo\/catalog\/macacao-eiffel-empina-bumbum-roar-exclusivo-2\/#primaryimage","url":"https:\/\/www.movingfitnesswear.com\/catalogo\/wp-content\/uploads\/2024\/11\/roar-macacao-eiffel-empina-bumbum-roar-exclusivo-2024-11-16-01.jpg","contentUrl":"https:\/\/www.movingfitnesswear.com\/catalogo\/wp-content\/uploads\/2024\/11\/roar-macacao-eiffel-empina-bumbum-roar-exclusivo-2024-11-16-01.jpg","width":2500,"height":2500},{"@type":"BreadcrumbList","@id":"https:\/\/www.movingfitnesswear.com\/catalogo\/catalog\/macacao-eiffel-empina-bumbum-roar-exclusivo-2\/#breadcrumb","itemListElement":[{"@type":"ListItem","position":1,"name":"In\u00edcio","item":"https:\/\/www.movingfitnesswear.com\/catalogo\/"},{"@type":"ListItem","position":2,"name":"Cat\u00e1logo","item":"https:\/\/www.movingfitnesswear.com\/catalogo\/catalog\/"},{"@type":"ListItem","position":3,"name":"MACAC\u00c3O EIFFEL EMPINA BUMBUM ROAR EXCLUSIVO"}]},{"@type":"WebSite","@id":"https:\/\/www.movingfitnesswear.com\/catalogo\/#website","url":"https:\/\/www.movingfitnesswear.com\/catalogo\/","name":"Moving","description":"","publisher":{"@id":"https:\/\/www.movingfitnesswear.com\/catalogo\/#organization"},"potentialAction":[{"@type":"SearchAction","target":{"@type":"EntryPoint","urlTemplate":"https:\/\/www.movingfitnesswear.com\/catalogo\/?s={search_term_string}"},"query-input":{"@type":"PropertyValueSpecification","valueRequired":true,"valueName":"search_term_string"}}],"inLanguage":"pt-BR"},{"@type":"Organization","@id":"https:\/\/www.movingfitnesswear.com\/catalogo\/#organization","name":"Moving Fitness Wear","url":"https:\/\/www.movingfitnesswear.com\/catalogo\/","logo":{"@type":"ImageObject","inLanguage":"pt-BR","@id":"https:\/\/www.movingfitnesswear.com\/catalogo\/#\/schema\/logo\/image\/","url":"https:\/\/www.movingfitnesswear.com\/wp-content\/uploads\/2021\/07\/logo.jpg","contentUrl":"https:\/\/www.movingfitnesswear.com\/wp-content\/uploads\/2021\/07\/logo.jpg","width":650,"height":650,"caption":"Moving Fitness Wear"},"image":{"@id":"https:\/\/www.movingfitnesswear.com\/catalogo\/#\/schema\/logo\/image\/"}}]}},"uagb_featured_image_src":{"full":["https:\/\/www.movingfitnesswear.com\/catalogo\/wp-content\/uploads\/2024\/11\/roar-macacao-eiffel-empina-bumbum-roar-exclusivo-2024-11-16-01.jpg",2500,2500,false],"thumbnail":["https:\/\/www.movingfitnesswear.com\/catalogo\/wp-content\/uploads\/2024\/11\/roar-macacao-eiffel-empina-bumbum-roar-exclusivo-2024-11-16-01-150x150.jpg",150,150,true],"medium":["https:\/\/www.movingfitnesswear.com\/catalogo\/wp-content\/uploads\/2024\/11\/roar-macacao-eiffel-empina-bumbum-roar-exclusivo-2024-11-16-01-300x300.jpg",300,300,true],"medium_large":["https:\/\/www.movingfitnesswear.com\/catalogo\/wp-content\/uploads\/2024\/11\/roar-macacao-eiffel-empina-bumbum-roar-exclusivo-2024-11-16-01-768x768.jpg",768,768,true],"large":["https:\/\/www.movingfitnesswear.com\/catalogo\/wp-content\/uploads\/2024\/11\/roar-macacao-eiffel-empina-bumbum-roar-exclusivo-2024-11-16-01-1900x1900.jpg",1900,1900,true],"1536x1536":["https:\/\/www.movingfitnesswear.com\/catalogo\/wp-content\/uploads\/2024\/11\/roar-macacao-eiffel-empina-bumbum-roar-exclusivo-2024-11-16-01-1536x1536.jpg",1536,1536,true],"2048x2048":["https:\/\/www.movingfitnesswear.com\/catalogo\/wp-content\/uploads\/2024\/11\/roar-macacao-eiffel-empina-bumbum-roar-exclusivo-2024-11-16-01-2048x2048.jpg",2048,2048,true],"woocommerce_thumbnail":["https:\/\/www.movingfitnesswear.com\/catalogo\/wp-content\/uploads\/2024\/11\/roar-macacao-eiffel-empina-bumbum-roar-exclusivo-2024-11-16-01-375x375.jpg",375,375,true],"woocommerce_single":["https:\/\/www.movingfitnesswear.com\/catalogo\/wp-content\/uploads\/2024\/11\/roar-macacao-eiffel-empina-bumbum-roar-exclusivo-2024-11-16-01-600x600.jpg",600,600,true],"woocommerce_gallery_thumbnail":["https:\/\/www.movingfitnesswear.com\/catalogo\/wp-content\/uploads\/2024\/11\/roar-macacao-eiffel-empina-bumbum-roar-exclusivo-2024-11-16-01-100x100.jpg",100,100,true],"dgwt-wcas-product-suggestion":["https:\/\/www.movingfitnesswear.com\/catalogo\/wp-content\/uploads\/2024\/11\/roar-macacao-eiffel-empina-bumbum-roar-exclusivo-2024-11-16-01-64x64.jpg",64,64,true]},"uagb_author_info":{"display_name":"Kelwin Pereira Mello","author_link":"https:\/\/www.movingfitnesswear.com\/catalogo\/author\/"},"uagb_comment_info":0,"uagb_excerpt":"A cl\u00e1ssica estampa de oncinha ganha vida em pe\u00e7as que combinam estilo e conforto. A cole\u00e7\u00e3o Roar \u00e9 para quem gosta de marcar presen\u00e7a com atitude, perfeita para acompanhar seu ritmo em qualquer ocasi\u00e3o. Inspirada na for\u00e7a feminina, essa cole\u00e7\u00e3o \u00e9 um lembrete de que voc\u00ea e merece se destacar do seu jeito, com confian\u00e7a&hellip;","_links":{"self":[{"href":"https:\/\/www.movingfitnesswear.com\/catalogo\/wp-json\/wp\/v2\/product\/52582","targetHints":{"allow":["GET"]}}],"collection":[{"href":"https:\/\/www.movingfitnesswear.com\/catalogo\/wp-json\/wp\/v2\/product"}],"about":[{"href":"https:\/\/www.movingfitnesswear.com\/catalogo\/wp-json\/wp\/v2\/types\/product"}],"wp:featuredmedia":[{"embeddable":true,"href":"https:\/\/www.movingfitnesswear.com\/catalogo\/wp-json\/wp\/v2\/media\/52537"}],"wp:attachment":[{"href":"https:\/\/www.movingfitnesswear.com\/catalogo\/wp-json\/wp\/v2\/media?parent=52582"}],"wp:term":[{"taxonomy":"product_brand","embeddable":true,"href":"https:\/\/www.movingfitnesswear.com\/catalogo\/wp-json\/wp\/v2\/product_brand?post=52582"},{"taxonomy":"product_cat","embeddable":true,"href":"https:\/\/www.movingfitnesswear.com\/catalogo\/wp-json\/wp\/v2\/product_cat?post=52582"},{"taxonomy":"product_tag","embeddable":true,"href":"https:\/\/www.movingfitnesswear.com\/catalogo\/wp-json\/wp\/v2\/product_tag?post=52582"}],"curies":[{"name":"wp","href":"https:\/\/api.w.org\/{rel}","templated":true}]}}