{"id":47489,"date":"2024-06-22T18:13:13","date_gmt":"2024-06-22T21:13:13","guid":{"rendered":"https:\/\/www.movingfitnesswear.com\/catalogo\/?post_type=product&#038;p=47489"},"modified":"2025-01-21T22:22:26","modified_gmt":"2025-01-22T01:22:26","slug":"legging-hope-comum-newspaper-exclusiva","status":"publish","type":"product","link":"https:\/\/www.movingfitnesswear.com\/catalogo\/catalog\/legging-hope-comum-newspaper-exclusiva\/","title":{"rendered":"LEGGING HOPE COMUM NEWSPAPER EXCLUSIVA"},"content":{"rendered":"","protected":false},"excerpt":{"rendered":"<p>Lembra daquela cena ic\u00f4nica de Sex and The City? A tend\u00eancia Newspaper brilhou na terceira temporada e no segundo filme, mas sua origem \u00e9 ainda mais glamourosa.<\/p>\n<p>Tudo come\u00e7ou em 1866, no baile de prefeitos na Austr\u00e1lia. Matilda Butters, esposa de um pol\u00edtico, fez hist\u00f3ria ao usar um vestido de seda creme estampado com 14 manchetes de jornais. Inovadora e revolucion\u00e1ria, essa tend\u00eancia se espalhou pelo mundo.<\/p>\n<p>Quem diria que d\u00e9cadas depois ainda estar\u00edamos apaixonadas por ela?<\/p>\n<p>Redescubra o charme do Newspaper e fa\u00e7a sua pr\u00f3pria manchete de estilo!<\/p>\n<p>A Legging Hope \u00e9 projetada para oferecer conforto superior e defini\u00e7\u00e3o elegante. O c\u00f3s alto pode ser usado como cinta, proporcionando suporte adicional. Os dois vivos laterais desenham a perna, criando uma sensa\u00e7\u00e3o de maior defini\u00e7\u00e3o e um toque de sofistica\u00e7\u00e3o ao seu visual.<\/p>\n<p>Composi\u00e7\u00e3o:<\/p>\n<p>83% POLIAMIDA<\/p>\n<p>17% ELASTANO<\/p>\n","protected":false},"featured_media":47361,"template":"","meta":{"_uag_custom_page_level_css":""},"product_brand":[],"product_cat":[120],"product_tag":[583],"class_list":{"0":"post-47489","1":"product","2":"type-product","3":"status-publish","4":"has-post-thumbnail","6":"product_cat-legging_common","7":"product_tag-newspaper","8":"https:\/\/www.youtube.com\/shorts\/FIrb-IQIjQA;https:\/\/www.youtube.com\/shorts\/Ghf_AopFOTE","9":"sales-flash-overlay","10":"woocommerce-text-align-center","11":"woocommerce-image-align-center","12":"do-quantity-buttons","13":"wc-has-gallery","14":"xt_wooqv-pos-before","16":"first","17":"outofstock","18":"sale","19":"shipping-taxable","20":"purchasable","21":"product-type-simple"},"yoast_head":"<!-- This site is optimized with the Yoast SEO plugin v26.5 - https:\/\/yoast.com\/wordpress\/plugins\/seo\/ -->\n<title>LEGGING HOPE COMUM NEWSPAPER EXCLUSIVA - Moving<\/title>\n<meta name=\"description\" content=\"Confira os \u00faltimos lan\u00e7amentos com o nosso Cat\u00e1logo. Conhec\u0327a a originalidade, identidade e exclusividade da MOVING!\" \/>\n<meta name=\"robots\" content=\"index, follow, max-snippet:-1, max-image-preview:large, max-video-preview:-1\" \/>\n<link rel=\"canonical\" href=\"https:\/\/www.movingfitnesswear.com\/catalogo\/catalog\/legging-hope-comum-newspaper-exclusiva\/\" \/>\n<meta property=\"og:locale\" content=\"pt_BR\" \/>\n<meta property=\"og:type\" content=\"article\" \/>\n<meta property=\"og:title\" content=\"LEGGING HOPE COMUM NEWSPAPER EXCLUSIVA - Moving\" \/>\n<meta property=\"og:description\" content=\"Confira os \u00faltimos lan\u00e7amentos com o nosso Cat\u00e1logo. Conhec\u0327a a originalidade, identidade e exclusividade da MOVING!\" \/>\n<meta property=\"og:url\" content=\"https:\/\/www.movingfitnesswear.com\/catalogo\/catalog\/legging-hope-comum-newspaper-exclusiva\/\" \/>\n<meta property=\"og:site_name\" content=\"Moving\" \/>\n<meta property=\"article:modified_time\" content=\"2025-01-22T01:22:26+00:00\" \/>\n<meta property=\"og:image\" content=\"https:\/\/www.movingfitnesswear.com\/catalogo\/wp-content\/uploads\/2024\/06\/newspaper-legging-hope-comum-newspaper-exclusiva-2024-06-22-01.jpg\" \/>\n\t<meta property=\"og:image:width\" content=\"2500\" \/>\n\t<meta property=\"og:image:height\" content=\"2500\" \/>\n\t<meta property=\"og:image:type\" content=\"image\/jpeg\" \/>\n<meta name=\"twitter:card\" content=\"summary_large_image\" \/>\n<script type=\"application\/ld+json\" class=\"yoast-schema-graph\">{\"@context\":\"https:\/\/schema.org\",\"@graph\":[{\"@type\":\"WebPage\",\"@id\":\"https:\/\/www.movingfitnesswear.com\/catalogo\/catalog\/legging-hope-comum-newspaper-exclusiva\/\",\"url\":\"https:\/\/www.movingfitnesswear.com\/catalogo\/catalog\/legging-hope-comum-newspaper-exclusiva\/\",\"name\":\"LEGGING HOPE COMUM NEWSPAPER EXCLUSIVA - Moving\",\"isPartOf\":{\"@id\":\"https:\/\/www.movingfitnesswear.com\/catalogo\/#website\"},\"primaryImageOfPage\":{\"@id\":\"https:\/\/www.movingfitnesswear.com\/catalogo\/catalog\/legging-hope-comum-newspaper-exclusiva\/#primaryimage\"},\"image\":{\"@id\":\"https:\/\/www.movingfitnesswear.com\/catalogo\/catalog\/legging-hope-comum-newspaper-exclusiva\/#primaryimage\"},\"thumbnailUrl\":\"https:\/\/www.movingfitnesswear.com\/catalogo\/wp-content\/uploads\/2024\/06\/newspaper-legging-hope-comum-newspaper-exclusiva-2024-06-22-01.jpg\",\"datePublished\":\"2024-06-22T21:13:13+00:00\",\"dateModified\":\"2025-01-22T01:22:26+00:00\",\"description\":\"Confira os \u00faltimos lan\u00e7amentos com o nosso Cat\u00e1logo. Conhec\u0327a a originalidade, identidade e exclusividade da MOVING!\",\"breadcrumb\":{\"@id\":\"https:\/\/www.movingfitnesswear.com\/catalogo\/catalog\/legging-hope-comum-newspaper-exclusiva\/#breadcrumb\"},\"inLanguage\":\"pt-BR\",\"potentialAction\":[{\"@type\":\"ReadAction\",\"target\":[\"https:\/\/www.movingfitnesswear.com\/catalogo\/catalog\/legging-hope-comum-newspaper-exclusiva\/\"]}]},{\"@type\":\"ImageObject\",\"inLanguage\":\"pt-BR\",\"@id\":\"https:\/\/www.movingfitnesswear.com\/catalogo\/catalog\/legging-hope-comum-newspaper-exclusiva\/#primaryimage\",\"url\":\"https:\/\/www.movingfitnesswear.com\/catalogo\/wp-content\/uploads\/2024\/06\/newspaper-legging-hope-comum-newspaper-exclusiva-2024-06-22-01.jpg\",\"contentUrl\":\"https:\/\/www.movingfitnesswear.com\/catalogo\/wp-content\/uploads\/2024\/06\/newspaper-legging-hope-comum-newspaper-exclusiva-2024-06-22-01.jpg\",\"width\":2500,\"height\":2500},{\"@type\":\"BreadcrumbList\",\"@id\":\"https:\/\/www.movingfitnesswear.com\/catalogo\/catalog\/legging-hope-comum-newspaper-exclusiva\/#breadcrumb\",\"itemListElement\":[{\"@type\":\"ListItem\",\"position\":1,\"name\":\"In\u00edcio\",\"item\":\"https:\/\/www.movingfitnesswear.com\/catalogo\/\"},{\"@type\":\"ListItem\",\"position\":2,\"name\":\"Cat\u00e1logo\",\"item\":\"https:\/\/www.movingfitnesswear.com\/catalogo\/catalog\/\"},{\"@type\":\"ListItem\",\"position\":3,\"name\":\"LEGGING HOPE COMUM NEWSPAPER EXCLUSIVA\"}]},{\"@type\":\"WebSite\",\"@id\":\"https:\/\/www.movingfitnesswear.com\/catalogo\/#website\",\"url\":\"https:\/\/www.movingfitnesswear.com\/catalogo\/\",\"name\":\"Moving\",\"description\":\"\",\"publisher\":{\"@id\":\"https:\/\/www.movingfitnesswear.com\/catalogo\/#organization\"},\"potentialAction\":[{\"@type\":\"SearchAction\",\"target\":{\"@type\":\"EntryPoint\",\"urlTemplate\":\"https:\/\/www.movingfitnesswear.com\/catalogo\/?s={search_term_string}\"},\"query-input\":{\"@type\":\"PropertyValueSpecification\",\"valueRequired\":true,\"valueName\":\"search_term_string\"}}],\"inLanguage\":\"pt-BR\"},{\"@type\":\"Organization\",\"@id\":\"https:\/\/www.movingfitnesswear.com\/catalogo\/#organization\",\"name\":\"Moving Fitness Wear\",\"url\":\"https:\/\/www.movingfitnesswear.com\/catalogo\/\",\"logo\":{\"@type\":\"ImageObject\",\"inLanguage\":\"pt-BR\",\"@id\":\"https:\/\/www.movingfitnesswear.com\/catalogo\/#\/schema\/logo\/image\/\",\"url\":\"https:\/\/www.movingfitnesswear.com\/wp-content\/uploads\/2021\/07\/logo.jpg\",\"contentUrl\":\"https:\/\/www.movingfitnesswear.com\/wp-content\/uploads\/2021\/07\/logo.jpg\",\"width\":650,\"height\":650,\"caption\":\"Moving Fitness Wear\"},\"image\":{\"@id\":\"https:\/\/www.movingfitnesswear.com\/catalogo\/#\/schema\/logo\/image\/\"}}]}<\/script>\n<!-- \/ Yoast SEO plugin. -->","yoast_head_json":{"title":"LEGGING HOPE COMUM NEWSPAPER EXCLUSIVA - Moving","description":"Confira os \u00faltimos lan\u00e7amentos com o nosso Cat\u00e1logo. Conhec\u0327a a originalidade, identidade e exclusividade da MOVING!","robots":{"index":"index","follow":"follow","max-snippet":"max-snippet:-1","max-image-preview":"max-image-preview:large","max-video-preview":"max-video-preview:-1"},"canonical":"https:\/\/www.movingfitnesswear.com\/catalogo\/catalog\/legging-hope-comum-newspaper-exclusiva\/","og_locale":"pt_BR","og_type":"article","og_title":"LEGGING HOPE COMUM NEWSPAPER EXCLUSIVA - Moving","og_description":"Confira os \u00faltimos lan\u00e7amentos com o nosso Cat\u00e1logo. Conhec\u0327a a originalidade, identidade e exclusividade da MOVING!","og_url":"https:\/\/www.movingfitnesswear.com\/catalogo\/catalog\/legging-hope-comum-newspaper-exclusiva\/","og_site_name":"Moving","article_modified_time":"2025-01-22T01:22:26+00:00","og_image":[{"width":2500,"height":2500,"url":"https:\/\/www.movingfitnesswear.com\/catalogo\/wp-content\/uploads\/2024\/06\/newspaper-legging-hope-comum-newspaper-exclusiva-2024-06-22-01.jpg","type":"image\/jpeg"}],"twitter_card":"summary_large_image","schema":{"@context":"https:\/\/schema.org","@graph":[{"@type":"WebPage","@id":"https:\/\/www.movingfitnesswear.com\/catalogo\/catalog\/legging-hope-comum-newspaper-exclusiva\/","url":"https:\/\/www.movingfitnesswear.com\/catalogo\/catalog\/legging-hope-comum-newspaper-exclusiva\/","name":"LEGGING HOPE COMUM NEWSPAPER EXCLUSIVA - Moving","isPartOf":{"@id":"https:\/\/www.movingfitnesswear.com\/catalogo\/#website"},"primaryImageOfPage":{"@id":"https:\/\/www.movingfitnesswear.com\/catalogo\/catalog\/legging-hope-comum-newspaper-exclusiva\/#primaryimage"},"image":{"@id":"https:\/\/www.movingfitnesswear.com\/catalogo\/catalog\/legging-hope-comum-newspaper-exclusiva\/#primaryimage"},"thumbnailUrl":"https:\/\/www.movingfitnesswear.com\/catalogo\/wp-content\/uploads\/2024\/06\/newspaper-legging-hope-comum-newspaper-exclusiva-2024-06-22-01.jpg","datePublished":"2024-06-22T21:13:13+00:00","dateModified":"2025-01-22T01:22:26+00:00","description":"Confira os \u00faltimos lan\u00e7amentos com o nosso Cat\u00e1logo. Conhec\u0327a a originalidade, identidade e exclusividade da MOVING!","breadcrumb":{"@id":"https:\/\/www.movingfitnesswear.com\/catalogo\/catalog\/legging-hope-comum-newspaper-exclusiva\/#breadcrumb"},"inLanguage":"pt-BR","potentialAction":[{"@type":"ReadAction","target":["https:\/\/www.movingfitnesswear.com\/catalogo\/catalog\/legging-hope-comum-newspaper-exclusiva\/"]}]},{"@type":"ImageObject","inLanguage":"pt-BR","@id":"https:\/\/www.movingfitnesswear.com\/catalogo\/catalog\/legging-hope-comum-newspaper-exclusiva\/#primaryimage","url":"https:\/\/www.movingfitnesswear.com\/catalogo\/wp-content\/uploads\/2024\/06\/newspaper-legging-hope-comum-newspaper-exclusiva-2024-06-22-01.jpg","contentUrl":"https:\/\/www.movingfitnesswear.com\/catalogo\/wp-content\/uploads\/2024\/06\/newspaper-legging-hope-comum-newspaper-exclusiva-2024-06-22-01.jpg","width":2500,"height":2500},{"@type":"BreadcrumbList","@id":"https:\/\/www.movingfitnesswear.com\/catalogo\/catalog\/legging-hope-comum-newspaper-exclusiva\/#breadcrumb","itemListElement":[{"@type":"ListItem","position":1,"name":"In\u00edcio","item":"https:\/\/www.movingfitnesswear.com\/catalogo\/"},{"@type":"ListItem","position":2,"name":"Cat\u00e1logo","item":"https:\/\/www.movingfitnesswear.com\/catalogo\/catalog\/"},{"@type":"ListItem","position":3,"name":"LEGGING HOPE COMUM NEWSPAPER EXCLUSIVA"}]},{"@type":"WebSite","@id":"https:\/\/www.movingfitnesswear.com\/catalogo\/#website","url":"https:\/\/www.movingfitnesswear.com\/catalogo\/","name":"Moving","description":"","publisher":{"@id":"https:\/\/www.movingfitnesswear.com\/catalogo\/#organization"},"potentialAction":[{"@type":"SearchAction","target":{"@type":"EntryPoint","urlTemplate":"https:\/\/www.movingfitnesswear.com\/catalogo\/?s={search_term_string}"},"query-input":{"@type":"PropertyValueSpecification","valueRequired":true,"valueName":"search_term_string"}}],"inLanguage":"pt-BR"},{"@type":"Organization","@id":"https:\/\/www.movingfitnesswear.com\/catalogo\/#organization","name":"Moving Fitness Wear","url":"https:\/\/www.movingfitnesswear.com\/catalogo\/","logo":{"@type":"ImageObject","inLanguage":"pt-BR","@id":"https:\/\/www.movingfitnesswear.com\/catalogo\/#\/schema\/logo\/image\/","url":"https:\/\/www.movingfitnesswear.com\/wp-content\/uploads\/2021\/07\/logo.jpg","contentUrl":"https:\/\/www.movingfitnesswear.com\/wp-content\/uploads\/2021\/07\/logo.jpg","width":650,"height":650,"caption":"Moving Fitness Wear"},"image":{"@id":"https:\/\/www.movingfitnesswear.com\/catalogo\/#\/schema\/logo\/image\/"}}]}},"uagb_featured_image_src":{"full":["https:\/\/www.movingfitnesswear.com\/catalogo\/wp-content\/uploads\/2024\/06\/newspaper-legging-hope-comum-newspaper-exclusiva-2024-06-22-01.jpg",2500,2500,false],"thumbnail":["https:\/\/www.movingfitnesswear.com\/catalogo\/wp-content\/uploads\/2024\/06\/newspaper-legging-hope-comum-newspaper-exclusiva-2024-06-22-01-150x150.jpg",150,150,true],"medium":["https:\/\/www.movingfitnesswear.com\/catalogo\/wp-content\/uploads\/2024\/06\/newspaper-legging-hope-comum-newspaper-exclusiva-2024-06-22-01-300x300.jpg",300,300,true],"medium_large":["https:\/\/www.movingfitnesswear.com\/catalogo\/wp-content\/uploads\/2024\/06\/newspaper-legging-hope-comum-newspaper-exclusiva-2024-06-22-01-768x768.jpg",768,768,true],"large":["https:\/\/www.movingfitnesswear.com\/catalogo\/wp-content\/uploads\/2024\/06\/newspaper-legging-hope-comum-newspaper-exclusiva-2024-06-22-01-1900x1900.jpg",1900,1900,true],"1536x1536":["https:\/\/www.movingfitnesswear.com\/catalogo\/wp-content\/uploads\/2024\/06\/newspaper-legging-hope-comum-newspaper-exclusiva-2024-06-22-01-1536x1536.jpg",1536,1536,true],"2048x2048":["https:\/\/www.movingfitnesswear.com\/catalogo\/wp-content\/uploads\/2024\/06\/newspaper-legging-hope-comum-newspaper-exclusiva-2024-06-22-01-2048x2048.jpg",2048,2048,true],"woocommerce_thumbnail":["https:\/\/www.movingfitnesswear.com\/catalogo\/wp-content\/uploads\/2024\/06\/newspaper-legging-hope-comum-newspaper-exclusiva-2024-06-22-01-375x375.jpg",375,375,true],"woocommerce_single":["https:\/\/www.movingfitnesswear.com\/catalogo\/wp-content\/uploads\/2024\/06\/newspaper-legging-hope-comum-newspaper-exclusiva-2024-06-22-01-600x600.jpg",600,600,true],"woocommerce_gallery_thumbnail":["https:\/\/www.movingfitnesswear.com\/catalogo\/wp-content\/uploads\/2024\/06\/newspaper-legging-hope-comum-newspaper-exclusiva-2024-06-22-01-100x100.jpg",100,100,true],"dgwt-wcas-product-suggestion":["https:\/\/www.movingfitnesswear.com\/catalogo\/wp-content\/uploads\/2024\/06\/newspaper-legging-hope-comum-newspaper-exclusiva-2024-06-22-01-64x64.jpg",64,64,true]},"uagb_author_info":{"display_name":"Kelwin Pereira Mello","author_link":"https:\/\/www.movingfitnesswear.com\/catalogo\/author\/"},"uagb_comment_info":0,"uagb_excerpt":"Lembra daquela cena ic\u00f4nica de Sex and The City? A tend\u00eancia Newspaper brilhou na terceira temporada e no segundo filme, mas sua origem \u00e9 ainda mais glamourosa. Tudo come\u00e7ou em 1866, no baile de prefeitos na Austr\u00e1lia. Matilda Butters, esposa de um pol\u00edtico, fez hist\u00f3ria ao usar um vestido de seda creme estampado com 14&hellip;","_links":{"self":[{"href":"https:\/\/www.movingfitnesswear.com\/catalogo\/wp-json\/wp\/v2\/product\/47489","targetHints":{"allow":["GET"]}}],"collection":[{"href":"https:\/\/www.movingfitnesswear.com\/catalogo\/wp-json\/wp\/v2\/product"}],"about":[{"href":"https:\/\/www.movingfitnesswear.com\/catalogo\/wp-json\/wp\/v2\/types\/product"}],"wp:featuredmedia":[{"embeddable":true,"href":"https:\/\/www.movingfitnesswear.com\/catalogo\/wp-json\/wp\/v2\/media\/47361"}],"wp:attachment":[{"href":"https:\/\/www.movingfitnesswear.com\/catalogo\/wp-json\/wp\/v2\/media?parent=47489"}],"wp:term":[{"taxonomy":"product_brand","embeddable":true,"href":"https:\/\/www.movingfitnesswear.com\/catalogo\/wp-json\/wp\/v2\/product_brand?post=47489"},{"taxonomy":"product_cat","embeddable":true,"href":"https:\/\/www.movingfitnesswear.com\/catalogo\/wp-json\/wp\/v2\/product_cat?post=47489"},{"taxonomy":"product_tag","embeddable":true,"href":"https:\/\/www.movingfitnesswear.com\/catalogo\/wp-json\/wp\/v2\/product_tag?post=47489"}],"curies":[{"name":"wp","href":"https:\/\/api.w.org\/{rel}","templated":true}]}}