{"id":42590,"date":"2024-01-17T21:00:00","date_gmt":"2024-01-18T00:00:00","guid":{"rendered":"https:\/\/www.movingfitnesswear.com\/catalogo\/?post_type=product&#038;p=42590"},"modified":"2025-01-21T22:18:47","modified_gmt":"2025-01-22T01:18:47","slug":"legging-empina-bumbum-spun-sugar-exclusiva-2","status":"publish","type":"product","link":"https:\/\/www.movingfitnesswear.com\/catalogo\/catalog\/legging-empina-bumbum-spun-sugar-exclusiva-2\/","title":{"rendered":"LEGGING EMPINA BUMBUM SPUN SUGAR EXCLUSIVA"},"content":{"rendered":"","protected":false},"excerpt":{"rendered":"<p>Amamos romantizar hist\u00f3rias e buscar inspira\u00e7\u00e3o.<\/p>\n<p>Nossa cole\u00e7\u00e3o \u00e9 semelhante a uma iguaria em seu processo de carameliza\u00e7\u00e3o. Ela surgiu na \u00cdndia no s\u00e9culo 5, onde se desenvolveu a t\u00e9cnica de solidificar o caldo extra\u00eddo da cana-de-a\u00e7\u00facar e transform\u00e1-lo em cristais granulados. A t\u00e9cnica chegou \u00e0 Europa, tornando-se um artigo de luxo destinado aos nobres devido ao seu alto valor.<\/p>\n<p>Encante-se com a hist\u00f3ria e adquira agora produtos exclusivos da nossa cole\u00e7\u00e3o inspirada nessa doce tradi\u00e7\u00e3o. Seja parte dessa experi\u00eancia \u00fanica! <\/p>\n<p>A Legging Empina Bumbum \u00e9 a perfeita combina\u00e7\u00e3o de ousadia e feminilidade. <\/p>\n<p>A costura modeladora real\u00e7a o contorno dos quadris, elevando sua confian\u00e7a com um visual marcante. <\/p>\n<p>O vi\u00e9s duplo na cintura proporciona um ajuste que define e afina a silhueta. <\/p>\n<p>Esta pe\u00e7a \u00e9 a escolha ideal para garantir que voc\u00ea se sinta linda e segura em qualquer\u00a0ocasi\u00e3o.<\/p>\n<p>Composi\u00e7\u00e3o:<\/p>\n<p>83% POLIAMIDA<br \/>\n17% ELASTANO<\/p>\n","protected":false},"featured_media":42499,"template":"","meta":{"_uag_custom_page_level_css":""},"product_brand":[],"product_cat":[121],"product_tag":[352],"class_list":{"0":"post-42590","1":"product","2":"type-product","3":"status-publish","4":"has-post-thumbnail","6":"product_cat-legging_scrunch_butt","7":"product_tag-spun-sugar","8":"https:\/\/www.youtube.com\/shorts\/6CHEK5e6ANY","9":"sales-flash-overlay","10":"woocommerce-text-align-center","11":"woocommerce-image-align-center","12":"do-quantity-buttons","13":"wc-has-gallery","14":"xt_wooqv-pos-before","16":"first","17":"outofstock","18":"sale","19":"shipping-taxable","20":"purchasable","21":"product-type-simple"},"yoast_head":"<!-- This site is optimized with the Yoast SEO plugin v26.5 - https:\/\/yoast.com\/wordpress\/plugins\/seo\/ -->\n<title>LEGGING EMPINA BUMBUM SPUN SUGAR EXCLUSIVA - Moving<\/title>\n<meta name=\"description\" content=\"Confira os \u00faltimos lan\u00e7amentos com o nosso Cat\u00e1logo. Conhec\u0327a a originalidade, identidade e exclusividade da MOVING!\" \/>\n<meta name=\"robots\" content=\"index, follow, max-snippet:-1, max-image-preview:large, max-video-preview:-1\" \/>\n<link rel=\"canonical\" href=\"https:\/\/www.movingfitnesswear.com\/catalogo\/catalog\/legging-empina-bumbum-spun-sugar-exclusiva-2\/\" \/>\n<meta property=\"og:locale\" content=\"pt_BR\" \/>\n<meta property=\"og:type\" content=\"article\" \/>\n<meta property=\"og:title\" content=\"LEGGING EMPINA BUMBUM SPUN SUGAR EXCLUSIVA - Moving\" \/>\n<meta property=\"og:description\" content=\"Confira os \u00faltimos lan\u00e7amentos com o nosso Cat\u00e1logo. Conhec\u0327a a originalidade, identidade e exclusividade da MOVING!\" \/>\n<meta property=\"og:url\" content=\"https:\/\/www.movingfitnesswear.com\/catalogo\/catalog\/legging-empina-bumbum-spun-sugar-exclusiva-2\/\" \/>\n<meta property=\"og:site_name\" content=\"Moving\" \/>\n<meta property=\"article:modified_time\" content=\"2025-01-22T01:18:47+00:00\" \/>\n<meta property=\"og:image\" content=\"https:\/\/www.movingfitnesswear.com\/catalogo\/wp-content\/uploads\/2024\/01\/spun-sugar-legging-empina-bumbum-spun-sugar-exclusiva-2024-01-16-01.jpg\" \/>\n\t<meta property=\"og:image:width\" content=\"2500\" \/>\n\t<meta property=\"og:image:height\" content=\"2500\" \/>\n\t<meta property=\"og:image:type\" content=\"image\/jpeg\" \/>\n<meta name=\"twitter:card\" content=\"summary_large_image\" \/>\n<script type=\"application\/ld+json\" class=\"yoast-schema-graph\">{\"@context\":\"https:\/\/schema.org\",\"@graph\":[{\"@type\":\"WebPage\",\"@id\":\"https:\/\/www.movingfitnesswear.com\/catalogo\/catalog\/legging-empina-bumbum-spun-sugar-exclusiva-2\/\",\"url\":\"https:\/\/www.movingfitnesswear.com\/catalogo\/catalog\/legging-empina-bumbum-spun-sugar-exclusiva-2\/\",\"name\":\"LEGGING EMPINA BUMBUM SPUN SUGAR EXCLUSIVA - Moving\",\"isPartOf\":{\"@id\":\"https:\/\/www.movingfitnesswear.com\/catalogo\/#website\"},\"primaryImageOfPage\":{\"@id\":\"https:\/\/www.movingfitnesswear.com\/catalogo\/catalog\/legging-empina-bumbum-spun-sugar-exclusiva-2\/#primaryimage\"},\"image\":{\"@id\":\"https:\/\/www.movingfitnesswear.com\/catalogo\/catalog\/legging-empina-bumbum-spun-sugar-exclusiva-2\/#primaryimage\"},\"thumbnailUrl\":\"https:\/\/www.movingfitnesswear.com\/catalogo\/wp-content\/uploads\/2024\/01\/spun-sugar-legging-empina-bumbum-spun-sugar-exclusiva-2024-01-16-01.jpg\",\"datePublished\":\"2024-01-18T00:00:00+00:00\",\"dateModified\":\"2025-01-22T01:18:47+00:00\",\"description\":\"Confira os \u00faltimos lan\u00e7amentos com o nosso Cat\u00e1logo. Conhec\u0327a a originalidade, identidade e exclusividade da MOVING!\",\"breadcrumb\":{\"@id\":\"https:\/\/www.movingfitnesswear.com\/catalogo\/catalog\/legging-empina-bumbum-spun-sugar-exclusiva-2\/#breadcrumb\"},\"inLanguage\":\"pt-BR\",\"potentialAction\":[{\"@type\":\"ReadAction\",\"target\":[\"https:\/\/www.movingfitnesswear.com\/catalogo\/catalog\/legging-empina-bumbum-spun-sugar-exclusiva-2\/\"]}]},{\"@type\":\"ImageObject\",\"inLanguage\":\"pt-BR\",\"@id\":\"https:\/\/www.movingfitnesswear.com\/catalogo\/catalog\/legging-empina-bumbum-spun-sugar-exclusiva-2\/#primaryimage\",\"url\":\"https:\/\/www.movingfitnesswear.com\/catalogo\/wp-content\/uploads\/2024\/01\/spun-sugar-legging-empina-bumbum-spun-sugar-exclusiva-2024-01-16-01.jpg\",\"contentUrl\":\"https:\/\/www.movingfitnesswear.com\/catalogo\/wp-content\/uploads\/2024\/01\/spun-sugar-legging-empina-bumbum-spun-sugar-exclusiva-2024-01-16-01.jpg\",\"width\":2500,\"height\":2500},{\"@type\":\"BreadcrumbList\",\"@id\":\"https:\/\/www.movingfitnesswear.com\/catalogo\/catalog\/legging-empina-bumbum-spun-sugar-exclusiva-2\/#breadcrumb\",\"itemListElement\":[{\"@type\":\"ListItem\",\"position\":1,\"name\":\"In\u00edcio\",\"item\":\"https:\/\/www.movingfitnesswear.com\/catalogo\/\"},{\"@type\":\"ListItem\",\"position\":2,\"name\":\"Cat\u00e1logo\",\"item\":\"https:\/\/www.movingfitnesswear.com\/catalogo\/catalog\/\"},{\"@type\":\"ListItem\",\"position\":3,\"name\":\"LEGGING EMPINA BUMBUM SPUN SUGAR EXCLUSIVA\"}]},{\"@type\":\"WebSite\",\"@id\":\"https:\/\/www.movingfitnesswear.com\/catalogo\/#website\",\"url\":\"https:\/\/www.movingfitnesswear.com\/catalogo\/\",\"name\":\"Moving\",\"description\":\"\",\"publisher\":{\"@id\":\"https:\/\/www.movingfitnesswear.com\/catalogo\/#organization\"},\"potentialAction\":[{\"@type\":\"SearchAction\",\"target\":{\"@type\":\"EntryPoint\",\"urlTemplate\":\"https:\/\/www.movingfitnesswear.com\/catalogo\/?s={search_term_string}\"},\"query-input\":{\"@type\":\"PropertyValueSpecification\",\"valueRequired\":true,\"valueName\":\"search_term_string\"}}],\"inLanguage\":\"pt-BR\"},{\"@type\":\"Organization\",\"@id\":\"https:\/\/www.movingfitnesswear.com\/catalogo\/#organization\",\"name\":\"Moving Fitness Wear\",\"url\":\"https:\/\/www.movingfitnesswear.com\/catalogo\/\",\"logo\":{\"@type\":\"ImageObject\",\"inLanguage\":\"pt-BR\",\"@id\":\"https:\/\/www.movingfitnesswear.com\/catalogo\/#\/schema\/logo\/image\/\",\"url\":\"https:\/\/www.movingfitnesswear.com\/wp-content\/uploads\/2021\/07\/logo.jpg\",\"contentUrl\":\"https:\/\/www.movingfitnesswear.com\/wp-content\/uploads\/2021\/07\/logo.jpg\",\"width\":650,\"height\":650,\"caption\":\"Moving Fitness Wear\"},\"image\":{\"@id\":\"https:\/\/www.movingfitnesswear.com\/catalogo\/#\/schema\/logo\/image\/\"}}]}<\/script>\n<!-- \/ Yoast SEO plugin. -->","yoast_head_json":{"title":"LEGGING EMPINA BUMBUM SPUN SUGAR EXCLUSIVA - Moving","description":"Confira os \u00faltimos lan\u00e7amentos com o nosso Cat\u00e1logo. Conhec\u0327a a originalidade, identidade e exclusividade da MOVING!","robots":{"index":"index","follow":"follow","max-snippet":"max-snippet:-1","max-image-preview":"max-image-preview:large","max-video-preview":"max-video-preview:-1"},"canonical":"https:\/\/www.movingfitnesswear.com\/catalogo\/catalog\/legging-empina-bumbum-spun-sugar-exclusiva-2\/","og_locale":"pt_BR","og_type":"article","og_title":"LEGGING EMPINA BUMBUM SPUN SUGAR EXCLUSIVA - Moving","og_description":"Confira os \u00faltimos lan\u00e7amentos com o nosso Cat\u00e1logo. Conhec\u0327a a originalidade, identidade e exclusividade da MOVING!","og_url":"https:\/\/www.movingfitnesswear.com\/catalogo\/catalog\/legging-empina-bumbum-spun-sugar-exclusiva-2\/","og_site_name":"Moving","article_modified_time":"2025-01-22T01:18:47+00:00","og_image":[{"width":2500,"height":2500,"url":"https:\/\/www.movingfitnesswear.com\/catalogo\/wp-content\/uploads\/2024\/01\/spun-sugar-legging-empina-bumbum-spun-sugar-exclusiva-2024-01-16-01.jpg","type":"image\/jpeg"}],"twitter_card":"summary_large_image","schema":{"@context":"https:\/\/schema.org","@graph":[{"@type":"WebPage","@id":"https:\/\/www.movingfitnesswear.com\/catalogo\/catalog\/legging-empina-bumbum-spun-sugar-exclusiva-2\/","url":"https:\/\/www.movingfitnesswear.com\/catalogo\/catalog\/legging-empina-bumbum-spun-sugar-exclusiva-2\/","name":"LEGGING EMPINA BUMBUM SPUN SUGAR EXCLUSIVA - Moving","isPartOf":{"@id":"https:\/\/www.movingfitnesswear.com\/catalogo\/#website"},"primaryImageOfPage":{"@id":"https:\/\/www.movingfitnesswear.com\/catalogo\/catalog\/legging-empina-bumbum-spun-sugar-exclusiva-2\/#primaryimage"},"image":{"@id":"https:\/\/www.movingfitnesswear.com\/catalogo\/catalog\/legging-empina-bumbum-spun-sugar-exclusiva-2\/#primaryimage"},"thumbnailUrl":"https:\/\/www.movingfitnesswear.com\/catalogo\/wp-content\/uploads\/2024\/01\/spun-sugar-legging-empina-bumbum-spun-sugar-exclusiva-2024-01-16-01.jpg","datePublished":"2024-01-18T00:00:00+00:00","dateModified":"2025-01-22T01:18:47+00:00","description":"Confira os \u00faltimos lan\u00e7amentos com o nosso Cat\u00e1logo. Conhec\u0327a a originalidade, identidade e exclusividade da MOVING!","breadcrumb":{"@id":"https:\/\/www.movingfitnesswear.com\/catalogo\/catalog\/legging-empina-bumbum-spun-sugar-exclusiva-2\/#breadcrumb"},"inLanguage":"pt-BR","potentialAction":[{"@type":"ReadAction","target":["https:\/\/www.movingfitnesswear.com\/catalogo\/catalog\/legging-empina-bumbum-spun-sugar-exclusiva-2\/"]}]},{"@type":"ImageObject","inLanguage":"pt-BR","@id":"https:\/\/www.movingfitnesswear.com\/catalogo\/catalog\/legging-empina-bumbum-spun-sugar-exclusiva-2\/#primaryimage","url":"https:\/\/www.movingfitnesswear.com\/catalogo\/wp-content\/uploads\/2024\/01\/spun-sugar-legging-empina-bumbum-spun-sugar-exclusiva-2024-01-16-01.jpg","contentUrl":"https:\/\/www.movingfitnesswear.com\/catalogo\/wp-content\/uploads\/2024\/01\/spun-sugar-legging-empina-bumbum-spun-sugar-exclusiva-2024-01-16-01.jpg","width":2500,"height":2500},{"@type":"BreadcrumbList","@id":"https:\/\/www.movingfitnesswear.com\/catalogo\/catalog\/legging-empina-bumbum-spun-sugar-exclusiva-2\/#breadcrumb","itemListElement":[{"@type":"ListItem","position":1,"name":"In\u00edcio","item":"https:\/\/www.movingfitnesswear.com\/catalogo\/"},{"@type":"ListItem","position":2,"name":"Cat\u00e1logo","item":"https:\/\/www.movingfitnesswear.com\/catalogo\/catalog\/"},{"@type":"ListItem","position":3,"name":"LEGGING EMPINA BUMBUM SPUN SUGAR EXCLUSIVA"}]},{"@type":"WebSite","@id":"https:\/\/www.movingfitnesswear.com\/catalogo\/#website","url":"https:\/\/www.movingfitnesswear.com\/catalogo\/","name":"Moving","description":"","publisher":{"@id":"https:\/\/www.movingfitnesswear.com\/catalogo\/#organization"},"potentialAction":[{"@type":"SearchAction","target":{"@type":"EntryPoint","urlTemplate":"https:\/\/www.movingfitnesswear.com\/catalogo\/?s={search_term_string}"},"query-input":{"@type":"PropertyValueSpecification","valueRequired":true,"valueName":"search_term_string"}}],"inLanguage":"pt-BR"},{"@type":"Organization","@id":"https:\/\/www.movingfitnesswear.com\/catalogo\/#organization","name":"Moving Fitness Wear","url":"https:\/\/www.movingfitnesswear.com\/catalogo\/","logo":{"@type":"ImageObject","inLanguage":"pt-BR","@id":"https:\/\/www.movingfitnesswear.com\/catalogo\/#\/schema\/logo\/image\/","url":"https:\/\/www.movingfitnesswear.com\/wp-content\/uploads\/2021\/07\/logo.jpg","contentUrl":"https:\/\/www.movingfitnesswear.com\/wp-content\/uploads\/2021\/07\/logo.jpg","width":650,"height":650,"caption":"Moving Fitness Wear"},"image":{"@id":"https:\/\/www.movingfitnesswear.com\/catalogo\/#\/schema\/logo\/image\/"}}]}},"uagb_featured_image_src":{"full":["https:\/\/www.movingfitnesswear.com\/catalogo\/wp-content\/uploads\/2024\/01\/spun-sugar-legging-empina-bumbum-spun-sugar-exclusiva-2024-01-16-01.jpg",2500,2500,false],"thumbnail":["https:\/\/www.movingfitnesswear.com\/catalogo\/wp-content\/uploads\/2024\/01\/spun-sugar-legging-empina-bumbum-spun-sugar-exclusiva-2024-01-16-01-150x150.jpg",150,150,true],"medium":["https:\/\/www.movingfitnesswear.com\/catalogo\/wp-content\/uploads\/2024\/01\/spun-sugar-legging-empina-bumbum-spun-sugar-exclusiva-2024-01-16-01-300x300.jpg",300,300,true],"medium_large":["https:\/\/www.movingfitnesswear.com\/catalogo\/wp-content\/uploads\/2024\/01\/spun-sugar-legging-empina-bumbum-spun-sugar-exclusiva-2024-01-16-01-768x768.jpg",768,768,true],"large":["https:\/\/www.movingfitnesswear.com\/catalogo\/wp-content\/uploads\/2024\/01\/spun-sugar-legging-empina-bumbum-spun-sugar-exclusiva-2024-01-16-01-1900x1900.jpg",1900,1900,true],"1536x1536":["https:\/\/www.movingfitnesswear.com\/catalogo\/wp-content\/uploads\/2024\/01\/spun-sugar-legging-empina-bumbum-spun-sugar-exclusiva-2024-01-16-01-1536x1536.jpg",1536,1536,true],"2048x2048":["https:\/\/www.movingfitnesswear.com\/catalogo\/wp-content\/uploads\/2024\/01\/spun-sugar-legging-empina-bumbum-spun-sugar-exclusiva-2024-01-16-01-2048x2048.jpg",2048,2048,true],"woocommerce_thumbnail":["https:\/\/www.movingfitnesswear.com\/catalogo\/wp-content\/uploads\/2024\/01\/spun-sugar-legging-empina-bumbum-spun-sugar-exclusiva-2024-01-16-01-375x375.jpg",375,375,true],"woocommerce_single":["https:\/\/www.movingfitnesswear.com\/catalogo\/wp-content\/uploads\/2024\/01\/spun-sugar-legging-empina-bumbum-spun-sugar-exclusiva-2024-01-16-01-600x600.jpg",600,600,true],"woocommerce_gallery_thumbnail":["https:\/\/www.movingfitnesswear.com\/catalogo\/wp-content\/uploads\/2024\/01\/spun-sugar-legging-empina-bumbum-spun-sugar-exclusiva-2024-01-16-01-100x100.jpg",100,100,true],"dgwt-wcas-product-suggestion":["https:\/\/www.movingfitnesswear.com\/catalogo\/wp-content\/uploads\/2024\/01\/spun-sugar-legging-empina-bumbum-spun-sugar-exclusiva-2024-01-16-01-64x64.jpg",64,64,true]},"uagb_author_info":{"display_name":"Kelwin Pereira Mello","author_link":"https:\/\/www.movingfitnesswear.com\/catalogo\/author\/"},"uagb_comment_info":0,"uagb_excerpt":"Amamos romantizar hist\u00f3rias e buscar inspira\u00e7\u00e3o. Nossa cole\u00e7\u00e3o \u00e9 semelhante a uma iguaria em seu processo de carameliza\u00e7\u00e3o. Ela surgiu na \u00cdndia no s\u00e9culo 5, onde se desenvolveu a t\u00e9cnica de solidificar o caldo extra\u00eddo da cana-de-a\u00e7\u00facar e transform\u00e1-lo em cristais granulados. A t\u00e9cnica chegou \u00e0 Europa, tornando-se um artigo de luxo destinado aos nobres&hellip;","_links":{"self":[{"href":"https:\/\/www.movingfitnesswear.com\/catalogo\/wp-json\/wp\/v2\/product\/42590","targetHints":{"allow":["GET"]}}],"collection":[{"href":"https:\/\/www.movingfitnesswear.com\/catalogo\/wp-json\/wp\/v2\/product"}],"about":[{"href":"https:\/\/www.movingfitnesswear.com\/catalogo\/wp-json\/wp\/v2\/types\/product"}],"wp:featuredmedia":[{"embeddable":true,"href":"https:\/\/www.movingfitnesswear.com\/catalogo\/wp-json\/wp\/v2\/media\/42499"}],"wp:attachment":[{"href":"https:\/\/www.movingfitnesswear.com\/catalogo\/wp-json\/wp\/v2\/media?parent=42590"}],"wp:term":[{"taxonomy":"product_brand","embeddable":true,"href":"https:\/\/www.movingfitnesswear.com\/catalogo\/wp-json\/wp\/v2\/product_brand?post=42590"},{"taxonomy":"product_cat","embeddable":true,"href":"https:\/\/www.movingfitnesswear.com\/catalogo\/wp-json\/wp\/v2\/product_cat?post=42590"},{"taxonomy":"product_tag","embeddable":true,"href":"https:\/\/www.movingfitnesswear.com\/catalogo\/wp-json\/wp\/v2\/product_tag?post=42590"}],"curies":[{"name":"wp","href":"https:\/\/api.w.org\/{rel}","templated":true}]}}