{"id":38231,"date":"2025-02-23T00:00:00","date_gmt":"2025-02-23T00:00:00","guid":{"rendered":"https:\/\/www.movingfitnesswear.com\/catalogo\/?post_type=product&#038;p=38231"},"modified":"2025-04-22T15:55:57","modified_gmt":"2025-04-22T18:55:57","slug":"legging-linear-mescla-com-rosa-neon","status":"publish","type":"product","link":"https:\/\/www.movingfitnesswear.com\/catalogo\/catalog\/legging-linear-mescla-com-rosa-neon\/","title":{"rendered":"LEGGING LINEAR EMPINA BUMBUM MESCLA COM CADAR\u00c7O ROSA NEON"},"content":{"rendered":"","protected":false},"excerpt":{"rendered":"<p>O pretinho b\u00e1sico foi substitu\u00eddo por todos os tons do cinza. Por ser uma cor neutra, tamb\u00e9m pode ser combinada com quase tudo.<\/p>\n<p>Encontramos tons de cinza no asfalto, nos pr\u00e9dios, no concreto e em toda parte nas grandes cidades. Por isso, o cinza mescla \u00e9 t\u00e3o presente tamb\u00e9m na moda urbana.<\/p>\n<p>O super descolado street wear, na cor que est\u00e1 super em alta e que combina com tudo!<\/p>\n<p>A Legging Linear Empina Bumbum \u00e9 um tributo ao design inovador. O detalhe com vivo que percorre a perna traz mais curvas e defini\u00e7\u00e3o \u00e0 silhueta. O c\u00f3s em V na frente alonga a cintura, enquanto a costura empina bumbum acentua o contorno do quadril, proporcionando um ajuste que valoriza seu corpo de maneira elegante e moderna.<\/p>\n<p>Composi\u00e7\u00e3o:<br \/>\n84% POLIAMIDA<br \/>\n16% ELASTANO<\/p>\n","protected":false},"featured_media":38093,"template":"","meta":{"_uag_custom_page_level_css":""},"product_brand":[],"product_cat":[122],"product_tag":[169],"class_list":{"0":"post-38231","1":"product","2":"type-product","3":"status-publish","4":"has-post-thumbnail","6":"product_cat-legging_scrunch_butt_basic","7":"product_tag-liso-mescla","8":"https:\/\/www.youtube.com\/shorts\/L5KAO9wkBZw","9":"sales-flash-overlay","10":"woocommerce-text-align-center","11":"woocommerce-image-align-center","12":"do-quantity-buttons","13":"wc-has-gallery","14":"xt_wooqv-pos-before","16":"first","17":"instock","18":"sale","19":"shipping-taxable","20":"purchasable","21":"product-type-simple"},"yoast_head":"<!-- This site is optimized with the Yoast SEO plugin v26.5 - https:\/\/yoast.com\/wordpress\/plugins\/seo\/ -->\n<title>LEGGING LINEAR EMPINA BUMBUM MESCLA COM CADAR\u00c7O ROSA NEON - Moving<\/title>\n<meta name=\"description\" content=\"Confira os \u00faltimos lan\u00e7amentos com o nosso Cat\u00e1logo. Conhec\u0327a a originalidade, identidade e exclusividade da MOVING!\" \/>\n<meta name=\"robots\" content=\"index, follow, max-snippet:-1, max-image-preview:large, max-video-preview:-1\" \/>\n<link rel=\"canonical\" href=\"https:\/\/www.movingfitnesswear.com\/catalogo\/catalog\/legging-linear-mescla-com-rosa-neon\/\" \/>\n<meta property=\"og:locale\" content=\"pt_BR\" \/>\n<meta property=\"og:type\" content=\"article\" \/>\n<meta property=\"og:title\" content=\"LEGGING LINEAR EMPINA BUMBUM MESCLA COM CADAR\u00c7O ROSA NEON - Moving\" \/>\n<meta property=\"og:description\" content=\"Confira os \u00faltimos lan\u00e7amentos com o nosso Cat\u00e1logo. Conhec\u0327a a originalidade, identidade e exclusividade da MOVING!\" \/>\n<meta property=\"og:url\" content=\"https:\/\/www.movingfitnesswear.com\/catalogo\/catalog\/legging-linear-mescla-com-rosa-neon\/\" \/>\n<meta property=\"og:site_name\" content=\"Moving\" \/>\n<meta property=\"article:modified_time\" content=\"2025-04-22T18:55:57+00:00\" \/>\n<meta property=\"og:image\" content=\"https:\/\/www.movingfitnesswear.com\/catalogo\/wp-content\/uploads\/2023\/09\/mescla-legging-linear-mescla-com-rosa-neon-2023-09-05-01.jpg\" \/>\n\t<meta property=\"og:image:width\" content=\"2500\" \/>\n\t<meta property=\"og:image:height\" content=\"2500\" \/>\n\t<meta property=\"og:image:type\" content=\"image\/jpeg\" \/>\n<meta name=\"twitter:card\" content=\"summary_large_image\" \/>\n<script type=\"application\/ld+json\" class=\"yoast-schema-graph\">{\"@context\":\"https:\/\/schema.org\",\"@graph\":[{\"@type\":\"WebPage\",\"@id\":\"https:\/\/www.movingfitnesswear.com\/catalogo\/catalog\/legging-linear-mescla-com-rosa-neon\/\",\"url\":\"https:\/\/www.movingfitnesswear.com\/catalogo\/catalog\/legging-linear-mescla-com-rosa-neon\/\",\"name\":\"LEGGING LINEAR EMPINA BUMBUM MESCLA COM CADAR\u00c7O ROSA NEON - Moving\",\"isPartOf\":{\"@id\":\"https:\/\/www.movingfitnesswear.com\/catalogo\/#website\"},\"primaryImageOfPage\":{\"@id\":\"https:\/\/www.movingfitnesswear.com\/catalogo\/catalog\/legging-linear-mescla-com-rosa-neon\/#primaryimage\"},\"image\":{\"@id\":\"https:\/\/www.movingfitnesswear.com\/catalogo\/catalog\/legging-linear-mescla-com-rosa-neon\/#primaryimage\"},\"thumbnailUrl\":\"https:\/\/www.movingfitnesswear.com\/catalogo\/wp-content\/uploads\/2023\/09\/mescla-legging-linear-mescla-com-rosa-neon-2023-09-05-01.jpg\",\"datePublished\":\"2025-02-23T00:00:00+00:00\",\"dateModified\":\"2025-04-22T18:55:57+00:00\",\"description\":\"Confira os \u00faltimos lan\u00e7amentos com o nosso Cat\u00e1logo. Conhec\u0327a a originalidade, identidade e exclusividade da MOVING!\",\"breadcrumb\":{\"@id\":\"https:\/\/www.movingfitnesswear.com\/catalogo\/catalog\/legging-linear-mescla-com-rosa-neon\/#breadcrumb\"},\"inLanguage\":\"pt-BR\",\"potentialAction\":[{\"@type\":\"ReadAction\",\"target\":[\"https:\/\/www.movingfitnesswear.com\/catalogo\/catalog\/legging-linear-mescla-com-rosa-neon\/\"]}]},{\"@type\":\"ImageObject\",\"inLanguage\":\"pt-BR\",\"@id\":\"https:\/\/www.movingfitnesswear.com\/catalogo\/catalog\/legging-linear-mescla-com-rosa-neon\/#primaryimage\",\"url\":\"https:\/\/www.movingfitnesswear.com\/catalogo\/wp-content\/uploads\/2023\/09\/mescla-legging-linear-mescla-com-rosa-neon-2023-09-05-01.jpg\",\"contentUrl\":\"https:\/\/www.movingfitnesswear.com\/catalogo\/wp-content\/uploads\/2023\/09\/mescla-legging-linear-mescla-com-rosa-neon-2023-09-05-01.jpg\",\"width\":2500,\"height\":2500},{\"@type\":\"BreadcrumbList\",\"@id\":\"https:\/\/www.movingfitnesswear.com\/catalogo\/catalog\/legging-linear-mescla-com-rosa-neon\/#breadcrumb\",\"itemListElement\":[{\"@type\":\"ListItem\",\"position\":1,\"name\":\"In\u00edcio\",\"item\":\"https:\/\/www.movingfitnesswear.com\/catalogo\/\"},{\"@type\":\"ListItem\",\"position\":2,\"name\":\"Cat\u00e1logo\",\"item\":\"https:\/\/www.movingfitnesswear.com\/catalogo\/catalog\/\"},{\"@type\":\"ListItem\",\"position\":3,\"name\":\"LEGGING LINEAR EMPINA BUMBUM MESCLA COM CADAR\u00c7O ROSA NEON\"}]},{\"@type\":\"WebSite\",\"@id\":\"https:\/\/www.movingfitnesswear.com\/catalogo\/#website\",\"url\":\"https:\/\/www.movingfitnesswear.com\/catalogo\/\",\"name\":\"Moving\",\"description\":\"\",\"publisher\":{\"@id\":\"https:\/\/www.movingfitnesswear.com\/catalogo\/#organization\"},\"potentialAction\":[{\"@type\":\"SearchAction\",\"target\":{\"@type\":\"EntryPoint\",\"urlTemplate\":\"https:\/\/www.movingfitnesswear.com\/catalogo\/?s={search_term_string}\"},\"query-input\":{\"@type\":\"PropertyValueSpecification\",\"valueRequired\":true,\"valueName\":\"search_term_string\"}}],\"inLanguage\":\"pt-BR\"},{\"@type\":\"Organization\",\"@id\":\"https:\/\/www.movingfitnesswear.com\/catalogo\/#organization\",\"name\":\"Moving Fitness Wear\",\"url\":\"https:\/\/www.movingfitnesswear.com\/catalogo\/\",\"logo\":{\"@type\":\"ImageObject\",\"inLanguage\":\"pt-BR\",\"@id\":\"https:\/\/www.movingfitnesswear.com\/catalogo\/#\/schema\/logo\/image\/\",\"url\":\"https:\/\/www.movingfitnesswear.com\/wp-content\/uploads\/2021\/07\/logo.jpg\",\"contentUrl\":\"https:\/\/www.movingfitnesswear.com\/wp-content\/uploads\/2021\/07\/logo.jpg\",\"width\":650,\"height\":650,\"caption\":\"Moving Fitness Wear\"},\"image\":{\"@id\":\"https:\/\/www.movingfitnesswear.com\/catalogo\/#\/schema\/logo\/image\/\"}}]}<\/script>\n<!-- \/ Yoast SEO plugin. -->","yoast_head_json":{"title":"LEGGING LINEAR EMPINA BUMBUM MESCLA COM CADAR\u00c7O ROSA NEON - Moving","description":"Confira os \u00faltimos lan\u00e7amentos com o nosso Cat\u00e1logo. Conhec\u0327a a originalidade, identidade e exclusividade da MOVING!","robots":{"index":"index","follow":"follow","max-snippet":"max-snippet:-1","max-image-preview":"max-image-preview:large","max-video-preview":"max-video-preview:-1"},"canonical":"https:\/\/www.movingfitnesswear.com\/catalogo\/catalog\/legging-linear-mescla-com-rosa-neon\/","og_locale":"pt_BR","og_type":"article","og_title":"LEGGING LINEAR EMPINA BUMBUM MESCLA COM CADAR\u00c7O ROSA NEON - Moving","og_description":"Confira os \u00faltimos lan\u00e7amentos com o nosso Cat\u00e1logo. Conhec\u0327a a originalidade, identidade e exclusividade da MOVING!","og_url":"https:\/\/www.movingfitnesswear.com\/catalogo\/catalog\/legging-linear-mescla-com-rosa-neon\/","og_site_name":"Moving","article_modified_time":"2025-04-22T18:55:57+00:00","og_image":[{"width":2500,"height":2500,"url":"https:\/\/www.movingfitnesswear.com\/catalogo\/wp-content\/uploads\/2023\/09\/mescla-legging-linear-mescla-com-rosa-neon-2023-09-05-01.jpg","type":"image\/jpeg"}],"twitter_card":"summary_large_image","schema":{"@context":"https:\/\/schema.org","@graph":[{"@type":"WebPage","@id":"https:\/\/www.movingfitnesswear.com\/catalogo\/catalog\/legging-linear-mescla-com-rosa-neon\/","url":"https:\/\/www.movingfitnesswear.com\/catalogo\/catalog\/legging-linear-mescla-com-rosa-neon\/","name":"LEGGING LINEAR EMPINA BUMBUM MESCLA COM CADAR\u00c7O ROSA NEON - Moving","isPartOf":{"@id":"https:\/\/www.movingfitnesswear.com\/catalogo\/#website"},"primaryImageOfPage":{"@id":"https:\/\/www.movingfitnesswear.com\/catalogo\/catalog\/legging-linear-mescla-com-rosa-neon\/#primaryimage"},"image":{"@id":"https:\/\/www.movingfitnesswear.com\/catalogo\/catalog\/legging-linear-mescla-com-rosa-neon\/#primaryimage"},"thumbnailUrl":"https:\/\/www.movingfitnesswear.com\/catalogo\/wp-content\/uploads\/2023\/09\/mescla-legging-linear-mescla-com-rosa-neon-2023-09-05-01.jpg","datePublished":"2025-02-23T00:00:00+00:00","dateModified":"2025-04-22T18:55:57+00:00","description":"Confira os \u00faltimos lan\u00e7amentos com o nosso Cat\u00e1logo. Conhec\u0327a a originalidade, identidade e exclusividade da MOVING!","breadcrumb":{"@id":"https:\/\/www.movingfitnesswear.com\/catalogo\/catalog\/legging-linear-mescla-com-rosa-neon\/#breadcrumb"},"inLanguage":"pt-BR","potentialAction":[{"@type":"ReadAction","target":["https:\/\/www.movingfitnesswear.com\/catalogo\/catalog\/legging-linear-mescla-com-rosa-neon\/"]}]},{"@type":"ImageObject","inLanguage":"pt-BR","@id":"https:\/\/www.movingfitnesswear.com\/catalogo\/catalog\/legging-linear-mescla-com-rosa-neon\/#primaryimage","url":"https:\/\/www.movingfitnesswear.com\/catalogo\/wp-content\/uploads\/2023\/09\/mescla-legging-linear-mescla-com-rosa-neon-2023-09-05-01.jpg","contentUrl":"https:\/\/www.movingfitnesswear.com\/catalogo\/wp-content\/uploads\/2023\/09\/mescla-legging-linear-mescla-com-rosa-neon-2023-09-05-01.jpg","width":2500,"height":2500},{"@type":"BreadcrumbList","@id":"https:\/\/www.movingfitnesswear.com\/catalogo\/catalog\/legging-linear-mescla-com-rosa-neon\/#breadcrumb","itemListElement":[{"@type":"ListItem","position":1,"name":"In\u00edcio","item":"https:\/\/www.movingfitnesswear.com\/catalogo\/"},{"@type":"ListItem","position":2,"name":"Cat\u00e1logo","item":"https:\/\/www.movingfitnesswear.com\/catalogo\/catalog\/"},{"@type":"ListItem","position":3,"name":"LEGGING LINEAR EMPINA BUMBUM MESCLA COM CADAR\u00c7O ROSA NEON"}]},{"@type":"WebSite","@id":"https:\/\/www.movingfitnesswear.com\/catalogo\/#website","url":"https:\/\/www.movingfitnesswear.com\/catalogo\/","name":"Moving","description":"","publisher":{"@id":"https:\/\/www.movingfitnesswear.com\/catalogo\/#organization"},"potentialAction":[{"@type":"SearchAction","target":{"@type":"EntryPoint","urlTemplate":"https:\/\/www.movingfitnesswear.com\/catalogo\/?s={search_term_string}"},"query-input":{"@type":"PropertyValueSpecification","valueRequired":true,"valueName":"search_term_string"}}],"inLanguage":"pt-BR"},{"@type":"Organization","@id":"https:\/\/www.movingfitnesswear.com\/catalogo\/#organization","name":"Moving Fitness Wear","url":"https:\/\/www.movingfitnesswear.com\/catalogo\/","logo":{"@type":"ImageObject","inLanguage":"pt-BR","@id":"https:\/\/www.movingfitnesswear.com\/catalogo\/#\/schema\/logo\/image\/","url":"https:\/\/www.movingfitnesswear.com\/wp-content\/uploads\/2021\/07\/logo.jpg","contentUrl":"https:\/\/www.movingfitnesswear.com\/wp-content\/uploads\/2021\/07\/logo.jpg","width":650,"height":650,"caption":"Moving Fitness Wear"},"image":{"@id":"https:\/\/www.movingfitnesswear.com\/catalogo\/#\/schema\/logo\/image\/"}}]}},"uagb_featured_image_src":{"full":["https:\/\/www.movingfitnesswear.com\/catalogo\/wp-content\/uploads\/2023\/09\/mescla-legging-linear-mescla-com-rosa-neon-2023-09-05-01.jpg",2500,2500,false],"thumbnail":["https:\/\/www.movingfitnesswear.com\/catalogo\/wp-content\/uploads\/2023\/09\/mescla-legging-linear-mescla-com-rosa-neon-2023-09-05-01-150x150.jpg",150,150,true],"medium":["https:\/\/www.movingfitnesswear.com\/catalogo\/wp-content\/uploads\/2023\/09\/mescla-legging-linear-mescla-com-rosa-neon-2023-09-05-01-300x300.jpg",300,300,true],"medium_large":["https:\/\/www.movingfitnesswear.com\/catalogo\/wp-content\/uploads\/2023\/09\/mescla-legging-linear-mescla-com-rosa-neon-2023-09-05-01-768x768.jpg",768,768,true],"large":["https:\/\/www.movingfitnesswear.com\/catalogo\/wp-content\/uploads\/2023\/09\/mescla-legging-linear-mescla-com-rosa-neon-2023-09-05-01-1900x1900.jpg",1900,1900,true],"1536x1536":["https:\/\/www.movingfitnesswear.com\/catalogo\/wp-content\/uploads\/2023\/09\/mescla-legging-linear-mescla-com-rosa-neon-2023-09-05-01-1536x1536.jpg",1536,1536,true],"2048x2048":["https:\/\/www.movingfitnesswear.com\/catalogo\/wp-content\/uploads\/2023\/09\/mescla-legging-linear-mescla-com-rosa-neon-2023-09-05-01-2048x2048.jpg",2048,2048,true],"woocommerce_thumbnail":["https:\/\/www.movingfitnesswear.com\/catalogo\/wp-content\/uploads\/2023\/09\/mescla-legging-linear-mescla-com-rosa-neon-2023-09-05-01-375x375.jpg",375,375,true],"woocommerce_single":["https:\/\/www.movingfitnesswear.com\/catalogo\/wp-content\/uploads\/2023\/09\/mescla-legging-linear-mescla-com-rosa-neon-2023-09-05-01-600x600.jpg",600,600,true],"woocommerce_gallery_thumbnail":["https:\/\/www.movingfitnesswear.com\/catalogo\/wp-content\/uploads\/2023\/09\/mescla-legging-linear-mescla-com-rosa-neon-2023-09-05-01-100x100.jpg",100,100,true],"dgwt-wcas-product-suggestion":["https:\/\/www.movingfitnesswear.com\/catalogo\/wp-content\/uploads\/2023\/09\/mescla-legging-linear-mescla-com-rosa-neon-2023-09-05-01-64x64.jpg",64,64,true]},"uagb_author_info":{"display_name":"Kelwin Pereira Mello","author_link":"https:\/\/www.movingfitnesswear.com\/catalogo\/author\/"},"uagb_comment_info":0,"uagb_excerpt":"O pretinho b\u00e1sico foi substitu\u00eddo por todos os tons do cinza. Por ser uma cor neutra, tamb\u00e9m pode ser combinada com quase tudo. Encontramos tons de cinza no asfalto, nos pr\u00e9dios, no concreto e em toda parte nas grandes cidades. Por isso, o cinza mescla \u00e9 t\u00e3o presente tamb\u00e9m na moda urbana. O super descolado&hellip;","_links":{"self":[{"href":"https:\/\/www.movingfitnesswear.com\/catalogo\/wp-json\/wp\/v2\/product\/38231","targetHints":{"allow":["GET"]}}],"collection":[{"href":"https:\/\/www.movingfitnesswear.com\/catalogo\/wp-json\/wp\/v2\/product"}],"about":[{"href":"https:\/\/www.movingfitnesswear.com\/catalogo\/wp-json\/wp\/v2\/types\/product"}],"wp:featuredmedia":[{"embeddable":true,"href":"https:\/\/www.movingfitnesswear.com\/catalogo\/wp-json\/wp\/v2\/media\/38093"}],"wp:attachment":[{"href":"https:\/\/www.movingfitnesswear.com\/catalogo\/wp-json\/wp\/v2\/media?parent=38231"}],"wp:term":[{"taxonomy":"product_brand","embeddable":true,"href":"https:\/\/www.movingfitnesswear.com\/catalogo\/wp-json\/wp\/v2\/product_brand?post=38231"},{"taxonomy":"product_cat","embeddable":true,"href":"https:\/\/www.movingfitnesswear.com\/catalogo\/wp-json\/wp\/v2\/product_cat?post=38231"},{"taxonomy":"product_tag","embeddable":true,"href":"https:\/\/www.movingfitnesswear.com\/catalogo\/wp-json\/wp\/v2\/product_tag?post=38231"}],"curies":[{"name":"wp","href":"https:\/\/api.w.org\/{rel}","templated":true}]}}