{"id":6,"date":"2018-12-06T14:10:35","date_gmt":"2018-12-06T16:10:35","guid":{"rendered":"https:\/\/www.movingfitnesswear.com\/carrinho\/"},"modified":"2019-02-11T11:49:41","modified_gmt":"2019-02-11T13:49:41","slug":"cart","status":"publish","type":"page","link":"https:\/\/www.movingfitnesswear.com\/catalogo\/cart\/","title":{"rendered":"Carrinho"},"content":{"rendered":"\n","protected":false},"excerpt":{"rendered":"","protected":false},"author":1,"featured_media":0,"parent":0,"menu_order":0,"comment_status":"closed","ping_status":"closed","template":"","meta":{"_uag_custom_page_level_css":"","footnotes":""},"class_list":["post-6","page","type-page","status-publish",""],"yoast_head":"<!-- This site is optimized with the Yoast SEO plugin v26.5 - https:\/\/yoast.com\/wordpress\/plugins\/seo\/ -->\n<title>Carrinho - Moving<\/title>\n<meta name=\"description\" content=\"Confira os \u00faltimos lan\u00e7amentos com o nosso Cat\u00e1logo. Conhec\u0327a a originalidade, identidade e exclusividade da MOVING!\" \/>\n<meta name=\"robots\" content=\"index, follow, max-snippet:-1, max-image-preview:large, max-video-preview:-1\" \/>\n<link rel=\"canonical\" href=\"https:\/\/www.movingfitnesswear.com\/catalogo\/cart\/\" \/>\n<meta property=\"og:locale\" content=\"pt_BR\" \/>\n<meta property=\"og:type\" content=\"article\" \/>\n<meta property=\"og:title\" content=\"Carrinho - Moving\" \/>\n<meta property=\"og:description\" content=\"Confira os \u00faltimos lan\u00e7amentos com o nosso Cat\u00e1logo. Conhec\u0327a a originalidade, identidade e exclusividade da MOVING!\" \/>\n<meta property=\"og:url\" content=\"https:\/\/www.movingfitnesswear.com\/catalogo\/cart\/\" \/>\n<meta property=\"og:site_name\" content=\"Moving\" \/>\n<meta property=\"article:modified_time\" content=\"2019-02-11T13:49:41+00:00\" \/>\n<meta name=\"twitter:card\" content=\"summary_large_image\" \/>\n<script type=\"application\/ld+json\" class=\"yoast-schema-graph\">{\"@context\":\"https:\/\/schema.org\",\"@graph\":[{\"@type\":\"WebPage\",\"@id\":\"https:\/\/www.movingfitnesswear.com\/catalogo\/cart\/\",\"url\":\"https:\/\/www.movingfitnesswear.com\/catalogo\/cart\/\",\"name\":\"Carrinho - Moving\",\"isPartOf\":{\"@id\":\"https:\/\/www.movingfitnesswear.com\/catalogo\/#website\"},\"datePublished\":\"2018-12-06T16:10:35+00:00\",\"dateModified\":\"2019-02-11T13:49:41+00:00\",\"description\":\"Confira os \u00faltimos lan\u00e7amentos com o nosso Cat\u00e1logo. Conhec\u0327a a originalidade, identidade e exclusividade da MOVING!\",\"breadcrumb\":{\"@id\":\"https:\/\/www.movingfitnesswear.com\/catalogo\/cart\/#breadcrumb\"},\"inLanguage\":\"pt-BR\",\"potentialAction\":[{\"@type\":\"ReadAction\",\"target\":[\"https:\/\/www.movingfitnesswear.com\/catalogo\/cart\/\"]}]},{\"@type\":\"BreadcrumbList\",\"@id\":\"https:\/\/www.movingfitnesswear.com\/catalogo\/cart\/#breadcrumb\",\"itemListElement\":[{\"@type\":\"ListItem\",\"position\":1,\"name\":\"In\u00edcio\",\"item\":\"https:\/\/www.movingfitnesswear.com\/catalogo\/\"},{\"@type\":\"ListItem\",\"position\":2,\"name\":\"Carrinho\"}]},{\"@type\":\"WebSite\",\"@id\":\"https:\/\/www.movingfitnesswear.com\/catalogo\/#website\",\"url\":\"https:\/\/www.movingfitnesswear.com\/catalogo\/\",\"name\":\"Moving\",\"description\":\"\",\"publisher\":{\"@id\":\"https:\/\/www.movingfitnesswear.com\/catalogo\/#organization\"},\"potentialAction\":[{\"@type\":\"SearchAction\",\"target\":{\"@type\":\"EntryPoint\",\"urlTemplate\":\"https:\/\/www.movingfitnesswear.com\/catalogo\/?s={search_term_string}\"},\"query-input\":{\"@type\":\"PropertyValueSpecification\",\"valueRequired\":true,\"valueName\":\"search_term_string\"}}],\"inLanguage\":\"pt-BR\"},{\"@type\":\"Organization\",\"@id\":\"https:\/\/www.movingfitnesswear.com\/catalogo\/#organization\",\"name\":\"Moving Fitness Wear\",\"url\":\"https:\/\/www.movingfitnesswear.com\/catalogo\/\",\"logo\":{\"@type\":\"ImageObject\",\"inLanguage\":\"pt-BR\",\"@id\":\"https:\/\/www.movingfitnesswear.com\/catalogo\/#\/schema\/logo\/image\/\",\"url\":\"https:\/\/www.movingfitnesswear.com\/wp-content\/uploads\/2021\/07\/logo.jpg\",\"contentUrl\":\"https:\/\/www.movingfitnesswear.com\/wp-content\/uploads\/2021\/07\/logo.jpg\",\"width\":650,\"height\":650,\"caption\":\"Moving Fitness Wear\"},\"image\":{\"@id\":\"https:\/\/www.movingfitnesswear.com\/catalogo\/#\/schema\/logo\/image\/\"}}]}<\/script>\n<!-- \/ Yoast SEO plugin. -->","yoast_head_json":{"title":"Carrinho - Moving","description":"Confira os \u00faltimos lan\u00e7amentos com o nosso Cat\u00e1logo. Conhec\u0327a a originalidade, identidade e exclusividade da MOVING!","robots":{"index":"index","follow":"follow","max-snippet":"max-snippet:-1","max-image-preview":"max-image-preview:large","max-video-preview":"max-video-preview:-1"},"canonical":"https:\/\/www.movingfitnesswear.com\/catalogo\/cart\/","og_locale":"pt_BR","og_type":"article","og_title":"Carrinho - Moving","og_description":"Confira os \u00faltimos lan\u00e7amentos com o nosso Cat\u00e1logo. Conhec\u0327a a originalidade, identidade e exclusividade da MOVING!","og_url":"https:\/\/www.movingfitnesswear.com\/catalogo\/cart\/","og_site_name":"Moving","article_modified_time":"2019-02-11T13:49:41+00:00","twitter_card":"summary_large_image","schema":{"@context":"https:\/\/schema.org","@graph":[{"@type":"WebPage","@id":"https:\/\/www.movingfitnesswear.com\/catalogo\/cart\/","url":"https:\/\/www.movingfitnesswear.com\/catalogo\/cart\/","name":"Carrinho - Moving","isPartOf":{"@id":"https:\/\/www.movingfitnesswear.com\/catalogo\/#website"},"datePublished":"2018-12-06T16:10:35+00:00","dateModified":"2019-02-11T13:49:41+00:00","description":"Confira os \u00faltimos lan\u00e7amentos com o nosso Cat\u00e1logo. Conhec\u0327a a originalidade, identidade e exclusividade da MOVING!","breadcrumb":{"@id":"https:\/\/www.movingfitnesswear.com\/catalogo\/cart\/#breadcrumb"},"inLanguage":"pt-BR","potentialAction":[{"@type":"ReadAction","target":["https:\/\/www.movingfitnesswear.com\/catalogo\/cart\/"]}]},{"@type":"BreadcrumbList","@id":"https:\/\/www.movingfitnesswear.com\/catalogo\/cart\/#breadcrumb","itemListElement":[{"@type":"ListItem","position":1,"name":"In\u00edcio","item":"https:\/\/www.movingfitnesswear.com\/catalogo\/"},{"@type":"ListItem","position":2,"name":"Carrinho"}]},{"@type":"WebSite","@id":"https:\/\/www.movingfitnesswear.com\/catalogo\/#website","url":"https:\/\/www.movingfitnesswear.com\/catalogo\/","name":"Moving","description":"","publisher":{"@id":"https:\/\/www.movingfitnesswear.com\/catalogo\/#organization"},"potentialAction":[{"@type":"SearchAction","target":{"@type":"EntryPoint","urlTemplate":"https:\/\/www.movingfitnesswear.com\/catalogo\/?s={search_term_string}"},"query-input":{"@type":"PropertyValueSpecification","valueRequired":true,"valueName":"search_term_string"}}],"inLanguage":"pt-BR"},{"@type":"Organization","@id":"https:\/\/www.movingfitnesswear.com\/catalogo\/#organization","name":"Moving Fitness Wear","url":"https:\/\/www.movingfitnesswear.com\/catalogo\/","logo":{"@type":"ImageObject","inLanguage":"pt-BR","@id":"https:\/\/www.movingfitnesswear.com\/catalogo\/#\/schema\/logo\/image\/","url":"https:\/\/www.movingfitnesswear.com\/wp-content\/uploads\/2021\/07\/logo.jpg","contentUrl":"https:\/\/www.movingfitnesswear.com\/wp-content\/uploads\/2021\/07\/logo.jpg","width":650,"height":650,"caption":"Moving Fitness Wear"},"image":{"@id":"https:\/\/www.movingfitnesswear.com\/catalogo\/#\/schema\/logo\/image\/"}}]}},"uagb_featured_image_src":{"full":false,"thumbnail":false,"medium":false,"medium_large":false,"large":false,"1536x1536":false,"2048x2048":false,"woocommerce_thumbnail":false,"woocommerce_single":false,"woocommerce_gallery_thumbnail":false,"dgwt-wcas-product-suggestion":false},"uagb_author_info":{"display_name":"Kelwin Pereira Mello","author_link":"https:\/\/www.movingfitnesswear.com\/catalogo\/author\/kelwin-mellohotmail-com\/"},"uagb_comment_info":0,"uagb_excerpt":null,"_links":{"self":[{"href":"https:\/\/www.movingfitnesswear.com\/catalogo\/wp-json\/wp\/v2\/pages\/6","targetHints":{"allow":["GET"]}}],"collection":[{"href":"https:\/\/www.movingfitnesswear.com\/catalogo\/wp-json\/wp\/v2\/pages"}],"about":[{"href":"https:\/\/www.movingfitnesswear.com\/catalogo\/wp-json\/wp\/v2\/types\/page"}],"author":[{"embeddable":true,"href":"https:\/\/www.movingfitnesswear.com\/catalogo\/wp-json\/wp\/v2\/users\/1"}],"replies":[{"embeddable":true,"href":"https:\/\/www.movingfitnesswear.com\/catalogo\/wp-json\/wp\/v2\/comments?post=6"}],"version-history":[{"count":0,"href":"https:\/\/www.movingfitnesswear.com\/catalogo\/wp-json\/wp\/v2\/pages\/6\/revisions"}],"wp:attachment":[{"href":"https:\/\/www.movingfitnesswear.com\/catalogo\/wp-json\/wp\/v2\/media?parent=6"}],"curies":[{"name":"wp","href":"https:\/\/api.w.org\/{rel}","templated":true}]}}